{"id":3385,"date":"2023-03-20T07:30:13","date_gmt":"2023-03-20T07:30:13","guid":{"rendered":"http:\/\/site2.easyceotech.com\/?post_type=product&#038;p=3385"},"modified":"2024-03-12T07:56:42","modified_gmt":"2024-03-12T07:56:42","slug":"arabic-gum","status":"publish","type":"product","link":"https:\/\/wpachem.com\/tr\/urun\/arabic-gum\/","title":{"rendered":"Arap Zamk\u0131"},"content":{"rendered":"<p><b><span class=\"magic-10\" data-spm-anchor-id=\"a2700.details.0.i8.2e3b53333icLNt\">\u0130\u015flev:<\/span><\/b><\/p>\n<div data-spm-anchor-id=\"a2700.details.0.i9.2e3b53333icLNt\"><span class=\"magic-12\"><span class=\"magic-11\">Arap zamk\u0131 tozu esas olarak koyula\u015ft\u0131r\u0131c\u0131, dengeleyici, em\u00fclgat\u00f6r, kaplama maddesi s\u0131r olarak kullan\u0131l\u0131r. Bu \u00fcr\u00fcn, me\u015frubat \u00fcretimi, meyve suyu konsantresi aromas\u0131 ve dengelenebilen u\u00e7ucu ya\u011flar gibi i\u00e7ecek \u00fcretiminde yayg\u0131n olarak kullan\u0131l\u0131r. Ayr\u0131ca geleneksel sert (lik\u00f6r) sak\u0131z, yumu\u015fak \u015feker, pamuk \u015fekeri gibi \u015fekerleme yap\u0131m\u0131nda da kullan\u0131l\u0131r. Ayr\u0131ca k\u00f6p\u00fck dengeleyici olarak da kullan\u0131labilir.<\/span><br \/>\n<span class=\"magic-10\"><b><br \/>\n<\/b><\/span><\/span><\/div>\n<div><span class=\"magic-12\"><span class=\"magic-10\"><b>Ba\u015fvuru:<\/b><\/span><br \/>\n<span class=\"magic-11\">1. \u00d6zellikle su kilitli ya\u011fl\u0131 em\u00fcsifikasyon sistemleri i\u00e7in iyi em\u00fcsifikasyon \u00f6zellikleri, em\u00fczyon lezzetinde yayg\u0131n olarak kullan\u0131lmas\u0131n\u0131 sa\u011flar.\u00a0<\/span><span class=\"magic-11\">em\u00fczyon dengeleyici olarak.<\/span><br \/>\n<span class=\"magic-11\">2. Film olu\u015fturucu madde. Oksitlenmeyi \u00f6nlemek i\u00e7in u\u00e7ucu ya\u011f ve di\u011fer s\u0131v\u0131 malzemelerin toz haline getirilmesinde yayg\u0131n olarak kullan\u0131l\u0131r.\u00a0<\/span><span class=\"magic-11\">Ayr\u0131ca \u00f6z ta\u015f\u0131y\u0131c\u0131s\u0131 olarak da kullan\u0131l\u0131r.<\/span><br \/>\n<span class=\"magic-11\">3. Birada k\u00f6p\u00fck dengeleyici, \u015farapta berrakla\u015ft\u0131r\u0131c\u0131.<\/span><br \/>\n<span class=\"magic-11\">4. \u015eekerlemelerde \u015feker kristalle\u015fmesini azaltabilir ve ya\u011f\u0131n em\u00fcsifiye edilerek y\u00fczeyin a\u00e7\u0131\u011fa \u00e7\u0131kmas\u0131n\u0131 \u00f6nleyebilir.<\/span><br \/>\n<span class=\"magic-11\">5. \u00c7ikolatay\u0131 parlat\u0131n, \u00c7ikolatan\u0131n a\u011f\u0131zda erimesini sa\u011flay\u0131n, elde erimesini beklemeyin.<\/span><br \/>\n<span class=\"magic-11\">6.Arap zamk\u0131 ayr\u0131ca me\u015frubat \u00fcretimi gibi i\u00e7ecek \u00fcretiminde de yayg\u0131n olarak kullan\u0131l\u0131r, tatlar\u0131 stabilize edebilir ve\u00a0<\/span><span class=\"magic-11\">Esansiyel ya\u011flar. Geleneksel sert (\u015farap) sak\u0131z, \u015fekerleme, pamuk \u015fekeri gibi \u015fekerleme \u00fcretiminde de kullan\u0131l\u0131r. Ayr\u0131ca \u015fu \u015fekilde de kullan\u0131labilir:\u00a0<\/span><span class=\"magic-11\">Bir k\u00f6p\u00fck sabitleyicidir. Arap zamk\u0131 ayr\u0131ca bask\u0131 end\u00fcstrisinde de yayg\u0131n olarak kullan\u0131l\u0131r.<\/span><\/span><\/div>\n<p>&nbsp;<\/p>","protected":false},"excerpt":{"rendered":"<p>\u00dcr\u00fcn Ad\u0131:Arap Zamk\u0131<br \/>\nCAS Numaras\u0131:9000-01-5<br \/>\n\u00c7.M:<br \/>\nG\u00f6r\u00fcn\u00fcm:Beyaz G\u00fc\u00e7<\/p>","protected":false},"featured_media":2182,"template":"","meta":{"_acf_changed":false,"_gspb_post_css":""},"product_brand":[],"product_cat":[55,58],"product_tag":[],"class_list":{"0":"post-3385","1":"product","2":"type-product","3":"status-publish","4":"has-post-thumbnail","6":"product_cat-food-additives","7":"product_cat-thicknerstablizer","9":"first","10":"instock","11":"shipping-taxable","12":"product-type-simple"},"acf":[],"_links":{"self":[{"href":"https:\/\/wpachem.com\/tr\/wp-json\/wp\/v2\/product\/3385","targetHints":{"allow":["GET"]}}],"collection":[{"href":"https:\/\/wpachem.com\/tr\/wp-json\/wp\/v2\/product"}],"about":[{"href":"https:\/\/wpachem.com\/tr\/wp-json\/wp\/v2\/types\/product"}],"version-history":[{"count":0,"href":"https:\/\/wpachem.com\/tr\/wp-json\/wp\/v2\/product\/3385\/revisions"}],"wp:featuredmedia":[{"embeddable":true,"href":"https:\/\/wpachem.com\/tr\/wp-json\/wp\/v2\/media\/2182"}],"wp:attachment":[{"href":"https:\/\/wpachem.com\/tr\/wp-json\/wp\/v2\/media?parent=3385"}],"wp:term":[{"taxonomy":"product_brand","embeddable":true,"href":"https:\/\/wpachem.com\/tr\/wp-json\/wp\/v2\/product_brand?post=3385"},{"taxonomy":"product_cat","embeddable":true,"href":"https:\/\/wpachem.com\/tr\/wp-json\/wp\/v2\/product_cat?post=3385"},{"taxonomy":"product_tag","embeddable":true,"href":"https:\/\/wpachem.com\/tr\/wp-json\/wp\/v2\/product_tag?post=3385"}],"curies":[{"name":"wp","href":"https:\/\/api.w.org\/{rel}","templated":true}]}}