{"id":3388,"date":"2023-03-20T07:32:52","date_gmt":"2023-03-20T07:32:52","guid":{"rendered":"http:\/\/site2.easyceotech.com\/?post_type=product&#038;p=3388"},"modified":"2024-03-12T07:54:46","modified_gmt":"2024-03-12T07:54:46","slug":"gelatin","status":"publish","type":"product","link":"https:\/\/wpachem.com\/tr\/urun\/gelatin\/","title":{"rendered":"Jelatin"},"content":{"rendered":"<p>Yenilebilir Jelatin<\/p>\n<p>T\u00fcm g\u0131da segmentlerinde form\u00fclasyon ve inovasyonu kolayla\u015ft\u0131r\u0131yoruz<br \/>\nFuningpu Jelatin, hammadde i\u015fleme y\u00f6ntemine g\u00f6re a\u015fa\u011f\u0131daki \u015fekilde s\u0131n\u0131fland\u0131r\u0131labilir: Tip A (asit y\u00f6ntemi) ve Tip B (alkali y\u00f6ntemi)<br \/>\nBu malzemeler genellikle domuz derisi, domuz kemi\u011fi, inek derisi ve inek kemi\u011finden al\u0131n\u0131r.<\/p>\n<p>Jelatin, s\u0131cak suda \u00e7\u00f6z\u00fcnen ve so\u011futuldu\u011funda jel benzeri hale gelen termal olarak geri d\u00f6n\u00fc\u015f\u00fcml\u00fc jelle\u015fme \u00f6zelli\u011fine sahiptir.<br \/>\nJelatin, jel olu\u015fturma, k\u00f6p\u00fcrme, em\u00fclsifiye etme ve ba\u011flama yetene\u011fi sayesinde en \u00e7ok \u015fekerleme ve j\u00f6le gibi g\u0131dalarda kullan\u0131l\u0131r.<\/p>\n<p>Fonksiyonel Sak\u0131zlar<\/p>\n<p>Fonksiyonel j\u00f6le \u015fekerler Avrupa, Kuzey Amerika ve Asya&#039;da en h\u0131zl\u0131 b\u00fcy\u00fcyen beslenme \u00fcr\u00fcnlerinden biridir.<\/p>\n<p>Fonksiyonel bile\u015fenlerin (vitaminler, mineraller, lif veya kolajen) eklenmesi \u00fcr\u00fcne sa\u011fl\u0131k etkisi verebilir. Bir\u00e7ok<br \/>\nsak\u0131z markalar\u0131 geleneksel \u015fekerleme end\u00fcstrisinin \u00f6tesine ge\u00e7ti. Funingpu Jelatin ile bu b\u00fcy\u00fcyen pazara girmenizde size destek ve yard\u0131m sa\u011flayabiliriz.<\/p>\n<p>Teknik Uygulamalar\u0131<br \/>\nYenilebilir Jelatin<br \/>\nYenilebilir jelatin, y\u00fcksek oranda kolajen i\u00e7eren hidrolize bir protein olup, do\u011fal ve besleyici bir g\u0131da koyula\u015ft\u0131r\u0131c\u0131s\u0131d\u0131r.<br \/>\n* G\u0131da ve beslenme pazarlar\u0131 i\u00e7in m\u00fckemmel bir bile\u015fen: Temiz etiket, do\u011fal k\u00f6kenli saf protein<br \/>\n* Protein form\u00fclasyonunda teknik zorluklar\u0131n \u00fcstesinden gelmede \u00f6nemli de\u011fer<br \/>\n* Tad\u0131 ve kokusu n\u00f6trd\u00fcr<br \/>\n* Bir\u00e7ok uygulamaya kolayca entegre edilebilir<br \/>\n* \u00dcr\u00fcn inovasyonu i\u00e7in jelatin ve jelatin \u00e7\u00f6z\u00fcmleri<\/p>","protected":false},"excerpt":{"rendered":"<p>\u00dcr\u00fcn Ad\u0131:Jelatin<br \/>\nCAS Numaras\u0131:9000-70-8<br \/>\nMF:C6H12O6<br \/>\nG\u00f6r\u00fcn\u00fcm: Beyaz ila Sar\u0131ms\u0131 Kristal Par\u00e7alar\u0131<\/p>","protected":false},"featured_media":2097,"template":"","meta":{"_acf_changed":false,"_gspb_post_css":""},"product_brand":[],"product_cat":[55,58],"product_tag":[],"class_list":{"0":"post-3388","1":"product","2":"type-product","3":"status-publish","4":"has-post-thumbnail","6":"product_cat-food-additives","7":"product_cat-thicknerstablizer","9":"first","10":"instock","11":"shipping-taxable","12":"product-type-simple"},"acf":[],"_links":{"self":[{"href":"https:\/\/wpachem.com\/tr\/wp-json\/wp\/v2\/product\/3388","targetHints":{"allow":["GET"]}}],"collection":[{"href":"https:\/\/wpachem.com\/tr\/wp-json\/wp\/v2\/product"}],"about":[{"href":"https:\/\/wpachem.com\/tr\/wp-json\/wp\/v2\/types\/product"}],"version-history":[{"count":0,"href":"https:\/\/wpachem.com\/tr\/wp-json\/wp\/v2\/product\/3388\/revisions"}],"wp:featuredmedia":[{"embeddable":true,"href":"https:\/\/wpachem.com\/tr\/wp-json\/wp\/v2\/media\/2097"}],"wp:attachment":[{"href":"https:\/\/wpachem.com\/tr\/wp-json\/wp\/v2\/media?parent=3388"}],"wp:term":[{"taxonomy":"product_brand","embeddable":true,"href":"https:\/\/wpachem.com\/tr\/wp-json\/wp\/v2\/product_brand?post=3388"},{"taxonomy":"product_cat","embeddable":true,"href":"https:\/\/wpachem.com\/tr\/wp-json\/wp\/v2\/product_cat?post=3388"},{"taxonomy":"product_tag","embeddable":true,"href":"https:\/\/wpachem.com\/tr\/wp-json\/wp\/v2\/product_tag?post=3388"}],"curies":[{"name":"wp","href":"https:\/\/api.w.org\/{rel}","templated":true}]}}