{"id":3391,"date":"2023-03-20T07:38:14","date_gmt":"2023-03-20T07:38:14","guid":{"rendered":"http:\/\/site2.easyceotech.com\/?post_type=product&#038;p=3391"},"modified":"2024-03-12T07:55:30","modified_gmt":"2024-03-12T07:55:30","slug":"pectin","status":"publish","type":"product","link":"https:\/\/wpachem.com\/tr\/urun\/pectin\/","title":{"rendered":"Pektin"},"content":{"rendered":"<p>\u00dcr\u00fcn, v\u00fccuttan toksinlerin, toksinlerin ve radyon\u00fcklidlerin at\u0131l\u0131m\u0131n\u0131 \u00f6nemli \u00f6l\u00e7\u00fcde h\u0131zland\u0131r\u0131r, a\u011f\u0131r metallerin ve toksik bile\u015fiklerin etkisini azalt\u0131r, alkol zehirlenmesinin semptomlar\u0131n\u0131 azaltmaya yard\u0131mc\u0131 olur, kolesterol seviyelerini d\u00fc\u015f\u00fcr\u00fcr, metabolizmay\u0131 ve ya\u011f yakma s\u00fcre\u00e7lerini harekete ge\u00e7irmeye yard\u0131mc\u0131 olur, kan \u015fekeri seviyelerini normalle\u015ftirir ve ba\u011f\u0131rsak mikrofloras\u0131n\u0131 eski haline getirmek i\u00e7in \u00f6nerilir.<\/p>\n<p>&nbsp;<\/p>\n<h3 class=\"magic-17\" data-spm-anchor-id=\"a2700.details.0.i10.6ef527a5Z01KF2\"><span class=\"magic-18\">Ba\u015fvuru<\/span><\/h3>\n<div class=\"magic-6\">\n<div class=\"magic-7\">\n<div class=\"magic-8\"><span class=\"magic-9\">Pektin, re\u00e7el, j\u00f6le, meyveli yo\u011furt, yumu\u015fak tatl\u0131lar, dondurma, ek\u015fi s\u00fct veya meyveli yo\u011furt, soya s\u00fct\u00fc gibi yiyecek ve i\u00e7eceklerin i\u015flenmesinde yayg\u0131n olarak kullan\u0131l\u0131r. Jelatinle\u015ftirici, s\u00fcspanse edici madde, dengeleyici ve koyula\u015ft\u0131r\u0131c\u0131 madde olarak i\u015flev g\u00f6r\u00fcr. Az miktarda pektin, yiyece\u011fin kalitesini ve g\u00f6r\u00fcn\u00fcm\u00fcn\u00fc b\u00fcy\u00fck \u00f6l\u00e7\u00fcde iyile\u015ftirebilir. Yiyeceklere do\u011fal, orta, ek\u015fi ve tatl\u0131 bir meyve tad\u0131 ve b\u00fcy\u00fcleyici narin bir koku aromas\u0131 vermeye yard\u0131mc\u0131 olur. <\/span><\/div>\n<\/div>\n<\/div>\n<p>&nbsp;<\/p>","protected":false},"excerpt":{"rendered":"<p>\u00dcr\u00fcn Ad\u0131:Pektin<br \/>\nCAS Numaras\u0131:9000-69-5<br \/>\nMF:C6H12O6<br \/>\nG\u00f6r\u00fcn\u00fcm: Beyaz toz<\/p>","protected":false},"featured_media":2174,"template":"","meta":{"_acf_changed":false,"_gspb_post_css":""},"product_brand":[],"product_cat":[55,58],"product_tag":[],"class_list":{"0":"post-3391","1":"product","2":"type-product","3":"status-publish","4":"has-post-thumbnail","6":"product_cat-food-additives","7":"product_cat-thicknerstablizer","9":"first","10":"instock","11":"shipping-taxable","12":"product-type-simple"},"acf":[],"_links":{"self":[{"href":"https:\/\/wpachem.com\/tr\/wp-json\/wp\/v2\/product\/3391","targetHints":{"allow":["GET"]}}],"collection":[{"href":"https:\/\/wpachem.com\/tr\/wp-json\/wp\/v2\/product"}],"about":[{"href":"https:\/\/wpachem.com\/tr\/wp-json\/wp\/v2\/types\/product"}],"version-history":[{"count":0,"href":"https:\/\/wpachem.com\/tr\/wp-json\/wp\/v2\/product\/3391\/revisions"}],"wp:featuredmedia":[{"embeddable":true,"href":"https:\/\/wpachem.com\/tr\/wp-json\/wp\/v2\/media\/2174"}],"wp:attachment":[{"href":"https:\/\/wpachem.com\/tr\/wp-json\/wp\/v2\/media?parent=3391"}],"wp:term":[{"taxonomy":"product_brand","embeddable":true,"href":"https:\/\/wpachem.com\/tr\/wp-json\/wp\/v2\/product_brand?post=3391"},{"taxonomy":"product_cat","embeddable":true,"href":"https:\/\/wpachem.com\/tr\/wp-json\/wp\/v2\/product_cat?post=3391"},{"taxonomy":"product_tag","embeddable":true,"href":"https:\/\/wpachem.com\/tr\/wp-json\/wp\/v2\/product_tag?post=3391"}],"curies":[{"name":"wp","href":"https:\/\/api.w.org\/{rel}","templated":true}]}}