{"id":3394,"date":"2023-03-20T07:40:15","date_gmt":"2023-03-20T07:40:15","guid":{"rendered":"http:\/\/site2.easyceotech.com\/?post_type=product&#038;p=3394"},"modified":"2024-03-12T07:55:26","modified_gmt":"2024-03-12T07:55:26","slug":"sodium-alginate","status":"publish","type":"product","link":"https:\/\/wpachem.com\/tr\/urun\/sodium-alginate\/","title":{"rendered":"Sodyum Aljinat"},"content":{"rendered":"<p><strong data-spm-anchor-id=\"a2700.details.0.i8.46e45e8bfXGx4C\">Sodyum Aljinat<\/strong>\u00a0G\u0131da S\u0131n\u0131f\u0131, kahverengi deniz yosunundan elde edilen do\u011fal bir polisakkarittir, \u00f6zel kimyasal yap\u0131s\u0131 ve m\u00fckemmel \u00f6zellikleri nedeniyle g\u0131da end\u00fcstrisinde koyula\u015ft\u0131r\u0131c\u0131 madde, stabilizat\u00f6r, em\u00fclgat\u00f6r, doku iyile\u015ftirici, ni\u015fastan\u0131n geri d\u00f6n\u00fc\u015f\u00fcm\u00fcn\u00fc \u00f6nleyici ve jel maddesi gibi \u00e7ok say\u0131da i\u015flevselli\u011fe sahiptir. Aljinat, bu\u011fday unu, eri\u015fte, dondurulmu\u015f un \u00fcr\u00fcnleri, f\u0131r\u0131nc\u0131l\u0131k vb. gibi \u00e7e\u015fitli g\u0131da t\u00fcrlerinde do\u011fal bir katk\u0131 maddesi olarak yayg\u0131n olarak uygulanabilir.<\/p>\n<p>&nbsp;<\/p>\n<p>&nbsp;<\/p>\n<p>Ba\u015fvuru:<\/p>\n<p><strong>1 Sabitleyici<\/strong><br \/>\nNi\u015fasta ve karragenan yerine kullan\u0131labilen sodyum aljinat, i\u00e7ecek, s\u00fct \u00fcr\u00fcnleri, buzlu \u00fcr\u00fcnlerde kullan\u0131labilir.<br \/>\n<strong>2 Kal\u0131nla\u015ft\u0131r\u0131c\u0131 ve em\u00fclsiyon<\/strong><br \/>\nG\u0131da katk\u0131 maddesi olarak sodyum aljinat \u00f6zellikle sala aromas\u0131, puding, re\u00e7el, domates ket\u00e7ab\u0131 ve konserve \u00fcr\u00fcnlerinde kullan\u0131l\u0131r.<br \/>\n<strong>3 Hidrasyon<\/strong><br \/>\nSodyum aljinat eri\u015fte, \u015fehriye ve pirin\u00e7 eri\u015ftesinin daha yap\u0131\u015fkan olmas\u0131n\u0131 sa\u011flayabilir.<br \/>\n<strong>4 Jelle\u015fme \u00f6zelli\u011fi<\/strong><br \/>\nBu karakterle, sodyum aljinat bir \u00e7e\u015fit jel \u00fcr\u00fcn haline getirilebilir. Ayr\u0131ca meyve, et ve deniz yosunu \u00fcr\u00fcnleri i\u00e7in bir \u00f6rt\u00fc olarak kullan\u0131labilir ve havadan uzak tutularak daha uzun s\u00fcre saklanabilir.<\/p>","protected":false},"excerpt":{"rendered":"<p>\u00dcr\u00fcn Ad\u0131:Sodyum aljinat<br \/>\nCAS Numaras\u0131:9005-38-3<br \/>\nMF:C5H7O4COONa<br \/>\nG\u00f6r\u00fcn\u00fcm: Beyazdan Kirli Beyaza G\u00fc\u00e7<\/p>","protected":false},"featured_media":2621,"template":"","meta":{"_acf_changed":false,"_gspb_post_css":""},"product_brand":[],"product_cat":[55,58],"product_tag":[],"class_list":{"0":"post-3394","1":"product","2":"type-product","3":"status-publish","4":"has-post-thumbnail","6":"product_cat-food-additives","7":"product_cat-thicknerstablizer","9":"first","10":"instock","11":"shipping-taxable","12":"product-type-simple"},"acf":[],"_links":{"self":[{"href":"https:\/\/wpachem.com\/tr\/wp-json\/wp\/v2\/product\/3394","targetHints":{"allow":["GET"]}}],"collection":[{"href":"https:\/\/wpachem.com\/tr\/wp-json\/wp\/v2\/product"}],"about":[{"href":"https:\/\/wpachem.com\/tr\/wp-json\/wp\/v2\/types\/product"}],"version-history":[{"count":0,"href":"https:\/\/wpachem.com\/tr\/wp-json\/wp\/v2\/product\/3394\/revisions"}],"wp:featuredmedia":[{"embeddable":true,"href":"https:\/\/wpachem.com\/tr\/wp-json\/wp\/v2\/media\/2621"}],"wp:attachment":[{"href":"https:\/\/wpachem.com\/tr\/wp-json\/wp\/v2\/media?parent=3394"}],"wp:term":[{"taxonomy":"product_brand","embeddable":true,"href":"https:\/\/wpachem.com\/tr\/wp-json\/wp\/v2\/product_brand?post=3394"},{"taxonomy":"product_cat","embeddable":true,"href":"https:\/\/wpachem.com\/tr\/wp-json\/wp\/v2\/product_cat?post=3394"},{"taxonomy":"product_tag","embeddable":true,"href":"https:\/\/wpachem.com\/tr\/wp-json\/wp\/v2\/product_tag?post=3394"}],"curies":[{"name":"wp","href":"https:\/\/api.w.org\/{rel}","templated":true}]}}