{"id":3398,"date":"2023-03-20T07:42:50","date_gmt":"2023-03-20T07:42:50","guid":{"rendered":"http:\/\/site2.easyceotech.com\/?post_type=product&#038;p=3398"},"modified":"2024-03-12T07:55:23","modified_gmt":"2024-03-12T07:55:23","slug":"gellan-gum","status":"publish","type":"product","link":"https:\/\/wpachem.com\/tr\/urun\/gellan-gum\/","title":{"rendered":"JELLAN SAKIZI"},"content":{"rendered":"<p><span class=\"magic-8\" style=\"font-family: Arial;\">Gellan zamk\u0131, su zamk\u0131ndan ayr\u0131\u015ft\u0131r\u0131lan gram negatif bakteri-pseudomonas elodea taraf\u0131ndan \u00fcretilen h\u00fccre d\u0131\u015f\u0131 polisakkarittir ve mikrobiyal floran\u0131n bir par\u00e7as\u0131d\u0131r.<\/span><\/p>\n<div data-spm-anchor-id=\"a2700.details.0.i7.28034ae0EgpPOh\"><\/div>\n<div data-spm-anchor-id=\"a2700.details.0.i7.28034ae0EgpPOh\">\n<div class=\"J_module\">\n<div id=\"ali-anchor-AliMagic-pho85v\" class=\"magic-10\" data-section=\"AliMagic-pho85v\" data-section-title=\"Application\" data-spm-anchor-id=\"a2700.details.0.i7.419f6303OxC4pk\">Ba\u015fvuru<\/div>\n<\/div>\n<div class=\"J_module\">\n<div class=\"detail-decorate-json-renderer-container\">\n<div class=\"magic-0\">\n<div class=\"magic-1\">\n<div class=\"magic-2\">\n<div class=\"magic-3\"><span class=\"magic-11\">1. Mikrobiyal k\u00fclt\u00fcr kullan\u0131m\u0131nda.<br \/>\n2.G\u0131da sekt\u00f6r\u00fcnde, et \u00fcr\u00fcnlerinde \u00f6nerilen ekleme dozaj\u0131 0.1~0.5% civar\u0131ndad\u0131r, ayr\u0131ca jellan zamk\u0131 dozaj\u0131n\u0131 daha da azaltmak i\u00e7in di\u011fer hidrokolloidlerle kombine edilebilir.<\/span><\/div>\n<\/div>\n<\/div>\n<\/div>\n<\/div>\n<\/div>\n<\/div>\n<p>&nbsp;<\/p>","protected":false},"excerpt":{"rendered":"<p>\u00dcr\u00fcn Ad\u0131:GELLAN SAKIZI<br \/>\nCAS Numaras\u0131:71010-52-1<br \/>\n\u00c7.M:<br \/>\nG\u00f6r\u00fcn\u00fcm:K\u0131r\u0131k Beyaz Toz<\/p>","protected":false},"featured_media":2180,"template":"","meta":{"_acf_changed":false,"_gspb_post_css":""},"product_brand":[],"product_cat":[24],"product_tag":[],"class_list":{"0":"post-3398","1":"product","2":"type-product","3":"status-publish","4":"has-post-thumbnail","6":"product_cat-uncategorized","8":"first","9":"instock","10":"shipping-taxable","11":"product-type-simple"},"acf":[],"_links":{"self":[{"href":"https:\/\/wpachem.com\/tr\/wp-json\/wp\/v2\/product\/3398","targetHints":{"allow":["GET"]}}],"collection":[{"href":"https:\/\/wpachem.com\/tr\/wp-json\/wp\/v2\/product"}],"about":[{"href":"https:\/\/wpachem.com\/tr\/wp-json\/wp\/v2\/types\/product"}],"version-history":[{"count":0,"href":"https:\/\/wpachem.com\/tr\/wp-json\/wp\/v2\/product\/3398\/revisions"}],"wp:featuredmedia":[{"embeddable":true,"href":"https:\/\/wpachem.com\/tr\/wp-json\/wp\/v2\/media\/2180"}],"wp:attachment":[{"href":"https:\/\/wpachem.com\/tr\/wp-json\/wp\/v2\/media?parent=3398"}],"wp:term":[{"taxonomy":"product_brand","embeddable":true,"href":"https:\/\/wpachem.com\/tr\/wp-json\/wp\/v2\/product_brand?post=3398"},{"taxonomy":"product_cat","embeddable":true,"href":"https:\/\/wpachem.com\/tr\/wp-json\/wp\/v2\/product_cat?post=3398"},{"taxonomy":"product_tag","embeddable":true,"href":"https:\/\/wpachem.com\/tr\/wp-json\/wp\/v2\/product_tag?post=3398"}],"curies":[{"name":"wp","href":"https:\/\/api.w.org\/{rel}","templated":true}]}}