{"id":3401,"date":"2023-03-20T07:45:43","date_gmt":"2023-03-20T07:45:43","guid":{"rendered":"http:\/\/site2.easyceotech.com\/?post_type=product&#038;p=3401"},"modified":"2024-03-12T07:55:19","modified_gmt":"2024-03-12T07:55:19","slug":"sodium-carboxymethyl-cellulose","status":"publish","type":"product","link":"https:\/\/wpachem.com\/tr\/urun\/sodium-carboxymethyl-cellulose\/","title":{"rendered":"Sodyum Karboksimetil Sel\u00fcloz"},"content":{"rendered":"<p>&nbsp;<\/p>\n<p><strong>Sodyum Karboksimetil Sel\u00fcloz LV HV&#039;nin Tan\u0131m\u0131<\/strong><\/p>\n<p data-spm-anchor-id=\"a2700.details.0.i9.5ab932d7NYGZw9\">Karboksimetil sel\u00fcloz (CMC) veya sel\u00fcloz zamk\u0131, sel\u00fcloz omurgas\u0131n\u0131 olu\u015fturan glukopiranoz monomerlerinin baz\u0131 hidroksil gruplar\u0131na ba\u011fl\u0131 karboksimetil gruplar\u0131 (-CH2-COOH) i\u00e7eren bir sel\u00fcloz t\u00fcrevidir. Genellikle sodyum tuzu, sodyum karboksimetil sel\u00fcloz olarak kullan\u0131l\u0131r.<\/p>\n<p data-spm-anchor-id=\"a2700.details.0.i9.5ab932d7NYGZw9\"><strong>Uygulama<\/strong><\/p>\n<p data-spm-anchor-id=\"a2700.details.0.i11.5ab932d7NYGZw9\"><span data-spm-anchor-id=\"a2700.details.0.i13.5ab932d7NYGZw9\"><strong><em data-spm-anchor-id=\"a2700.details.0.i12.5ab932d7NYGZw9\">G\u0131dalarda<\/em><\/strong>,Sodyum Karboksimetil Sel\u00fcloz CMC, g\u0131da biliminde viskozite de\u011fi\u015ftirici veya koyula\u015ft\u0131r\u0131c\u0131 olarak ve dondurma dahil \u00e7e\u015fitli \u00fcr\u00fcnlerdeki em\u00fclsiyonlar\u0131 stabilize etmek i\u00e7in kullan\u0131l\u0131r. Bir g\u0131da katk\u0131 maddesi olarak, Sodyum Karboksimetil Sel\u00fcloz CMC&#039;nin E numaras\u0131 E466&#039;d\u0131r.\u00a0<\/span><\/p>\n<p>&nbsp;<\/p>\n<p>&nbsp;<\/p>\n<p>Sodyum Karboksimetil Sel\u00fcloz CMC ayn\u0131 zamanda bir\u00e7ok bile\u015fenin bir par\u00e7as\u0131d\u0131r\u00a0<em><strong>yiyecek d\u0131\u015f\u0131<\/strong><\/em>\u00a0\u00fcr\u00fcnler, \u00f6rne\u011fin\u00a0<em><strong>ki\u015fisel ya\u011flay\u0131c\u0131lar, di\u015f macunu, m\u00fcshiller, diyet haplar\u0131, su bazl\u0131 boyalar, deterjanlar, tekstil apreleri ve \u00e7e\u015fitli ka\u011f\u0131t \u00fcr\u00fcnleri<\/strong><\/em>Sodyum Karboksimetil Sel\u00fcloz CMC, esas olarak y\u00fcksek viskoziteye sahip olmas\u0131, toksik olmamas\u0131 ve ana lif kayna\u011f\u0131n\u0131n yumu\u015fak a\u011fa\u00e7 hamuru veya pamuk linteri olmas\u0131 nedeniyle genellikle hipoalerjenik olarak kabul edilmesi nedeniyle kullan\u0131l\u0131r.<\/p>\n<p>Sodyum Karboksimetil Sel\u00fcloz CMC yayg\u0131n olarak kullan\u0131l\u0131r\u00a0<strong>gl\u00fctensiz<\/strong>\u00a0Ve\u00a0<strong>Az ya\u011fl\u0131<\/strong>\u00a0G\u0131da \u00fcr\u00fcnleri.<\/p>\n<p>&nbsp;<\/p>\n<p><em><strong>\u00c7ama\u015f\u0131r deterjanlar\u0131nda<\/strong><\/em>Sodyum Karboksimetil Sel\u00fcloz CMC, pamuk ve di\u011fer sel\u00fclozik kuma\u015flara biriktirilmek \u00fczere tasarlanm\u0131\u015f bir toprak s\u00fcspansiyon polimeri olarak kullan\u0131l\u0131r ve y\u0131kama sol\u00fcsyonundaki kirlere kar\u015f\u0131 negatif y\u00fckl\u00fc bir bariyer olu\u015fturur.<\/p>\n<p>&nbsp;<\/p>\n<p>&nbsp;<\/p>\n<p><em><strong>Petrol sondaj\u0131nda<\/strong><\/em> sondaj \u00e7amurunun bir bile\u015feni olarak, viskozite d\u00fczenleyici ve su tutucu madde olarak kullan\u0131l\u0131r.<\/p>","protected":false},"excerpt":{"rendered":"<p>\u00dcr\u00fcn Ad\u0131:KARBOKS\u0130MET\u0130LSEL\u00dcLOZ SODYUM TUZU<br \/>\nCAS Numaras\u0131:9085-26-1<br \/>\nMF:C8H16NaO8<br \/>\nG\u00f6r\u00fcn\u00fcm: beyaz toz<\/p>","protected":false},"featured_media":2181,"template":"","meta":{"_acf_changed":false,"_gspb_post_css":""},"product_brand":[],"product_cat":[55,58],"product_tag":[],"class_list":{"0":"post-3401","1":"product","2":"type-product","3":"status-publish","4":"has-post-thumbnail","6":"product_cat-food-additives","7":"product_cat-thicknerstablizer","9":"first","10":"instock","11":"shipping-taxable","12":"product-type-simple"},"acf":[],"_links":{"self":[{"href":"https:\/\/wpachem.com\/tr\/wp-json\/wp\/v2\/product\/3401","targetHints":{"allow":["GET"]}}],"collection":[{"href":"https:\/\/wpachem.com\/tr\/wp-json\/wp\/v2\/product"}],"about":[{"href":"https:\/\/wpachem.com\/tr\/wp-json\/wp\/v2\/types\/product"}],"version-history":[{"count":0,"href":"https:\/\/wpachem.com\/tr\/wp-json\/wp\/v2\/product\/3401\/revisions"}],"wp:featuredmedia":[{"embeddable":true,"href":"https:\/\/wpachem.com\/tr\/wp-json\/wp\/v2\/media\/2181"}],"wp:attachment":[{"href":"https:\/\/wpachem.com\/tr\/wp-json\/wp\/v2\/media?parent=3401"}],"wp:term":[{"taxonomy":"product_brand","embeddable":true,"href":"https:\/\/wpachem.com\/tr\/wp-json\/wp\/v2\/product_brand?post=3401"},{"taxonomy":"product_cat","embeddable":true,"href":"https:\/\/wpachem.com\/tr\/wp-json\/wp\/v2\/product_cat?post=3401"},{"taxonomy":"product_tag","embeddable":true,"href":"https:\/\/wpachem.com\/tr\/wp-json\/wp\/v2\/product_tag?post=3401"}],"curies":[{"name":"wp","href":"https:\/\/api.w.org\/{rel}","templated":true}]}}