{"id":3404,"date":"2023-03-20T07:48:16","date_gmt":"2023-03-20T07:48:16","guid":{"rendered":"http:\/\/site2.easyceotech.com\/?post_type=product&#038;p=3404"},"modified":"2024-03-12T07:55:14","modified_gmt":"2024-03-12T07:55:14","slug":"agar-powe","status":"publish","type":"product","link":"https:\/\/wpachem.com\/tr\/urun\/agar-powe\/","title":{"rendered":"Agar G\u00fcc\u00fc"},"content":{"rendered":"<p><strong data-spm-anchor-id=\"a2700.details.0.i7.359867f32AwPU2\">Agar Tozunun Tan\u0131m\u0131:<\/strong><\/p>\n<p>Agar, belirli alg t\u00fcrlerinin h\u00fccre duvarlar\u0131nda destekleyici yap\u0131 olu\u015fturan ve kaynama s\u0131ras\u0131nda a\u00e7\u0131\u011fa \u00e7\u0131kan polisakkarit agarozdan t\u00fcretilir. Bu algler agarofitler olarak bilinir ve Rhodophyta (k\u0131rm\u0131z\u0131 algler) \u015fubesine aittir. Agar asl\u0131nda iki bile\u015fenin bir araya gelmesiyle olu\u015fan kar\u0131\u015f\u0131md\u0131r: do\u011frusal polisakkarit agaroz ve agaropektin ad\u0131 verilen daha k\u00fc\u00e7\u00fck molek\u00fcllerin heterojen bir kar\u0131\u015f\u0131m\u0131.<\/p>\n<div>\n<div>\n<div>\n<div>\n<div>\n<div><strong>Agar Tozunun \u0130\u015flevi:<\/strong><\/div>\n<div><span data-spm-anchor-id=\"a2700.details.0.i8.359867f32AwPU2\">G\u0131da end\u00fcstrisinde: \u015eekerleme, j\u00f6le, yokan, konserve, jambon ve sosislerde jelatinle\u015ftirici ve dengeleyici madde olarak kullan\u0131l\u0131r; Re\u00e7el, f\u0131st\u0131k ezmesi, susam soya \u00fcr\u00fcnlerinde koyula\u015ft\u0131r\u0131c\u0131 ve dengeleyici olarak kullan\u0131l\u0131r; Dondurma, popsicle vb. \u00fcr\u00fcnlerde dengeleyici olarak kullan\u0131l\u0131r; Meyve suyu ve i\u00e7eceklerde a\u015fama \u00e7\u00f6z\u00fcc\u00fc olarak kullan\u0131l\u0131r; \u015earap, soya sosu, sirkede berrakla\u015ft\u0131r\u0131c\u0131 madde olarak kullan\u0131l\u0131r.<br \/>\n\u0130la\u00e7 sanayiinde: Kan lipidini d\u00fc\u015f\u00fcrmek, toksinleri atmak, cildi g\u00fczelle\u015ftirmek.<br \/>\nBiyom\u00fchendislik sekt\u00f6r\u00fcnde: Bakteri k\u00fclt\u00fcr ortam\u0131 ve mikroorganizma ta\u015f\u0131y\u0131c\u0131s\u0131 vb.<\/span><\/div>\n<div><\/div>\n<div><strong>Agar Tozunun Uygulanmas\u0131:<\/strong><br \/>\n1.Di\u015f hekimli\u011finde \u00f6l\u00e7\u00fc materyali olarak.<br \/>\n2.Elektrokimyada kullan\u0131lmak \u00fczere tuz k\u00f6pr\u00fcleri ve jel t\u0131ka\u00e7lar\u0131 yapmak.<br \/>\n3.Formikaryumlarda kum yerine \u015feffaf bir madde ve besin kayna\u011f\u0131 olarak.<br \/>\n4.K\u00fc\u00e7\u00fck \u00e7ocuklar\u0131n oynayabilece\u011fi modelleme kili olu\u015fturmak i\u00e7in do\u011fal bir bile\u015fen olarak.<br \/>\n5.Organik tar\u0131mda izin verilen biyog\u00fcbre bile\u015feni olarak.<\/p>\n<div>Anahtar kelimeler:Agar Agar Tozu;CAS 9002-18-0;Agar tozu;<\/div>\n<\/div>\n<\/div>\n<\/div>\n<\/div>\n<\/div>\n<\/div>\n<p>&nbsp;<\/p>","protected":false},"excerpt":{"rendered":"<p>\u00dcr\u00fcn Ad\u0131:Agar<br \/>\nCAS Numaras\u0131:9002-18-0<br \/>\nMF:C14H24O9<br \/>\nG\u00f6r\u00fcn\u00fcm:Beyaz G\u00fc\u00e7<\/p>","protected":false},"featured_media":2180,"template":"","meta":{"_acf_changed":false,"_gspb_post_css":""},"product_brand":[],"product_cat":[55,58],"product_tag":[],"class_list":{"0":"post-3404","1":"product","2":"type-product","3":"status-publish","4":"has-post-thumbnail","6":"product_cat-food-additives","7":"product_cat-thicknerstablizer","9":"first","10":"instock","11":"shipping-taxable","12":"product-type-simple"},"acf":[],"_links":{"self":[{"href":"https:\/\/wpachem.com\/tr\/wp-json\/wp\/v2\/product\/3404","targetHints":{"allow":["GET"]}}],"collection":[{"href":"https:\/\/wpachem.com\/tr\/wp-json\/wp\/v2\/product"}],"about":[{"href":"https:\/\/wpachem.com\/tr\/wp-json\/wp\/v2\/types\/product"}],"version-history":[{"count":0,"href":"https:\/\/wpachem.com\/tr\/wp-json\/wp\/v2\/product\/3404\/revisions"}],"wp:featuredmedia":[{"embeddable":true,"href":"https:\/\/wpachem.com\/tr\/wp-json\/wp\/v2\/media\/2180"}],"wp:attachment":[{"href":"https:\/\/wpachem.com\/tr\/wp-json\/wp\/v2\/media?parent=3404"}],"wp:term":[{"taxonomy":"product_brand","embeddable":true,"href":"https:\/\/wpachem.com\/tr\/wp-json\/wp\/v2\/product_brand?post=3404"},{"taxonomy":"product_cat","embeddable":true,"href":"https:\/\/wpachem.com\/tr\/wp-json\/wp\/v2\/product_cat?post=3404"},{"taxonomy":"product_tag","embeddable":true,"href":"https:\/\/wpachem.com\/tr\/wp-json\/wp\/v2\/product_tag?post=3404"}],"curies":[{"name":"wp","href":"https:\/\/api.w.org\/{rel}","templated":true}]}}