{"id":3407,"date":"2023-03-20T08:02:06","date_gmt":"2023-03-20T08:02:06","guid":{"rendered":"http:\/\/site2.easyceotech.com\/?post_type=product&#038;p=3407"},"modified":"2024-03-12T07:55:11","modified_gmt":"2024-03-12T07:55:11","slug":"sodium-benzoate-2","status":"publish","type":"product","link":"https:\/\/wpachem.com\/tr\/urun\/sodium-benzoate-2\/","title":{"rendered":"Sodyum Benzoat"},"content":{"rendered":"<p><strong data-spm-anchor-id=\"a2700.details.0.i22.1908167ajqeggr\">Sodyum Benzoat Kullan\u0131m\u0131<\/strong><\/p>\n<p>1. Sodyum benzoat olarak da bilinen sodyum benzoat, \u00c7in&#039;deki g\u0131da end\u00fcstrisinde yayg\u0131n olarak kullan\u0131lan bir g\u0131da koruyucusudur. Kokusuz veya mikro kokulu bir benzoin kokusuna sahiptir ve tatl\u0131 bir tada sahiptir. Havada kararl\u0131d\u0131r, a\u00e7\u0131k havadaki nemi emebilir. Yaban mersini, elma, erik, k\u0131z\u0131lc\u0131k, k\u0131z\u0131lc\u0131k, kuru erik, tar\u00e7\u0131n ve karanfilde do\u011fal olarak bulunur, bakteri \u00f6ld\u00fcr\u00fcc\u00fc \u00f6zellikleri benzoik asitten daha zay\u0131ft\u0131r ve 1.180 g sodyum benzoat\u0131n bakteri \u00f6ld\u00fcr\u00fcc\u00fc g\u00fcc\u00fc yakla\u015f\u0131k 1 g benzoik aside e\u015fde\u011ferdir.<\/p>\n<p>2. Asidik bir ortamda, sodyum benzoat \u00e7e\u015fitli mikroorganizmalar \u00fczerinde \u00f6nemli bir inhibit\u00f6r etkiye sahiptir. pH 3,5 oldu\u011funda, 0,05% \u00e7\u00f6zeltisi mayan\u0131n b\u00fcy\u00fcmesini tamamen engelleyebilir, ancak pH 5,5&#039;in \u00fczerinde oldu\u011funda, bir\u00e7ok k\u00fcf ve maya \u00fczerinde zay\u0131f bir etkiye sahiptir. Alkali bir \u00e7\u00f6zeltide neredeyse hi\u00e7 etkisi yoktur.<\/p>\n<p>3. Sodyum benzoat insan v\u00fccuduna girdikten sonra, glisinle birle\u015ferek \u00fcrik asit olu\u015fturur veya biyotransformasyon s\u0131ras\u0131nda glukuronik asitle birle\u015ferek glukuronid olu\u015fturur ve bunlar\u0131n hepsi idrarla at\u0131l\u0131r ve v\u00fccutta birikmez. Normal dozaj aral\u0131\u011f\u0131nda daha g\u00fcvenli bir koruyucudur ve insan v\u00fccudu \u00fczerinde toksik etkisi yoktur. Gazl\u0131 i\u00e7eceklerde, konsantre meyve sular\u0131nda, margarinlerde, sak\u0131z bazlar\u0131nda, re\u00e7ellerde, j\u00f6lelerde, soya sosunda vb. kullan\u0131labilir.<\/p>\n<p>4. G\u00fcnl\u00fck izin verilen al\u0131m miktar\u0131 (ADI) &lt;5 mg\/kg v\u00fccut a\u011f\u0131rl\u0131\u011f\u0131d\u0131r (benzoik asit baz\u0131nda).<\/p>\n<p>Sodyum benzoat daha lipofiliktir, h\u00fccre zar\u0131na kolayca n\u00fcfuz eder, h\u00fccre zar\u0131n\u0131n ge\u00e7irgenli\u011fine m\u00fcdahale eder, h\u00fccre zar\u0131 taraf\u0131ndan amino asitlerin emilimini engeller, h\u00fccrenin iyonize asitle\u015ftirilmi\u015f h\u00fccrelerindeki alkali depolama alan\u0131na girer ve h\u00fccrenin solunum enziminin aktivitesini engeller. Asetil-CoA yo\u011funla\u015fma reaksiyonu \u00f6nlenir, b\u00f6ylece g\u0131da koruma amac\u0131na hizmet eder.<\/p>","protected":false},"excerpt":{"rendered":"<p>\u00dcr\u00fcn Ad\u0131:Sodyum benzoat<br \/>\nCAS Numaras\u0131:532-32-1<br \/>\nMF:C7H5NaO2<br \/>\nG\u00f6r\u00fcn\u00fcm: beyaz g\u00fc\u00e7<\/p>","protected":false},"featured_media":2157,"template":"","meta":{"_acf_changed":false,"_gspb_post_css":""},"product_brand":[],"product_cat":[55,57],"product_tag":[],"class_list":{"0":"post-3407","1":"product","2":"type-product","3":"status-publish","4":"has-post-thumbnail","6":"product_cat-food-additives","7":"product_cat-preservative","9":"first","10":"instock","11":"shipping-taxable","12":"product-type-simple"},"acf":[],"_links":{"self":[{"href":"https:\/\/wpachem.com\/tr\/wp-json\/wp\/v2\/product\/3407","targetHints":{"allow":["GET"]}}],"collection":[{"href":"https:\/\/wpachem.com\/tr\/wp-json\/wp\/v2\/product"}],"about":[{"href":"https:\/\/wpachem.com\/tr\/wp-json\/wp\/v2\/types\/product"}],"version-history":[{"count":0,"href":"https:\/\/wpachem.com\/tr\/wp-json\/wp\/v2\/product\/3407\/revisions"}],"wp:featuredmedia":[{"embeddable":true,"href":"https:\/\/wpachem.com\/tr\/wp-json\/wp\/v2\/media\/2157"}],"wp:attachment":[{"href":"https:\/\/wpachem.com\/tr\/wp-json\/wp\/v2\/media?parent=3407"}],"wp:term":[{"taxonomy":"product_brand","embeddable":true,"href":"https:\/\/wpachem.com\/tr\/wp-json\/wp\/v2\/product_brand?post=3407"},{"taxonomy":"product_cat","embeddable":true,"href":"https:\/\/wpachem.com\/tr\/wp-json\/wp\/v2\/product_cat?post=3407"},{"taxonomy":"product_tag","embeddable":true,"href":"https:\/\/wpachem.com\/tr\/wp-json\/wp\/v2\/product_tag?post=3407"}],"curies":[{"name":"wp","href":"https:\/\/api.w.org\/{rel}","templated":true}]}}