{"id":3410,"date":"2023-03-20T08:07:27","date_gmt":"2023-03-20T08:07:27","guid":{"rendered":"http:\/\/site2.easyceotech.com\/?post_type=product&#038;p=3410"},"modified":"2024-03-12T07:55:06","modified_gmt":"2024-03-12T07:55:06","slug":"benzoic-acid","status":"publish","type":"product","link":"https:\/\/wpachem.com\/tr\/urun\/benzoic-acid\/","title":{"rendered":"Benzoik asit"},"content":{"rendered":"<p>Benzoik asit do\u011fal olarak olu\u015fan ve sentetik olarak \u00fcretilen bir maddedir; g\u0131da ve kozmetiklerde koruyucu olarak kullan\u0131l\u0131r.<\/p>\n<p>&nbsp;<\/p>\n<p>Ba\u015fvuru<\/p>\n<p>Benzoik Asit, alkid re\u00e7inelerinin sentezi i\u00e7in yayg\u0131n olarak yap\u0131 ta\u015f\u0131 olarak kullan\u0131lan, tek i\u015flevli, romatik bir asittir. Ayr\u0131ca, lateks, di\u015f macunu, re\u00e7el, boyama ve bask\u0131 mordan\u0131, plastikle\u015ftirici, baharat ve benzerlerinin haz\u0131rlanmas\u0131nda boya ara maddeleri, \u00e7elik ekipmanlar\u0131n pas \u00f6nleyicisi vb. gibi bir\u00e7ok end\u00fcstriyel uygulamada koruyucu olarak kullan\u0131l\u0131r.<\/p>","protected":false},"excerpt":{"rendered":"<p>\u00dcr\u00fcn Ad\u0131:<a class=\"blue\"><span style=\"color: #ff0000;\">Benzoik asit<\/span><\/a><br \/>\nCAS Numaras\u0131: 65-85-0<br \/>\nMF:Benzoik asit<br \/>\nG\u00f6r\u00fcn\u00fcm: Beyaz toz<\/p>","protected":false},"featured_media":2159,"template":"","meta":{"_acf_changed":false,"_gspb_post_css":""},"product_brand":[],"product_cat":[55,57],"product_tag":[],"class_list":{"0":"post-3410","1":"product","2":"type-product","3":"status-publish","4":"has-post-thumbnail","6":"product_cat-food-additives","7":"product_cat-preservative","9":"first","10":"instock","11":"shipping-taxable","12":"product-type-simple"},"acf":[],"_links":{"self":[{"href":"https:\/\/wpachem.com\/tr\/wp-json\/wp\/v2\/product\/3410","targetHints":{"allow":["GET"]}}],"collection":[{"href":"https:\/\/wpachem.com\/tr\/wp-json\/wp\/v2\/product"}],"about":[{"href":"https:\/\/wpachem.com\/tr\/wp-json\/wp\/v2\/types\/product"}],"version-history":[{"count":0,"href":"https:\/\/wpachem.com\/tr\/wp-json\/wp\/v2\/product\/3410\/revisions"}],"wp:featuredmedia":[{"embeddable":true,"href":"https:\/\/wpachem.com\/tr\/wp-json\/wp\/v2\/media\/2159"}],"wp:attachment":[{"href":"https:\/\/wpachem.com\/tr\/wp-json\/wp\/v2\/media?parent=3410"}],"wp:term":[{"taxonomy":"product_brand","embeddable":true,"href":"https:\/\/wpachem.com\/tr\/wp-json\/wp\/v2\/product_brand?post=3410"},{"taxonomy":"product_cat","embeddable":true,"href":"https:\/\/wpachem.com\/tr\/wp-json\/wp\/v2\/product_cat?post=3410"},{"taxonomy":"product_tag","embeddable":true,"href":"https:\/\/wpachem.com\/tr\/wp-json\/wp\/v2\/product_tag?post=3410"}],"curies":[{"name":"wp","href":"https:\/\/api.w.org\/{rel}","templated":true}]}}