{"id":3413,"date":"2023-03-20T08:19:45","date_gmt":"2023-03-20T08:19:45","guid":{"rendered":"http:\/\/site2.easyceotech.com\/?post_type=product&#038;p=3413"},"modified":"2024-03-12T07:55:03","modified_gmt":"2024-03-12T07:55:03","slug":"calcium-propionate","status":"publish","type":"product","link":"https:\/\/wpachem.com\/tr\/urun\/calcium-propionate\/","title":{"rendered":"Kalsiyum Propionat"},"content":{"rendered":"<div class=\"magic-6\"><b class=\"magic-24\"><span data-spm-anchor-id=\"a2700.details.0.i12.38da3ac3MKB5ot\">Kalsiyum Propionat<\/span> \/ <\/b><b class=\"magic-24\">CAS 4075-81-4<\/b><\/div>\n<div class=\"magic-25\"><\/div>\n<div class=\"magic-25\">Kalsiyum propiyonat, ekmek, di\u011fer f\u0131r\u0131nlanm\u0131\u015f \u00fcr\u00fcnler, i\u015flenmi\u015f et, peynir alt\u0131 suyu ve di\u011fer s\u00fct \u00fcr\u00fcnleri dahil ancak bunlarla s\u0131n\u0131rl\u0131 olmamak \u00fczere \u00e7ok \u00e7e\u015fitli \u00fcr\u00fcnlerde koruyucu olarak kullan\u0131l\u0131r. Tar\u0131mda, di\u011fer \u015feylerin yan\u0131 s\u0131ra ineklerde s\u00fct hummas\u0131n\u0131 \u00f6nlemek ve yem takviyesi olarak propiyonat, benzoatlar gibi mikroplar\u0131n ihtiya\u00e7 duyduklar\u0131 enerjiyi \u00fcretmesini \u00f6nlemek i\u00e7in kullan\u0131l\u0131r. Ancak, benzoatlar\u0131n aksine, propiyonatlar asidik bir ortam gerektirmez.<\/div>\n<div><\/div>\n<div>Ba\u015fvuru<\/div>\n<div><\/div>\n<div>G\u0131da antisepti\u011fi ve antifungal madde olarak kullan\u0131l\u0131r, pastac\u0131l\u0131kta, ekmekte, soya sosunda, sirkede, kesilmi\u015f eri\u015ftelerde vb. kullan\u0131l\u0131r.<\/div>\n<p>&nbsp;<\/p>","protected":false},"excerpt":{"rendered":"<p>\u00dcr\u00fcn Ad\u0131:Kalsiyum Propionat<br \/>\nCAS Numaras\u0131:4075-81-4<br \/>\nMF:C3H8CaO2<br \/>\nG\u00f6r\u00fcn\u00fcm: beyaz g\u00fc\u00e7<\/p>","protected":false},"featured_media":2631,"template":"","meta":{"_acf_changed":false,"_gspb_post_css":""},"product_brand":[],"product_cat":[55,57],"product_tag":[],"class_list":{"0":"post-3413","1":"product","2":"type-product","3":"status-publish","4":"has-post-thumbnail","6":"product_cat-food-additives","7":"product_cat-preservative","9":"first","10":"instock","11":"shipping-taxable","12":"product-type-simple"},"acf":[],"_links":{"self":[{"href":"https:\/\/wpachem.com\/tr\/wp-json\/wp\/v2\/product\/3413","targetHints":{"allow":["GET"]}}],"collection":[{"href":"https:\/\/wpachem.com\/tr\/wp-json\/wp\/v2\/product"}],"about":[{"href":"https:\/\/wpachem.com\/tr\/wp-json\/wp\/v2\/types\/product"}],"version-history":[{"count":0,"href":"https:\/\/wpachem.com\/tr\/wp-json\/wp\/v2\/product\/3413\/revisions"}],"wp:featuredmedia":[{"embeddable":true,"href":"https:\/\/wpachem.com\/tr\/wp-json\/wp\/v2\/media\/2631"}],"wp:attachment":[{"href":"https:\/\/wpachem.com\/tr\/wp-json\/wp\/v2\/media?parent=3413"}],"wp:term":[{"taxonomy":"product_brand","embeddable":true,"href":"https:\/\/wpachem.com\/tr\/wp-json\/wp\/v2\/product_brand?post=3413"},{"taxonomy":"product_cat","embeddable":true,"href":"https:\/\/wpachem.com\/tr\/wp-json\/wp\/v2\/product_cat?post=3413"},{"taxonomy":"product_tag","embeddable":true,"href":"https:\/\/wpachem.com\/tr\/wp-json\/wp\/v2\/product_tag?post=3413"}],"curies":[{"name":"wp","href":"https:\/\/api.w.org\/{rel}","templated":true}]}}