{"id":3417,"date":"2023-03-20T08:21:29","date_gmt":"2023-03-20T08:21:29","guid":{"rendered":"http:\/\/site2.easyceotech.com\/?post_type=product&#038;p=3417"},"modified":"2024-03-12T07:54:59","modified_gmt":"2024-03-12T07:54:59","slug":"sodium-propionate","status":"publish","type":"product","link":"https:\/\/wpachem.com\/tr\/urun\/sodium-propionate\/","title":{"rendered":"Sodyum propiyonat"},"content":{"rendered":"<p>Sodyum propiyonat beyaz kristal, tane veya kristal toz, kokusuz veya \u00e7ok az propiyonik asit kokulu, suda kolayca \u00e7\u00f6z\u00fcn\u00fcr, etanolde \u00e7\u00f6z\u00fcn\u00fcr, asetonda az \u00e7\u00f6z\u00fcn\u00fcr.<\/p>\n<p>&nbsp;<\/p>\n<div id=\"ali-title-AliPostDhMb-25z8h\">Uygulamalar<\/div>\n<div>\n<p data-spm-anchor-id=\"a2700.details.0.i7.290e1c3fhhkTUS\">\u00a0[1] G\u0131da katk\u0131 maddesi olarak Codex Alimentarius&#039;ta E numaras\u0131 282 olarak listelenmi\u015ftir. Sodyum propiyonat, ekmek, di\u011fer f\u0131r\u0131nlanm\u0131\u015f \u00fcr\u00fcnler, i\u015flenmi\u015f et, peynir alt\u0131 suyu ve di\u011fer s\u00fct \u00fcr\u00fcnleri dahil ancak bunlarla s\u0131n\u0131rl\u0131 olmamak \u00fczere \u00e7ok \u00e7e\u015fitli \u00fcr\u00fcnlerde koruyucu olarak kullan\u0131l\u0131r. Maksimum kullan\u0131m seviyesi (Japonya standard\u0131): 3,15 g\/kg<br \/>\n[2] Tar\u0131mda, di\u011fer \u015feylerin yan\u0131 s\u0131ra ineklerde s\u00fct hummas\u0131n\u0131 \u00f6nlemek ve yem takviyesi olarak kullan\u0131l\u0131r<br \/>\n[3] Sodyum propiyonat, tipik olarak 0,1-0,4%&#039;de f\u0131r\u0131n \u00fcr\u00fcnlerinde k\u00fcf \u00f6nleyici olarak kullan\u0131l\u0131r<br \/>\n[4] Sodyum propiyonat pestisit olarak kullan\u0131labilir.<\/p>\n<\/div>\n<p>&nbsp;<\/p>","protected":false},"excerpt":{"rendered":"<p>\u00dcr\u00fcn Ad\u0131:Sodyum propionat<br \/>\nCAS Numaras\u0131: 137-40-6<br \/>\nMF:C3H6O2.Na<br \/>\nG\u00f6r\u00fcn\u00fcm: beyaz g\u00fc\u00e7<\/p>","protected":false},"featured_media":3146,"template":"","meta":{"_acf_changed":false,"_gspb_post_css":""},"product_brand":[],"product_cat":[55,57],"product_tag":[],"class_list":{"0":"post-3417","1":"product","2":"type-product","3":"status-publish","4":"has-post-thumbnail","6":"product_cat-food-additives","7":"product_cat-preservative","9":"first","10":"instock","11":"shipping-taxable","12":"product-type-simple"},"acf":[],"_links":{"self":[{"href":"https:\/\/wpachem.com\/tr\/wp-json\/wp\/v2\/product\/3417","targetHints":{"allow":["GET"]}}],"collection":[{"href":"https:\/\/wpachem.com\/tr\/wp-json\/wp\/v2\/product"}],"about":[{"href":"https:\/\/wpachem.com\/tr\/wp-json\/wp\/v2\/types\/product"}],"version-history":[{"count":0,"href":"https:\/\/wpachem.com\/tr\/wp-json\/wp\/v2\/product\/3417\/revisions"}],"wp:featuredmedia":[{"embeddable":true,"href":"https:\/\/wpachem.com\/tr\/wp-json\/wp\/v2\/media\/3146"}],"wp:attachment":[{"href":"https:\/\/wpachem.com\/tr\/wp-json\/wp\/v2\/media?parent=3417"}],"wp:term":[{"taxonomy":"product_brand","embeddable":true,"href":"https:\/\/wpachem.com\/tr\/wp-json\/wp\/v2\/product_brand?post=3417"},{"taxonomy":"product_cat","embeddable":true,"href":"https:\/\/wpachem.com\/tr\/wp-json\/wp\/v2\/product_cat?post=3417"},{"taxonomy":"product_tag","embeddable":true,"href":"https:\/\/wpachem.com\/tr\/wp-json\/wp\/v2\/product_tag?post=3417"}],"curies":[{"name":"wp","href":"https:\/\/api.w.org\/{rel}","templated":true}]}}