{"id":3420,"date":"2023-03-20T08:23:34","date_gmt":"2023-03-20T08:23:34","guid":{"rendered":"http:\/\/site2.easyceotech.com\/?post_type=product&#038;p=3420"},"modified":"2024-03-12T07:54:57","modified_gmt":"2024-03-12T07:54:57","slug":"natamycin","status":"publish","type":"product","link":"https:\/\/wpachem.com\/tr\/urun\/natamycin\/","title":{"rendered":"Natamisin"},"content":{"rendered":"<p><strong>Natamisin E235<\/strong>\u00a0yeni, geni\u015f ve y\u00fcksek etkili do\u011fal bir g\u0131da koruyucudur ve uluslararas\u0131 alanda onaylanm\u0131\u015f tek antifungal koruyucudur. Natamisin sadece mantarlar\u0131n b\u00fcy\u00fcmesini engellemekle kalmaz, ayn\u0131 zamanda toksin \u00fcretimini de engeller. Natamisin bakteriler \u00fczerinde hi\u00e7bir etkiye sahip de\u011fildir, bu nedenle yo\u011furt, peynir, taze zarar, sosis vb.&#039;nin do\u011fal olgunla\u015fma s\u00fcrecini engellemez. G\u0131dan\u0131n tad\u0131n\u0131 etkilemez. Bu arada, natamisin insan sindirim sistemi taraf\u0131ndan emilmesi zordur, bu nedenle insan i\u00e7in g\u00fcvenlidir. \u015eimdiye kadar Natamisin 40&#039;tan fazla \u00fclkede g\u0131da koruyucu olarak onaylanm\u0131\u015ft\u0131r ve peynir, et yeme\u011fi, kek, meyve suyu, sos, j\u00f6le, tuzlu \u00fcr\u00fcnler ve di\u011fer g\u0131dalarda yayg\u0131n olarak kullan\u0131lmaktad\u0131r.<\/p>\n<p>&nbsp;<\/p>\n<p><strong>\u00a0Kullan\u0131m ve Dozaj\u00a0<\/strong><\/p>\n<table border=\"1\">\n<tbody>\n<tr>\n<td>\u00a0\u00a0<span data-spm-anchor-id=\"a2700.details.0.i9.642c2922LmHRji\">Saf Natamisin-natamisin 95%<\/span><\/td>\n<td>\u00a0\u00a0her t\u00fcrl\u00fc g\u0131daya uygun<\/td>\n<\/tr>\n<tr>\n<td>\u00a0\u00a0Natamisin 50% Nacl&#039;de<\/td>\n<td>\u00a0\u00a0et ve tuz \u00fcr\u00fcnleri i\u00e7in uygundur<\/td>\n<\/tr>\n<tr>\n<td>\u00a0\u00a0Natamisin 50% Glikozda<\/td>\n<td data-spm-anchor-id=\"a2700.details.0.i10.642c2922LmHRji\">\u00a0\u00a0i\u00e7ecek ve me\u015frubat i\u00e7in uygun<\/td>\n<\/tr>\n<tr>\n<td>\u00a0\u00a0Laktozda Natamisin 50%<\/td>\n<td data-spm-anchor-id=\"a2700.details.0.i11.642c2922LmHRji\">\u00a0\u00a0S\u00fct \u00fcr\u00fcnleri i\u00e7in uygundur.<\/td>\n<\/tr>\n<\/tbody>\n<\/table>\n<p>&nbsp;<\/p>","protected":false},"excerpt":{"rendered":"<p>\u00dcr\u00fcn Ad\u0131: Natamisin<br \/>\nCAS Numaras\u0131:7681-93-8<br \/>\nMF:C33H47NO13<br \/>\nG\u00f6r\u00fcn\u00fcm: beyaz g\u00fc\u00e7<\/p>","protected":false},"featured_media":2179,"template":"","meta":{"_acf_changed":false,"_gspb_post_css":""},"product_brand":[],"product_cat":[55,57],"product_tag":[],"class_list":{"0":"post-3420","1":"product","2":"type-product","3":"status-publish","4":"has-post-thumbnail","6":"product_cat-food-additives","7":"product_cat-preservative","9":"first","10":"instock","11":"shipping-taxable","12":"product-type-simple"},"acf":[],"_links":{"self":[{"href":"https:\/\/wpachem.com\/tr\/wp-json\/wp\/v2\/product\/3420","targetHints":{"allow":["GET"]}}],"collection":[{"href":"https:\/\/wpachem.com\/tr\/wp-json\/wp\/v2\/product"}],"about":[{"href":"https:\/\/wpachem.com\/tr\/wp-json\/wp\/v2\/types\/product"}],"version-history":[{"count":0,"href":"https:\/\/wpachem.com\/tr\/wp-json\/wp\/v2\/product\/3420\/revisions"}],"wp:featuredmedia":[{"embeddable":true,"href":"https:\/\/wpachem.com\/tr\/wp-json\/wp\/v2\/media\/2179"}],"wp:attachment":[{"href":"https:\/\/wpachem.com\/tr\/wp-json\/wp\/v2\/media?parent=3420"}],"wp:term":[{"taxonomy":"product_brand","embeddable":true,"href":"https:\/\/wpachem.com\/tr\/wp-json\/wp\/v2\/product_brand?post=3420"},{"taxonomy":"product_cat","embeddable":true,"href":"https:\/\/wpachem.com\/tr\/wp-json\/wp\/v2\/product_cat?post=3420"},{"taxonomy":"product_tag","embeddable":true,"href":"https:\/\/wpachem.com\/tr\/wp-json\/wp\/v2\/product_tag?post=3420"}],"curies":[{"name":"wp","href":"https:\/\/api.w.org\/{rel}","templated":true}]}}