{"id":3423,"date":"2023-03-20T08:25:45","date_gmt":"2023-03-20T08:25:45","guid":{"rendered":"http:\/\/site2.easyceotech.com\/?post_type=product&#038;p=3423"},"modified":"2024-03-12T07:54:51","modified_gmt":"2024-03-12T07:54:51","slug":"nisin","status":"publish","type":"product","link":"https:\/\/wpachem.com\/tr\/urun\/nisin\/","title":{"rendered":"nisin"},"content":{"rendered":"<p>Girii\u015f:<br \/>\nNisin, d\u00fcnya \u00e7ap\u0131nda bilinen bir g\u0131da koruyucudur<br \/>\n\u00d6zellikler:<br \/>\n1) Nisin (Str. laktik peptit olarak da bilinir) bir polipeptit oldu\u011fundan, t\u00fcketildikten sonra ba\u011f\u0131rsakta sindirim enzimleri taraf\u0131ndan h\u0131zla inaktive edilir.<br \/>\n2) Kapsaml\u0131 mikrobiyolojik testler nisin ile t\u0131bbi antibakteriyel ila\u00e7 aras\u0131nda herhangi bir \u00e7apraz diren\u00e7 g\u00f6stermemi\u015ftir.<br \/>\n3) Nisin, g\u0131da bozulmas\u0131na neden olan \u00e7ok \u00e7e\u015fitli Gram pozitif bakterilere ve sporlar\u0131na kar\u015f\u0131 antimikrobiyal aktiviteye sahiptir ve \u00f6zellikle B. Stearothermophilus, CI. Butyricum ve L. Monocytogenes gibi \u0131s\u0131ya dayan\u0131kl\u0131 basilleri inhibe eder:<br \/>\n4) Son derece etkili, g\u00fcvenli ve yan etkisi olmayan do\u011fal bir g\u0131da koruyucudur.<br \/>\n5) Ayr\u0131ca, g\u0131dada m\u00fckemmel bir \u00e7\u00f6z\u00fcn\u00fcrl\u00fc\u011fe ve stabiliteye sahiptir. Gram-negatif bakterilere, mayalara veya k\u00fcflere kar\u015f\u0131 etkili de\u011fildir<br \/>\nUygulama alan\u0131:<br \/>\n1) Nisin, \u0131s\u0131yla i\u015flenmi\u015f \u00e7ok \u00e7e\u015fitli g\u0131dalarda kullan\u0131labilir<br \/>\n2) Bunlara \u015funlar dahildir: taze s\u00fct, i\u015flenmi\u015f peynir ve di\u011fer s\u00fct \u00fcr\u00fcnleri, past\u00f6rize s\u0131v\u0131 yumurtalar, i\u015flenmi\u015f et, deniz \u00fcr\u00fcnleri, konserve yiyecekler, meyve sular\u0131, bitkisel protein i\u00e7ecekleri, f\u0131r\u0131nlanm\u0131\u015f \u00fcr\u00fcnler, haz\u0131r yiyecekler, bira ve \u015farap<br \/>\n3) Jelatin i\u015flemede, kozmetikte, ila\u00e7ta ve sa\u011fl\u0131k \u00fcr\u00fcnlerinde koruyucu olarak da kullan\u0131labilir.<br \/>\nSon kullanma tarihi: Serin (0\u00b0C \u2013 10\u00b0C), kuru ortamda, do\u011frudan g\u00fcne\u015f \u0131\u015f\u0131\u011f\u0131ndan uzakta, orijinal, a\u00e7\u0131lmam\u0131\u015f ambalaj\u0131nda 2 y\u0131ld\u0131r.<\/p>","protected":false},"excerpt":{"rendered":"<p>\u00dcr\u00fcn Ad\u0131:Nisin<br \/>\nCAS Numaras\u0131: 1414-45-5<br \/>\nMF:C143H230N42O37S7<br \/>\nG\u00f6r\u00fcn\u00fcm: beyaz g\u00fc\u00e7<\/p>","protected":false},"featured_media":2181,"template":"","meta":{"_acf_changed":false,"_gspb_post_css":""},"product_brand":[],"product_cat":[55,57],"product_tag":[],"class_list":{"0":"post-3423","1":"product","2":"type-product","3":"status-publish","4":"has-post-thumbnail","6":"product_cat-food-additives","7":"product_cat-preservative","9":"first","10":"instock","11":"shipping-taxable","12":"product-type-simple"},"acf":[],"_links":{"self":[{"href":"https:\/\/wpachem.com\/tr\/wp-json\/wp\/v2\/product\/3423","targetHints":{"allow":["GET"]}}],"collection":[{"href":"https:\/\/wpachem.com\/tr\/wp-json\/wp\/v2\/product"}],"about":[{"href":"https:\/\/wpachem.com\/tr\/wp-json\/wp\/v2\/types\/product"}],"version-history":[{"count":0,"href":"https:\/\/wpachem.com\/tr\/wp-json\/wp\/v2\/product\/3423\/revisions"}],"wp:featuredmedia":[{"embeddable":true,"href":"https:\/\/wpachem.com\/tr\/wp-json\/wp\/v2\/media\/2181"}],"wp:attachment":[{"href":"https:\/\/wpachem.com\/tr\/wp-json\/wp\/v2\/media?parent=3423"}],"wp:term":[{"taxonomy":"product_brand","embeddable":true,"href":"https:\/\/wpachem.com\/tr\/wp-json\/wp\/v2\/product_brand?post=3423"},{"taxonomy":"product_cat","embeddable":true,"href":"https:\/\/wpachem.com\/tr\/wp-json\/wp\/v2\/product_cat?post=3423"},{"taxonomy":"product_tag","embeddable":true,"href":"https:\/\/wpachem.com\/tr\/wp-json\/wp\/v2\/product_tag?post=3423"}],"curies":[{"name":"wp","href":"https:\/\/api.w.org\/{rel}","templated":true}]}}