{"id":3426,"date":"2023-03-20T08:32:30","date_gmt":"2023-03-20T08:32:30","guid":{"rendered":"http:\/\/site2.easyceotech.com\/?post_type=product&#038;p=3426"},"modified":"2024-03-12T07:53:05","modified_gmt":"2024-03-12T07:53:05","slug":"sodium-acetate-anhydrous","status":"publish","type":"product","link":"https:\/\/wpachem.com\/tr\/urun\/sodium-acetate-anhydrous\/","title":{"rendered":"Sodyum Asetat Susuz"},"content":{"rendered":"<p>Sodyum asetat genellikle \u00fc\u00e7 kristal su i\u00e7eren sodyum asetat trihidrat formunda bulunur. Sodyum asetat trihidrat renksiz, \u015feffaf veya beyaz taneli kristaldir, havada a\u015f\u0131nabilir, yan\u0131c\u0131d\u0131r. Suda \u00e7\u00f6z\u00fcn\u00fcr, etanolde az \u00e7\u00f6z\u00fcn\u00fcr, eterde \u00e7\u00f6z\u00fcnmez. Kristal su 123\u2103&#039;de kaybolur. Ancak genellikle asetik asit tad\u0131 verir. Hidroliz suda ger\u00e7ekle\u015fir.<\/p>\n<p>&nbsp;<\/p>\n<p>Ba\u015fvuru<\/p>\n<p><span data-spm-anchor-id=\"a2700.details.0.i10.78764250mxI4QG\">End\u00fcstriyel kullan\u0131mlar<\/span><\/p>\n<p>Sodyum asetat, tekstil end\u00fcstrisinde s\u00fclf\u00fcrik asit at\u0131k ak\u0131mlar\u0131n\u0131 n\u00f6tralize etmek ve ayr\u0131ca anilin boyalar\u0131 kullan\u0131rken fotorezist olarak kullan\u0131l\u0131r. Ayr\u0131ca krom tabaklamada bir asitleme maddesidir ve sentetik kau\u00e7uk \u00fcretiminde kloropren vulkanizasyonunu engellemeye yard\u0131mc\u0131 olur. Tek kullan\u0131ml\u0131k pamuklu pedler i\u00e7in pamu\u011fun i\u015flenmesinde, statik elektri\u011fin birikmesini ortadan kald\u0131rmak i\u00e7in sodyum asetat kullan\u0131l\u0131r.<\/p>\n<p>Betonun uzun \u00f6m\u00fcrl\u00fcl\u00fc\u011f\u00fc<\/p>\n<p>Sodyum Etanoat veya sodyum asetat, betonda su hasar\u0131n\u0131 azaltmak i\u00e7in beton s\u0131zd\u0131rmazl\u0131k maddesi olarak kullan\u0131l\u0131r, ayn\u0131 zamanda \u00e7evre dostudur ve betonu su ge\u00e7irgenli\u011fine kar\u015f\u0131 s\u0131zd\u0131rmaz hale getirmek i\u00e7in yayg\u0131n olarak kullan\u0131lan epoksi alternatifinden daha ucuzdur.<\/p>\n<p>G\u0131da End\u00fcstrisi<\/p>\n<p>Sodyum asetat, bazen sodyum asetat ve asetik asidin bire bir kompleksi olan sodyum di asetat formunda, E-numaras\u0131 E262 olarak, bir \u00e7e\u015fni olarak yeme\u011fe eklenebilir. Genellikle patates cipslerine tuz ve sirke aromas\u0131 vermek i\u00e7in kullan\u0131l\u0131r.<\/p>\n<p>Tampon \u00e7\u00f6zelti<\/p>\n<p>Asetik asidin konjuge baz\u0131 olarak, sodyum asetat ve asetik asit \u00e7\u00f6zeltisi nispeten sabit bir pH seviyesini korumak i\u00e7in bir tampon g\u00f6revi g\u00f6rebilir. Bu \u00f6zellikle reaksiyonlar\u0131n hafif asidik bir aral\u0131kta (pH 4-6) pH&#039;a ba\u011fl\u0131 oldu\u011fu biyokimyasal uygulamalarda faydal\u0131d\u0131r.<\/p>","protected":false},"excerpt":{"rendered":"<p>\u00dcr\u00fcn Ad\u0131:Sodyum asetat<br \/>\nCAS Numaras\u0131: 127-09-3<br \/>\nMF:C2H3NaO2<br \/>\nG\u00f6r\u00fcn\u00fcm: beyaz g\u00fc\u00e7<\/p>","protected":false},"featured_media":2177,"template":"","meta":{"_acf_changed":false,"_gspb_post_css":""},"product_brand":[],"product_cat":[55,57],"product_tag":[],"class_list":{"0":"post-3426","1":"product","2":"type-product","3":"status-publish","4":"has-post-thumbnail","6":"product_cat-food-additives","7":"product_cat-preservative","9":"first","10":"instock","11":"shipping-taxable","12":"product-type-simple"},"acf":[],"_links":{"self":[{"href":"https:\/\/wpachem.com\/tr\/wp-json\/wp\/v2\/product\/3426","targetHints":{"allow":["GET"]}}],"collection":[{"href":"https:\/\/wpachem.com\/tr\/wp-json\/wp\/v2\/product"}],"about":[{"href":"https:\/\/wpachem.com\/tr\/wp-json\/wp\/v2\/types\/product"}],"version-history":[{"count":0,"href":"https:\/\/wpachem.com\/tr\/wp-json\/wp\/v2\/product\/3426\/revisions"}],"wp:featuredmedia":[{"embeddable":true,"href":"https:\/\/wpachem.com\/tr\/wp-json\/wp\/v2\/media\/2177"}],"wp:attachment":[{"href":"https:\/\/wpachem.com\/tr\/wp-json\/wp\/v2\/media?parent=3426"}],"wp:term":[{"taxonomy":"product_brand","embeddable":true,"href":"https:\/\/wpachem.com\/tr\/wp-json\/wp\/v2\/product_brand?post=3426"},{"taxonomy":"product_cat","embeddable":true,"href":"https:\/\/wpachem.com\/tr\/wp-json\/wp\/v2\/product_cat?post=3426"},{"taxonomy":"product_tag","embeddable":true,"href":"https:\/\/wpachem.com\/tr\/wp-json\/wp\/v2\/product_tag?post=3426"}],"curies":[{"name":"wp","href":"https:\/\/api.w.org\/{rel}","templated":true}]}}