{"id":3430,"date":"2023-03-20T08:34:31","date_gmt":"2023-03-20T08:34:31","guid":{"rendered":"http:\/\/site2.easyceotech.com\/?post_type=product&#038;p=3430"},"modified":"2024-03-12T07:52:59","modified_gmt":"2024-03-12T07:52:59","slug":"calcium-acetate-monohydrate","status":"publish","type":"product","link":"https:\/\/wpachem.com\/tr\/urun\/calcium-acetate-monohydrate\/","title":{"rendered":"Kalsiyum Asetat Monohidrat"},"content":{"rendered":"<p>Kalsiyum asetat beyaz bir toz veya gran\u00fcld\u00fcr, baz\u0131 bakterilerin etkili bir b\u00fcy\u00fcme inhibit\u00f6r\u00fcd\u00fcr.<\/p>\n<p>&nbsp;<\/p>\n<p>Ba\u015fvuru<\/p>\n<p>[1]Ekme\u011fin raf \u00f6mr\u00fcn\u00fc uzatmak i\u00e7in halat olu\u015fumunu \u00f6nlemek amac\u0131yla yayg\u0131n olarak kullan\u0131l\u0131r. Ekme\u011fin y\u00fcksek nem i\u00e7eri\u011fi halata neden olan bakterilerin b\u00fcy\u00fcmesini te\u015fvik eder. Bu bakteriler \u0131s\u0131ya dayan\u0131kl\u0131d\u0131r ve destek i\u015flemi s\u0131ras\u0131nda ula\u015f\u0131lan s\u0131cakl\u0131klarda hayatta kal\u0131rlar. Bu, halat geli\u015fimine elveri\u015fli ko\u015fullar\u0131n sa\u011flanmas\u0131 i\u00e7in halat olu\u015fumunu \u00f6nlemek amac\u0131yla yeterli \u00f6nlemlerin al\u0131nmas\u0131 gerekti\u011fi anlam\u0131na gelir.<br \/>\n[2]Kalsiyum Asetat etkili bir anti-mayalanma maddesidir ve fermantasyon s\u00fcrecini ve ekme\u011fin tad\u0131n\u0131 etkilemez. Un miktar\u0131na ba\u011fl\u0131 olarak 0,2-0,5% konsantrasyon seviyeleri \u00f6nerilir.<br \/>\n[3]Kalsiyum Asetat ayr\u0131ca bask\u0131 m\u00fcrekkepleri i\u00e7in rezonanslar\u0131n \u00fcretiminde de uygulama alan\u0131 bulmaktad\u0131r.<br \/>\n[4]Kalsiyum Asetat, s\u00fct ineklerinin s\u00fct ya\u011f\u0131 \u00fcretimini art\u0131rmak i\u00e7in kullan\u0131labilir.<br \/>\n[5]Kalsiyum sabunu imalat\u0131nda, y\u00fcksek s\u0131cakl\u0131kta ya\u011flama gresi \u00fcretiminde ve polyester \u00fcretimi i\u00e7in bir kataliz\u00f6r olarak kullan\u0131l\u0131r<\/p>","protected":false},"excerpt":{"rendered":"<p>\u00dcr\u00fcn Ad\u0131:Kalsiyum Asetat Monohidrat<\/p>\n<p>CAS Numaras\u0131:5743-26-0<br \/>\nMF:C4H8CaO5<br \/>\nG\u00f6r\u00fcn\u00fcm: beyaz g\u00fc\u00e7<\/p>","protected":false},"featured_media":2179,"template":"","meta":{"_acf_changed":false,"_gspb_post_css":""},"product_brand":[],"product_cat":[55,57],"product_tag":[],"class_list":{"0":"post-3430","1":"product","2":"type-product","3":"status-publish","4":"has-post-thumbnail","6":"product_cat-food-additives","7":"product_cat-preservative","9":"first","10":"instock","11":"shipping-taxable","12":"product-type-simple"},"acf":[],"_links":{"self":[{"href":"https:\/\/wpachem.com\/tr\/wp-json\/wp\/v2\/product\/3430","targetHints":{"allow":["GET"]}}],"collection":[{"href":"https:\/\/wpachem.com\/tr\/wp-json\/wp\/v2\/product"}],"about":[{"href":"https:\/\/wpachem.com\/tr\/wp-json\/wp\/v2\/types\/product"}],"version-history":[{"count":0,"href":"https:\/\/wpachem.com\/tr\/wp-json\/wp\/v2\/product\/3430\/revisions"}],"wp:featuredmedia":[{"embeddable":true,"href":"https:\/\/wpachem.com\/tr\/wp-json\/wp\/v2\/media\/2179"}],"wp:attachment":[{"href":"https:\/\/wpachem.com\/tr\/wp-json\/wp\/v2\/media?parent=3430"}],"wp:term":[{"taxonomy":"product_brand","embeddable":true,"href":"https:\/\/wpachem.com\/tr\/wp-json\/wp\/v2\/product_brand?post=3430"},{"taxonomy":"product_cat","embeddable":true,"href":"https:\/\/wpachem.com\/tr\/wp-json\/wp\/v2\/product_cat?post=3430"},{"taxonomy":"product_tag","embeddable":true,"href":"https:\/\/wpachem.com\/tr\/wp-json\/wp\/v2\/product_tag?post=3430"}],"curies":[{"name":"wp","href":"https:\/\/api.w.org\/{rel}","templated":true}]}}