{"id":3433,"date":"2023-03-20T09:34:51","date_gmt":"2023-03-20T09:34:51","guid":{"rendered":"http:\/\/site2.easyceotech.com\/?post_type=product&#038;p=3433"},"modified":"2024-03-12T07:52:56","modified_gmt":"2024-03-12T07:52:56","slug":"sodium-diacetate","status":"publish","type":"product","link":"https:\/\/wpachem.com\/tr\/urun\/sodium-diacetate\/","title":{"rendered":"Sodyum Diasetat"},"content":{"rendered":"<h3 class=\"magic-2\"><span class=\"magic-3\">Sodyum diasetat<\/span><\/h3>\n<div class=\"magic-4\">\n<div class=\"magic-5\">\n<div class=\"magic-6\" data-spm-anchor-id=\"a2700.details.0.i7.60431225pTHdI0\"><span class=\"magic-7\">Sodyum diasetat, f\u0131r\u0131nlanm\u0131\u015f yiyecekler gibi g\u0131da katk\u0131 maddelerinde yayg\u0131n olarak kullan\u0131lan, g\u0131da ve i\u00e7ecekler i\u00e7in yeni bir t\u00fcr g\u0131da katk\u0131 maddesidir.<br \/>\n\u015fekerleme, ya\u011f, et \u00fcr\u00fcnleri, ya\u011f, soya sosu, \u00e7e\u015fniler, kekler, fast food, \u00e7orba ve toz vb.; Tah\u0131l yemi ve ye\u015fil yem<br \/>\nkatk\u0131 maddeleri; Sodyum diasetat, kimyasal form\u00fcl\u00fc C4H7NaO4 olan, sodyum asetat olarak da bilinen, yeni bir t\u00fcr g\u0131da koruyucudur.<br \/>\nistikrarl\u0131 \u00f6zellikler ve d\u00fc\u015f\u00fck fiyat<\/span><\/div>\n<\/div>\n<\/div>\n<p>&nbsp;<\/p>","protected":false},"excerpt":{"rendered":"<p>\u00dcr\u00fcn Ad\u0131:Sodyum diasetat<br \/>\nCAS Numaras\u0131: 126-96-5<br \/>\nMF:C2H5NaO2<br \/>\nG\u00f6r\u00fcn\u00fcm: beyaz g\u00fc\u00e7<\/p>","protected":false},"featured_media":2160,"template":"","meta":{"_acf_changed":false,"_gspb_post_css":""},"product_brand":[],"product_cat":[55,57],"product_tag":[],"class_list":{"0":"post-3433","1":"product","2":"type-product","3":"status-publish","4":"has-post-thumbnail","6":"product_cat-food-additives","7":"product_cat-preservative","9":"first","10":"instock","11":"shipping-taxable","12":"product-type-simple"},"acf":[],"_links":{"self":[{"href":"https:\/\/wpachem.com\/tr\/wp-json\/wp\/v2\/product\/3433","targetHints":{"allow":["GET"]}}],"collection":[{"href":"https:\/\/wpachem.com\/tr\/wp-json\/wp\/v2\/product"}],"about":[{"href":"https:\/\/wpachem.com\/tr\/wp-json\/wp\/v2\/types\/product"}],"version-history":[{"count":0,"href":"https:\/\/wpachem.com\/tr\/wp-json\/wp\/v2\/product\/3433\/revisions"}],"wp:featuredmedia":[{"embeddable":true,"href":"https:\/\/wpachem.com\/tr\/wp-json\/wp\/v2\/media\/2160"}],"wp:attachment":[{"href":"https:\/\/wpachem.com\/tr\/wp-json\/wp\/v2\/media?parent=3433"}],"wp:term":[{"taxonomy":"product_brand","embeddable":true,"href":"https:\/\/wpachem.com\/tr\/wp-json\/wp\/v2\/product_brand?post=3433"},{"taxonomy":"product_cat","embeddable":true,"href":"https:\/\/wpachem.com\/tr\/wp-json\/wp\/v2\/product_cat?post=3433"},{"taxonomy":"product_tag","embeddable":true,"href":"https:\/\/wpachem.com\/tr\/wp-json\/wp\/v2\/product_tag?post=3433"}],"curies":[{"name":"wp","href":"https:\/\/api.w.org\/{rel}","templated":true}]}}