{"id":3436,"date":"2023-03-21T03:45:56","date_gmt":"2023-03-21T03:45:56","guid":{"rendered":"http:\/\/site2.easyceotech.com\/?post_type=product&#038;p=3436"},"modified":"2024-03-12T07:52:52","modified_gmt":"2024-03-12T07:52:52","slug":"aspartame","status":"publish","type":"product","link":"https:\/\/wpachem.com\/tr\/urun\/aspartame\/","title":{"rendered":"Aspartam"},"content":{"rendered":"<p>Aspartam beyaz kristal tozdur, kokusuzdur, suda hafif \u00e7\u00f6z\u00fcn\u00fcr ve tatl\u0131l\u0131k a\u00e7\u0131s\u0131ndan \u015fekerden 200 kat daha tatl\u0131d\u0131r. Insen Biotech Aspartam ac\u0131ms\u0131 bir tada neden olmaz. K\u0131sa s\u00fcrede alg\u0131lanabilir ve k\u0131sa s\u00fcre devam eder. Insen Biotech Aspartam tatland\u0131r\u0131c\u0131 taze ve sakaroza en \u00e7ok benzeyen tada sahiptir. I\u015f\u0131k ve \u0131s\u0131 alt\u0131nda stabil de\u011fildir.<\/p>\n<p>Aspartam uzun s\u00fcreli \u0131s\u0131tma sonucu \u00e7\u00f6z\u00fcn\u00fcp tatl\u0131l\u0131\u011f\u0131n\u0131 kaybedece\u011fi gibi d\u00fc\u015f\u00fck s\u0131cakl\u0131klarda ve PH de\u011feri 3-5 aras\u0131nda stabil olup, \u0131s\u0131t\u0131lmadan taze i\u00e7ecek ve yiyeceklerde kullan\u0131ma uygundur.<\/p>\n<p>&nbsp;<\/p>\n<p>(1) Aspartam do\u011fal fonksiyonel bir oligosakkarittir, di\u015f \u00e7\u00fcr\u00fcmesine neden olmaz, saf tatl\u0131d\u0131r, d\u00fc\u015f\u00fck nem emilimi vard\u0131r, yap\u0131\u015fkanl\u0131k olay\u0131 yoktur.<\/p>\n<p>(2) Aspartam saf tatl\u0131 bir tada sahiptir ve sakaroza \u00e7ok benzer, ferahlat\u0131c\u0131 bir tatl\u0131l\u0131\u011fa sahiptir, ac\u0131 bir tat ve metalik bir tat b\u0131rakmaz.<\/p>\n<p>(3) Aspartam kek, bisk\u00fcvi, ekmek, \u015farap, dondurma, popsicle, i\u00e7ecek, \u015fekerleme vb. haz\u0131rlanmas\u0131nda kullan\u0131labilir. Diyabet hastalar\u0131nda kan \u015fekerinin \u00f6nemli \u00f6l\u00e7\u00fcde y\u00fckselmesine neden olamaz.<\/p>\n<p>(4) Aspartam ve di\u011fer tatland\u0131r\u0131c\u0131lar veya sakaroz kar\u0131\u015f\u0131m\u0131 sinerjik etkiye sahiptir, \u00f6rne\u011fin aspartam\u0131n 2% ila 3%&#039;si sakarinin k\u00f6t\u00fc tad\u0131n\u0131 \u00f6nemli \u00f6l\u00e7\u00fcde maskeleyebilir.<\/p>","protected":false},"excerpt":{"rendered":"<p>\u00dcr\u00fcn Ad\u0131:Aspartam<br \/>\nCAS Numaras\u0131: 22839-47-0<br \/>\nMF:C14H18N2O5<br \/>\nG\u00f6r\u00fcn\u00fcm: beyaz g\u00fc\u00e7<\/p>","protected":false},"featured_media":2151,"template":"","meta":{"_acf_changed":false,"_gspb_post_css":""},"product_brand":[],"product_cat":[55,56],"product_tag":[],"class_list":{"0":"post-3436","1":"product","2":"type-product","3":"status-publish","4":"has-post-thumbnail","6":"product_cat-food-additives","7":"product_cat-sweetener","9":"first","10":"instock","11":"shipping-taxable","12":"product-type-simple"},"acf":[],"_links":{"self":[{"href":"https:\/\/wpachem.com\/tr\/wp-json\/wp\/v2\/product\/3436","targetHints":{"allow":["GET"]}}],"collection":[{"href":"https:\/\/wpachem.com\/tr\/wp-json\/wp\/v2\/product"}],"about":[{"href":"https:\/\/wpachem.com\/tr\/wp-json\/wp\/v2\/types\/product"}],"version-history":[{"count":0,"href":"https:\/\/wpachem.com\/tr\/wp-json\/wp\/v2\/product\/3436\/revisions"}],"wp:featuredmedia":[{"embeddable":true,"href":"https:\/\/wpachem.com\/tr\/wp-json\/wp\/v2\/media\/2151"}],"wp:attachment":[{"href":"https:\/\/wpachem.com\/tr\/wp-json\/wp\/v2\/media?parent=3436"}],"wp:term":[{"taxonomy":"product_brand","embeddable":true,"href":"https:\/\/wpachem.com\/tr\/wp-json\/wp\/v2\/product_brand?post=3436"},{"taxonomy":"product_cat","embeddable":true,"href":"https:\/\/wpachem.com\/tr\/wp-json\/wp\/v2\/product_cat?post=3436"},{"taxonomy":"product_tag","embeddable":true,"href":"https:\/\/wpachem.com\/tr\/wp-json\/wp\/v2\/product_tag?post=3436"}],"curies":[{"name":"wp","href":"https:\/\/api.w.org\/{rel}","templated":true}]}}