{"id":3439,"date":"2023-03-21T05:30:47","date_gmt":"2023-03-21T05:30:47","guid":{"rendered":"http:\/\/site2.easyceotech.com\/?post_type=product&#038;p=3439"},"modified":"2024-03-12T07:52:48","modified_gmt":"2024-03-12T07:52:48","slug":"acesulfame","status":"publish","type":"product","link":"https:\/\/wpachem.com\/tr\/urun\/acesulfame\/","title":{"rendered":"Ases\u00fclfam"},"content":{"rendered":"<p>Ases\u00fclfam K, y\u00fcksek stabilitesi ve iyi tad\u0131 nedeniyle yumu\u015fak i\u00e7ecekler i\u00e7in en uygun tatland\u0131r\u0131c\u0131d\u0131r.<br \/>\ntatland\u0131r\u0131c\u0131 gibi g\u0131da maddeleri: me\u015frubat, sak\u0131z, kahve (haz\u0131r), \u00e7ay (haz\u0131r), s\u00fct \u00fcr\u00fcnleri analoglar\u0131, jelatin, puding<br \/>\ntatl\u0131lar, sofra tatland\u0131r\u0131c\u0131lar\u0131 ve f\u0131r\u0131nlanm\u0131\u015f yiyecekler. Ases\u00fclfam kozmetiklerde de kullan\u0131labilir.<\/p>\n<p>&nbsp;<\/p>\n<p>Ba\u015fvuru<\/p>\n<p><span data-spm-anchor-id=\"a2700.details.0.i8.3f8f5a50vOafAD\">Ases\u00fclfam K genellikle di\u011fer tatland\u0131r\u0131c\u0131larla (genellikle sukraloz veya aspartam) harmanlan\u0131r. Bu kar\u0131\u015f\u0131mlar\u0131n, her tatland\u0131r\u0131c\u0131n\u0131n di\u011ferinin a\u011f\u0131zda b\u0131rakt\u0131\u011f\u0131 tad\u0131 maskeledi\u011fi ve\/veya kar\u0131\u015f\u0131m\u0131n bile\u015fenlerinden daha tatl\u0131 oldu\u011fu sinerjik bir etki sergiledi\u011fi i\u00e7in daha \u00e7ok sukroz benzeri bir tat verdi\u011fi s\u00f6ylenir.<\/span><\/p>\n<p>Aspartam\u0131n aksine, ases\u00fclfam K orta derecede asidik veya bazik ko\u015fullar alt\u0131nda bile \u0131s\u0131ya kar\u015f\u0131 dayan\u0131kl\u0131d\u0131r ve bu da f\u0131r\u0131nc\u0131l\u0131kta veya uzun raf \u00f6mr\u00fc gerektiren \u00fcr\u00fcnlerde g\u0131da katk\u0131 maddesi olarak kullan\u0131lmas\u0131na olanak tan\u0131r. Karbonatl\u0131 i\u00e7eceklerde, neredeyse her zaman aspartam veya sukraloz gibi ba\u015fka bir tatland\u0131r\u0131c\u0131 ile birlikte kullan\u0131l\u0131r. Ayr\u0131ca, aktif bile\u015fenleri daha lezzetli hale getirebildi\u011fi protein tozlar\u0131nda tatland\u0131r\u0131c\u0131 olarak da kullan\u0131l\u0131r.<\/p>","protected":false},"excerpt":{"rendered":"<p>\u00dcr\u00fcn Ad\u0131:Ases\u00fclfam<br \/>\nCAS Numaras\u0131:33665-90-6<br \/>\nMF:C4H5NO4S<br \/>\nG\u00f6r\u00fcn\u00fcm: beyaz g\u00fc\u00e7<\/p>","protected":false},"featured_media":2161,"template":"","meta":{"_acf_changed":false,"_gspb_post_css":""},"product_brand":[],"product_cat":[55,56],"product_tag":[],"class_list":{"0":"post-3439","1":"product","2":"type-product","3":"status-publish","4":"has-post-thumbnail","6":"product_cat-food-additives","7":"product_cat-sweetener","9":"first","10":"instock","11":"shipping-taxable","12":"product-type-simple"},"acf":[],"_links":{"self":[{"href":"https:\/\/wpachem.com\/tr\/wp-json\/wp\/v2\/product\/3439","targetHints":{"allow":["GET"]}}],"collection":[{"href":"https:\/\/wpachem.com\/tr\/wp-json\/wp\/v2\/product"}],"about":[{"href":"https:\/\/wpachem.com\/tr\/wp-json\/wp\/v2\/types\/product"}],"version-history":[{"count":0,"href":"https:\/\/wpachem.com\/tr\/wp-json\/wp\/v2\/product\/3439\/revisions"}],"wp:featuredmedia":[{"embeddable":true,"href":"https:\/\/wpachem.com\/tr\/wp-json\/wp\/v2\/media\/2161"}],"wp:attachment":[{"href":"https:\/\/wpachem.com\/tr\/wp-json\/wp\/v2\/media?parent=3439"}],"wp:term":[{"taxonomy":"product_brand","embeddable":true,"href":"https:\/\/wpachem.com\/tr\/wp-json\/wp\/v2\/product_brand?post=3439"},{"taxonomy":"product_cat","embeddable":true,"href":"https:\/\/wpachem.com\/tr\/wp-json\/wp\/v2\/product_cat?post=3439"},{"taxonomy":"product_tag","embeddable":true,"href":"https:\/\/wpachem.com\/tr\/wp-json\/wp\/v2\/product_tag?post=3439"}],"curies":[{"name":"wp","href":"https:\/\/api.w.org\/{rel}","templated":true}]}}