{"id":3442,"date":"2023-03-21T05:35:17","date_gmt":"2023-03-21T05:35:17","guid":{"rendered":"http:\/\/site2.easyceotech.com\/?post_type=product&#038;p=3442"},"modified":"2024-03-12T07:52:44","modified_gmt":"2024-03-12T07:52:44","slug":"sodium-saccharin","status":"publish","type":"product","link":"https:\/\/wpachem.com\/tr\/urun\/sodium-saccharin\/","title":{"rendered":"Sodyum Sakarin"},"content":{"rendered":"<p><strong><span data-spm-anchor-id=\"a2700.details.0.i7.29665f8dnfzpSm\">Tan\u0131m:<\/span><\/strong><\/p>\n<p>Sodyum sakarin, g\u0131da end\u00fcstrisinde yayg\u0131n olarak kullan\u0131lan ve en uzun kullan\u0131m ge\u00e7mi\u015fine sahip sentetik tatland\u0131r\u0131c\u0131d\u0131r, ancak ayn\u0131 zamanda en \u00e7ok tart\u0131\u015f\u0131lan sentetik tatland\u0131r\u0131c\u0131d\u0131r.<br \/>\n\u00dcr\u00fcn tatl\u0131 bir tat vericidir. Tatl\u0131l\u0131k derecesi \u015fekerin tatl\u0131l\u0131\u011f\u0131ndan yakla\u015f\u0131k 500 kat daha fazlad\u0131r.<\/p>\n<p>&nbsp;<\/p>\n<p><strong>Sakarin sodyumun faydalar\u0131<\/strong><\/p>\n<p>Tatland\u0131r\u0131c\u0131 olarak sodyum sakarin, kalorisiz y\u00fcksek tatl\u0131l\u0131k, g\u0131da end\u00fcstrisinde b\u00fcy\u00fck bir rol oynar. Bu \u00fcr\u00fcn ayn\u0131 zamanda pestisitler ve di\u011fer kimyasal \u00fcr\u00fcnler i\u00e7in bir ara hammaddedir. Fabrika geli\u015fmi\u015f otomatik \u00fcretim s\u00fcre\u00e7lerine, g\u00fc\u00e7l\u00fc tedarik kapasitesine ve iyi kaliteye sahiptir. Dan\u0131\u015fmanl\u0131\u011f\u0131n\u0131z\u0131 ve sipari\u015finizi bekliyoruz.<\/p>\n<p>&nbsp;<\/p>\n<p><strong>Sakarin sodyumun uygulamalar\u0131<\/strong><\/p>\n<p>G\u0131da, i\u00e7ecek, ila\u00e7, yem, elektrik kaplamada \u015feker yerine yayg\u0131n olarak kullan\u0131l\u0131r. \u00dcr\u00fcn stabil \u00f6zelli\u011fe sahiptir ve kan dola\u015f\u0131m\u0131n\u0131n analiz maddesi ve nikel kaplama parlat\u0131c\u0131 olarak kullan\u0131labilir.<\/p>","protected":false},"excerpt":{"rendered":"<p>\u00dcr\u00fcn Ad\u0131:Sodyum Sakarin<br \/>\nCAS Numaras\u0131: 128-44-9<br \/>\nMF:C7H5NNaO3S<br \/>\nG\u00f6r\u00fcn\u00fcm: beyaz g\u00fc\u00e7<\/p>","protected":false},"featured_media":2155,"template":"","meta":{"_acf_changed":false,"_gspb_post_css":""},"product_brand":[],"product_cat":[55,56],"product_tag":[],"class_list":{"0":"post-3442","1":"product","2":"type-product","3":"status-publish","4":"has-post-thumbnail","6":"product_cat-food-additives","7":"product_cat-sweetener","9":"first","10":"instock","11":"shipping-taxable","12":"product-type-simple"},"acf":[],"_links":{"self":[{"href":"https:\/\/wpachem.com\/tr\/wp-json\/wp\/v2\/product\/3442","targetHints":{"allow":["GET"]}}],"collection":[{"href":"https:\/\/wpachem.com\/tr\/wp-json\/wp\/v2\/product"}],"about":[{"href":"https:\/\/wpachem.com\/tr\/wp-json\/wp\/v2\/types\/product"}],"version-history":[{"count":0,"href":"https:\/\/wpachem.com\/tr\/wp-json\/wp\/v2\/product\/3442\/revisions"}],"wp:featuredmedia":[{"embeddable":true,"href":"https:\/\/wpachem.com\/tr\/wp-json\/wp\/v2\/media\/2155"}],"wp:attachment":[{"href":"https:\/\/wpachem.com\/tr\/wp-json\/wp\/v2\/media?parent=3442"}],"wp:term":[{"taxonomy":"product_brand","embeddable":true,"href":"https:\/\/wpachem.com\/tr\/wp-json\/wp\/v2\/product_brand?post=3442"},{"taxonomy":"product_cat","embeddable":true,"href":"https:\/\/wpachem.com\/tr\/wp-json\/wp\/v2\/product_cat?post=3442"},{"taxonomy":"product_tag","embeddable":true,"href":"https:\/\/wpachem.com\/tr\/wp-json\/wp\/v2\/product_tag?post=3442"}],"curies":[{"name":"wp","href":"https:\/\/api.w.org\/{rel}","templated":true}]}}