{"id":3445,"date":"2023-03-21T05:40:00","date_gmt":"2023-03-21T05:40:00","guid":{"rendered":"http:\/\/site2.easyceotech.com\/?post_type=product&#038;p=3445"},"modified":"2024-03-12T07:52:41","modified_gmt":"2024-03-12T07:52:41","slug":"sodium-n-cyclohexylsulfamate","status":"publish","type":"product","link":"https:\/\/wpachem.com\/tr\/urun\/sodium-n-cyclohexylsulfamate\/","title":{"rendered":"Sodyum N-siklohekzils\u00fclfamat"},"content":{"rendered":"<div class=\"J_module\">\n<div class=\"icbu-pc-images magic-8\">\n<div>\n<div class=\"flex-layout-h\">\n<div class=\"text-wrapper magic-12\">\n<div class=\"text-wrapper-right text-theme-light text-align-left\">\n<div class=\"text-title\"><span class=\"magic-3\" style=\"color: #23a193;\" data-spm-anchor-id=\"a2700.details.0.i8.2b78183eUcMdWR\">Ba\u015fvuru\u00a0<\/span><\/div>\n<div class=\"text-content\">\n<p><span class=\"magic-13\"> <span class=\"magic-7\">Sodyum siklamat besin de\u011feri olmayan sentetik bir tatland\u0131r\u0131c\u0131d\u0131r.<\/span><\/span><\/p>\n<div><span class=\"magic-7\"><span class=\"magic-13\">Tatl\u0131l\u0131k sakarozun 50 kat\u0131d\u0131r, Besleyici olmayan bir tatland\u0131r\u0131c\u0131 olarak, \u00c7e\u015fitli g\u0131da \u00fcr\u00fcnlerinde yayg\u0131n olarak kullan\u0131l\u0131r. \u00c7in&#039;in GB2760-90&#039;\u0131na dayanarak, S\u0131v\u0131 ve kat\u0131 i\u00e7ecekler, dondurma, kek, re\u00e7el kategorisi, tur\u015fu kategorisi, korunan meyveler, Sak\u0131z vb. i\u00e7in kullan\u0131labilir.<\/span><\/span><\/div>\n<div><span class=\"magic-7\"><span class=\"magic-13\">\u00a0<\/span><\/span><\/div>\n<div><span class=\"magic-7\"><span class=\"magic-13\"> Kullan\u0131m talimat\u0131: G\u0131da tatland\u0131r\u0131c\u0131 olarak en b\u00fcy\u00fck kullan\u0131m\u0131 0,3g\/kg&#039;d\u0131r.<\/span><\/span><\/div>\n<\/div>\n<\/div>\n<\/div>\n<\/div>\n<\/div>\n<\/div>\n<\/div>\n<div class=\"J_module\">\n<div class=\"detail-decorate-json-renderer-container\">\n<div class=\"magic-1\">\n<h3 class=\"magic-2\"><span class=\"magic-3\" style=\"color: #23a193;\">Sodyum Siklamat\u0131n \u00d6zelli\u011fi<\/span><\/h3>\n<div class=\"magic-4\">\n<div class=\"magic-5\">\n<div class=\"magic-6\">\n<div><span class=\"magic-7\">*Y\u00fcksek Safl\u0131k (98.5-101%), sakarozdan 50 kat daha tatl\u0131<\/span><\/div>\n<div><span class=\"magic-13\"><span class=\"magic-7\">* Y\u00fcksek su \u00e7\u00f6z\u00fcn\u00fcrl\u00fc\u011f\u00fc, s\u0131cak ve so\u011fuk suda kolayca \u00e7\u00f6z\u00fcn\u00fcr<\/span><\/span><\/div>\n<div><span class=\"magic-7\">*G\u00fc\u00e7l\u00fc kimyasal kararl\u0131l\u0131k, \u0131s\u0131, asit ve alkali ko\u015fullar alt\u0131nda ayr\u0131\u015fma yok<\/span><\/div>\n<div><span class=\"magic-7\">* Kalorisiz ve \u015fekersizdir, diyabet hastalar\u0131 ve obez ki\u015filer i\u00e7in uygundur<\/span><\/div>\n<div><span class=\"magic-7\">*Sa\u011fl\u0131kl\u0131, toksik olmayan ve insana zarars\u0131z<\/span><\/div>\n<div><span class=\"magic-13\"><span class=\"magic-7\">*Ekonomik, fiyat\u0131 1\/3 sukroz, birazc\u0131k tatland\u0131r\u0131c\u0131 etki yaratabilir<\/span><\/span><\/div>\n<div><span class=\"magic-7\">*Geni\u015f uygulama alan\u0131 g\u0131da, ila\u00e7, kozmetik vb.<\/span><\/div>\n<\/div>\n<\/div>\n<\/div>\n<\/div>\n<\/div>\n<\/div>\n<p>&nbsp;<\/p>","protected":false},"excerpt":{"rendered":"<p>\u00dcr\u00fcn Ad\u0131:Sodyum N-sikloheksils\u00fclfamat<br \/>\nCAS Numaras\u0131: 139-05-9<br \/>\nMF:C6H14NNaO3S<br \/>\nG\u00f6r\u00fcn\u00fcm: Beyaz Toz<\/p>","protected":false},"featured_media":2150,"template":"","meta":{"_acf_changed":false,"_gspb_post_css":""},"product_brand":[],"product_cat":[55,56],"product_tag":[],"class_list":{"0":"post-3445","1":"product","2":"type-product","3":"status-publish","4":"has-post-thumbnail","6":"product_cat-food-additives","7":"product_cat-sweetener","9":"first","10":"instock","11":"shipping-taxable","12":"product-type-simple"},"acf":[],"_links":{"self":[{"href":"https:\/\/wpachem.com\/tr\/wp-json\/wp\/v2\/product\/3445","targetHints":{"allow":["GET"]}}],"collection":[{"href":"https:\/\/wpachem.com\/tr\/wp-json\/wp\/v2\/product"}],"about":[{"href":"https:\/\/wpachem.com\/tr\/wp-json\/wp\/v2\/types\/product"}],"version-history":[{"count":0,"href":"https:\/\/wpachem.com\/tr\/wp-json\/wp\/v2\/product\/3445\/revisions"}],"wp:featuredmedia":[{"embeddable":true,"href":"https:\/\/wpachem.com\/tr\/wp-json\/wp\/v2\/media\/2150"}],"wp:attachment":[{"href":"https:\/\/wpachem.com\/tr\/wp-json\/wp\/v2\/media?parent=3445"}],"wp:term":[{"taxonomy":"product_brand","embeddable":true,"href":"https:\/\/wpachem.com\/tr\/wp-json\/wp\/v2\/product_brand?post=3445"},{"taxonomy":"product_cat","embeddable":true,"href":"https:\/\/wpachem.com\/tr\/wp-json\/wp\/v2\/product_cat?post=3445"},{"taxonomy":"product_tag","embeddable":true,"href":"https:\/\/wpachem.com\/tr\/wp-json\/wp\/v2\/product_tag?post=3445"}],"curies":[{"name":"wp","href":"https:\/\/api.w.org\/{rel}","templated":true}]}}