{"id":3448,"date":"2023-03-21T06:01:40","date_gmt":"2023-03-21T06:01:40","guid":{"rendered":"http:\/\/site2.easyceotech.com\/?post_type=product&#038;p=3448"},"modified":"2024-03-12T07:52:06","modified_gmt":"2024-03-12T07:52:06","slug":"dextrose-monohydrate","status":"publish","type":"product","link":"https:\/\/wpachem.com\/tr\/urun\/dextrose-monohydrate\/","title":{"rendered":"Dekstroz Monohidrat"},"content":{"rendered":"<p><strong><span data-spm-anchor-id=\"a2700.details.0.i8.c7f22739vOAJxb\">D-Glikoz monohidrat\u0131n i\u015flevi<\/span><\/strong><\/p>\n<p align=\"left\">g\u0131da s\u0131n\u0131f\u0131 CAS 5996-10-1 D-Glikoz monohidrat tozu sat\u0131l\u0131k<\/p>\n<p><strong>D-Glikoz monohidrat\u0131n uygulanmas\u0131<\/strong><\/p>\n<p>1. \u015eekerleme, kek, i\u00e7ecek, so\u011fuk yiyecek, bisk\u00fcvi, besleyici sa\u011fl\u0131k s\u0131v\u0131s\u0131 gibi g\u0131da end\u00fcstrisinde beyaz \u015fekerin (tatl\u0131l\u0131k % - % \u015fekerdir) kullan\u0131m\u0131n\u0131 de\u011fi\u015ftirebilir, \u00dcr\u00fcnlerin tad\u0131n\u0131 iyile\u015ftirebilir, \u00fcr\u00fcn kalitesini art\u0131rabilir, \u00fcretim maliyetlerini azaltabilir, i\u015fletmelerin ekonomik verimlili\u011fini art\u0131rabilir.<br \/>\n2.glikoz, y\u00fcksek nem emilimi, f\u0131r\u0131nlanm\u0131\u015f \u00fcr\u00fcnlerde kullan\u0131l\u0131r, \u00fcr\u00fcn\u00fc yumu\u015fak tutar, raf \u00f6mr\u00fcn\u00fc uzat\u0131r, g\u0131dan\u0131n tad\u0131n\u0131 artt\u0131r\u0131r.<\/p>","protected":false},"excerpt":{"rendered":"<p>\u00dcr\u00fcn Ad\u0131:Dekstroz Monohidrat<br \/>\nCAS Numaras\u0131:5996-10-1<br \/>\nMF:C6H14O7<br \/>\nG\u00f6r\u00fcn\u00fcm: beyaz g\u00fc\u00e7<\/p>","protected":false},"featured_media":2133,"template":"","meta":{"_acf_changed":false,"_gspb_post_css":""},"product_brand":[],"product_cat":[55,56],"product_tag":[],"class_list":{"0":"post-3448","1":"product","2":"type-product","3":"status-publish","4":"has-post-thumbnail","6":"product_cat-food-additives","7":"product_cat-sweetener","9":"first","10":"instock","11":"shipping-taxable","12":"product-type-simple"},"acf":[],"_links":{"self":[{"href":"https:\/\/wpachem.com\/tr\/wp-json\/wp\/v2\/product\/3448","targetHints":{"allow":["GET"]}}],"collection":[{"href":"https:\/\/wpachem.com\/tr\/wp-json\/wp\/v2\/product"}],"about":[{"href":"https:\/\/wpachem.com\/tr\/wp-json\/wp\/v2\/types\/product"}],"version-history":[{"count":0,"href":"https:\/\/wpachem.com\/tr\/wp-json\/wp\/v2\/product\/3448\/revisions"}],"wp:featuredmedia":[{"embeddable":true,"href":"https:\/\/wpachem.com\/tr\/wp-json\/wp\/v2\/media\/2133"}],"wp:attachment":[{"href":"https:\/\/wpachem.com\/tr\/wp-json\/wp\/v2\/media?parent=3448"}],"wp:term":[{"taxonomy":"product_brand","embeddable":true,"href":"https:\/\/wpachem.com\/tr\/wp-json\/wp\/v2\/product_brand?post=3448"},{"taxonomy":"product_cat","embeddable":true,"href":"https:\/\/wpachem.com\/tr\/wp-json\/wp\/v2\/product_cat?post=3448"},{"taxonomy":"product_tag","embeddable":true,"href":"https:\/\/wpachem.com\/tr\/wp-json\/wp\/v2\/product_tag?post=3448"}],"curies":[{"name":"wp","href":"https:\/\/api.w.org\/{rel}","templated":true}]}}