{"id":3454,"date":"2023-03-21T06:10:13","date_gmt":"2023-03-21T06:10:13","guid":{"rendered":"http:\/\/site2.easyceotech.com\/?post_type=product&#038;p=3454"},"modified":"2024-03-12T07:51:56","modified_gmt":"2024-03-12T07:51:56","slug":"corn-syrup","status":"publish","type":"product","link":"https:\/\/wpachem.com\/tr\/urun\/corn-syrup\/","title":{"rendered":"M\u0131s\u0131r \u015furubu"},"content":{"rendered":"<div class=\"text-title\"><strong>Malt \u015furubu<\/strong><\/div>\n<div><\/div>\n<div class=\"text-content\">\n<div>Malt \u015furubu, hammadde olarak y\u00fcksek kaliteli ni\u015fastadan, s\u0131v\u0131la\u015ft\u0131rma, sakkarifikasyon, renk giderme, filtrasyon ve<br \/>\n\u0130nce konsantrasyonlu, ana bile\u015feni maltoz olan.<\/div>\n<div><\/div>\n<p>\u015eekerleme, so\u011fuk i\u00e7ecek \u00fcr\u00fcnleri, s\u00fct \u00fcr\u00fcnleri, bira, j\u00f6le, f\u0131r\u0131nlanm\u0131\u015f g\u0131da, baharat, enzim haz\u0131rlamada yayg\u0131n olarak kullan\u0131l\u0131r.<br \/>\nHaz\u0131r g\u0131da, et \u00fcr\u00fcnleri ve di\u011fer end\u00fcstriler.<\/p>\n<\/div>\n<div class=\"text-content\">D\u00fc\u015f\u00fck nem emilimi ve y\u00fcksek nem tutma, hafif ve orta tatl\u0131l\u0131k, iyi anti-kristalizasyon, anti-oksidasyon,<br \/>\norta viskozite, iyi kimyasal kararl\u0131l\u0131k, d\u00fc\u015f\u00fck donma noktas\u0131 \u00f6zellikleri, bu nedenle \u015fekerleme, so\u011fukta yayg\u0131n olarak kullan\u0131lm\u0131\u015ft\u0131r<br \/>\ni\u00e7ecek ve s\u00fct \u00fcr\u00fcnleri end\u00fcstrisi.<\/div>\n<p>&nbsp;<\/p>","protected":false},"excerpt":{"rendered":"<p>\u00dcr\u00fcn Ad\u0131:MISIR \u015eURUBU<br \/>\nCAS Numaras\u0131:8029-43-4<br \/>\nMF:C6H12O6<br \/>\nG\u00f6r\u00fcn\u00fcm:s\u0131v\u0131, s\u0131v\u0131<\/p>","protected":false},"featured_media":2109,"template":"","meta":{"_acf_changed":false,"_gspb_post_css":""},"product_brand":[],"product_cat":[55,56],"product_tag":[],"class_list":{"0":"post-3454","1":"product","2":"type-product","3":"status-publish","4":"has-post-thumbnail","6":"product_cat-food-additives","7":"product_cat-sweetener","9":"first","10":"instock","11":"shipping-taxable","12":"product-type-simple"},"acf":[],"_links":{"self":[{"href":"https:\/\/wpachem.com\/tr\/wp-json\/wp\/v2\/product\/3454","targetHints":{"allow":["GET"]}}],"collection":[{"href":"https:\/\/wpachem.com\/tr\/wp-json\/wp\/v2\/product"}],"about":[{"href":"https:\/\/wpachem.com\/tr\/wp-json\/wp\/v2\/types\/product"}],"version-history":[{"count":0,"href":"https:\/\/wpachem.com\/tr\/wp-json\/wp\/v2\/product\/3454\/revisions"}],"wp:featuredmedia":[{"embeddable":true,"href":"https:\/\/wpachem.com\/tr\/wp-json\/wp\/v2\/media\/2109"}],"wp:attachment":[{"href":"https:\/\/wpachem.com\/tr\/wp-json\/wp\/v2\/media?parent=3454"}],"wp:term":[{"taxonomy":"product_brand","embeddable":true,"href":"https:\/\/wpachem.com\/tr\/wp-json\/wp\/v2\/product_brand?post=3454"},{"taxonomy":"product_cat","embeddable":true,"href":"https:\/\/wpachem.com\/tr\/wp-json\/wp\/v2\/product_cat?post=3454"},{"taxonomy":"product_tag","embeddable":true,"href":"https:\/\/wpachem.com\/tr\/wp-json\/wp\/v2\/product_tag?post=3454"}],"curies":[{"name":"wp","href":"https:\/\/api.w.org\/{rel}","templated":true}]}}