{"id":3460,"date":"2023-03-21T06:19:32","date_gmt":"2023-03-21T06:19:32","guid":{"rendered":"http:\/\/site2.easyceotech.com\/?post_type=product&#038;p=3460"},"modified":"2024-03-12T07:51:33","modified_gmt":"2024-03-12T07:51:33","slug":"xylitol","status":"publish","type":"product","link":"https:\/\/wpachem.com\/tr\/urun\/xylitol\/","title":{"rendered":"Ksilitol"},"content":{"rendered":"<div class=\"J_module\">\n<div class=\"icbu-pc-images magic-1\">\n<div>\n<div class=\"flex-layout-h\">\n<div class=\"text-wrapper magic-5\">\n<div class=\"text-wrapper-right text-theme-light text-align-left\">\n<div class=\"text-title\">\n<h3 class=\"magic-6\"><span data-spm-anchor-id=\"a2700.details.0.i24.182d5166z1um1W\">G\u0131da Katk\u0131 Maddesi Do\u011fal Tatland\u0131r\u0131c\u0131 Ksilitol fabrika fiyat\u0131 ile<\/span><\/h3>\n<\/div>\n<div class=\"text-content\">\n<p>\u00dcr\u00fcn ad\u0131: XYLITOL<br \/>\nCAS kay\u0131t No.: [87-99-0]<br \/>\nMolek\u00fcler form\u00fcl: C5H12O5<br \/>\nMolek\u00fcler a\u011f\u0131rl\u0131k: 152.15<\/p>\n<p class=\"magic-7\">Karakterler: Beyaz kristal toz, sakaroz kadar tatl\u0131, suda kolayca \u00e7\u00f6z\u00fcn\u00fcr, Etanol ve Metanolde hafif\u00e7e \u00e7\u00f6z\u00fcn\u00fcr, erir<br \/>\nnoktas\u0131 92\u2103-96\u2103, kaynama noktas\u0131 216\u2103 ve kalorik de\u011feri sakarozla ayn\u0131d\u0131r 16.72kj\/g. \u00c7\u00f6z\u00fcnd\u00fc\u011f\u00fcnde \u0131s\u0131y\u0131 emer ve a\u011f\u0131zda do\u011fal bir serinlik hissi sa\u011flar. 10% Sulu \u00e7\u00f6zelti pH de\u011feri 5.0-7.0.<\/p>\n<\/div>\n<\/div>\n<\/div>\n<\/div>\n<\/div>\n<\/div>\n<\/div>\n<div class=\"J_module\">\n<div class=\"detail-decorate-json-renderer-container\">\n<div class=\"magic-8\">\n<div class=\"magic-9\">\n<div class=\"magic-10\">\n<div class=\"magic-11\"><b>\u00dcr\u00fcn \u00d6zellikleri:<\/b><br \/>\n1. Giri\u015f ho\u015f bir serinlik hissi uyand\u0131r\u0131yor;<br \/>\n2. A\u011f\u0131z mikroorganizmalar\u0131 taraf\u0131ndan kullan\u0131lmaz ve sakarozadan farkl\u0131 olarak \u00e7\u00fcr\u00fcklere neden olabilir.<br \/>\n3. Ksilitol\u00fcn gram\u0131 sadece 2,4 kaloridir.<br \/>\n4. Keklerin uzun s\u00fcre yumu\u015fak kalmas\u0131n\u0131 sa\u011flar, kozmetiklerde nemlendirici olarak kullan\u0131l\u0131r.<\/div>\n<\/div>\n<\/div>\n<\/div>\n<\/div>\n<\/div>\n<p>&nbsp;<\/p>","protected":false},"excerpt":{"rendered":"<p>\u00dcr\u00fcn Ad\u0131:Ksilitol<br \/>\nCAS Numaras\u0131:87-99-0<br \/>\nMF:C5H12O5<br \/>\nG\u00f6r\u00fcn\u00fcm: Beyaz kristal toz<\/p>","protected":false},"featured_media":2150,"template":"","meta":{"_acf_changed":false,"_gspb_post_css":""},"product_brand":[],"product_cat":[55,56],"product_tag":[],"class_list":{"0":"post-3460","1":"product","2":"type-product","3":"status-publish","4":"has-post-thumbnail","6":"product_cat-food-additives","7":"product_cat-sweetener","9":"first","10":"instock","11":"shipping-taxable","12":"product-type-simple"},"acf":[],"_links":{"self":[{"href":"https:\/\/wpachem.com\/tr\/wp-json\/wp\/v2\/product\/3460","targetHints":{"allow":["GET"]}}],"collection":[{"href":"https:\/\/wpachem.com\/tr\/wp-json\/wp\/v2\/product"}],"about":[{"href":"https:\/\/wpachem.com\/tr\/wp-json\/wp\/v2\/types\/product"}],"version-history":[{"count":0,"href":"https:\/\/wpachem.com\/tr\/wp-json\/wp\/v2\/product\/3460\/revisions"}],"wp:featuredmedia":[{"embeddable":true,"href":"https:\/\/wpachem.com\/tr\/wp-json\/wp\/v2\/media\/2150"}],"wp:attachment":[{"href":"https:\/\/wpachem.com\/tr\/wp-json\/wp\/v2\/media?parent=3460"}],"wp:term":[{"taxonomy":"product_brand","embeddable":true,"href":"https:\/\/wpachem.com\/tr\/wp-json\/wp\/v2\/product_brand?post=3460"},{"taxonomy":"product_cat","embeddable":true,"href":"https:\/\/wpachem.com\/tr\/wp-json\/wp\/v2\/product_cat?post=3460"},{"taxonomy":"product_tag","embeddable":true,"href":"https:\/\/wpachem.com\/tr\/wp-json\/wp\/v2\/product_tag?post=3460"}],"curies":[{"name":"wp","href":"https:\/\/api.w.org\/{rel}","templated":true}]}}