{"id":3461,"date":"2023-03-21T06:21:55","date_gmt":"2023-03-21T06:21:55","guid":{"rendered":"http:\/\/site2.easyceotech.com\/?post_type=product&#038;p=3461"},"modified":"2024-03-12T07:51:29","modified_gmt":"2024-03-12T07:51:29","slug":"erythritol-2","status":"publish","type":"product","link":"https:\/\/wpachem.com\/tr\/urun\/erythritol-2\/","title":{"rendered":"Eritritol"},"content":{"rendered":"<div class=\"J_module\">\n<div class=\"detail-decorate-json-renderer-container\">\n<div class=\"magic-1\">\n<h3 class=\"magic-16\" data-spm-anchor-id=\"a2700.details.0.i26.15373bd79P7Rcm\"><span class=\"magic-17\" style=\"font-family: Arial;\">\u0130\u015flev<\/span><\/h3>\n<div class=\"magic-2\">\n<div class=\"magic-3\">\n<div class=\"magic-4\">\n<div><span class=\"magic-18\" style=\"font-family: Arial;\">1. Eritritol, suda \u00e7\u00f6z\u00fcnd\u00fc\u011f\u00fcnde (\u00e7\u00f6zeltinin endotermik veya pozitif \u0131s\u0131s\u0131) g\u00fc\u00e7l\u00fc bir so\u011futma etkisine sahiptir, genellikle nane aromas\u0131n\u0131n so\u011futma etkisiyle birle\u015fir. <\/span><\/div>\n<div><span class=\"magic-18\" style=\"font-family: Arial;\">2. Eritritol genellikle y\u00fcksek yo\u011funluklu tatland\u0131r\u0131c\u0131lar\u0131n iletilmesinde bir ortam olarak kullan\u0131l\u0131r<br \/>\n(\u00f6zellikle stevia t\u00fcrevleri). Yenilebilir \u015fekere benzer hem hacim hem de lezzet sa\u011flayan ikili bir i\u015flevi vard\u0131r. <\/span><\/div>\n<div><span class=\"magic-18\" style=\"font-family: Arial;\">3. Eritritol di\u015f dostudur; a\u011f\u0131z bakterileri taraf\u0131ndan metabolize edilemez, bu nedenle di\u015f \u00e7\u00fcr\u00fcmesine neden olmaz.<\/span><\/div>\n<\/div>\n<\/div>\n<\/div>\n<\/div>\n<\/div>\n<\/div>\n<div class=\"J_module\">\n<div class=\"detail-decorate-json-renderer-container\">\n<div class=\"magic-1\">\n<h3 class=\"magic-16\"><span class=\"magic-17\" style=\"font-family: Arial;\">Ba\u015fvuru<\/span><\/h3>\n<div class=\"magic-2\">\n<div class=\"magic-3\">\n<div class=\"magic-4\">\n<p><span class=\"magic-18\" style=\"font-family: Arial;\">1. Pi\u015firme ve yemek pi\u015firmede kullan\u0131l\u0131r (bisk\u00fcvi, katk\u0131 maddeleri) <\/span><\/p>\n<div><span class=\"magic-18\" style=\"font-family: Arial;\">2. \u0130\u00e7ecekler. <\/span><\/div>\n<div><span class=\"magic-18\" style=\"font-family: Arial;\">3. \u015eekerleme (sert \u015feker, yumu\u015fak \u015feker, k\u00fcp \u015feker, sak\u0131z, \u00e7ikolata vb.) <\/span><\/div>\n<div><span class=\"magic-18\" style=\"font-family: Arial;\">4. \u0130la\u00e7 sanayinde kullan\u0131l\u0131r.<\/span><\/div>\n<\/div>\n<\/div>\n<\/div>\n<\/div>\n<\/div>\n<\/div>\n<p>&nbsp;<\/p>","protected":false},"excerpt":{"rendered":"<p>\u00dcr\u00fcn Ad\u0131:Eritritol<br \/>\nCAS Numaras\u0131: 149-32-6<br \/>\nMF:C4H10O4<br \/>\nG\u00f6r\u00fcn\u00fcm: Beyaz Kristal Toz<\/p>","protected":false},"featured_media":2151,"template":"","meta":{"_acf_changed":false,"_gspb_post_css":""},"product_brand":[],"product_cat":[55,56],"product_tag":[],"class_list":{"0":"post-3461","1":"product","2":"type-product","3":"status-publish","4":"has-post-thumbnail","6":"product_cat-food-additives","7":"product_cat-sweetener","9":"first","10":"instock","11":"shipping-taxable","12":"product-type-simple"},"acf":[],"_links":{"self":[{"href":"https:\/\/wpachem.com\/tr\/wp-json\/wp\/v2\/product\/3461","targetHints":{"allow":["GET"]}}],"collection":[{"href":"https:\/\/wpachem.com\/tr\/wp-json\/wp\/v2\/product"}],"about":[{"href":"https:\/\/wpachem.com\/tr\/wp-json\/wp\/v2\/types\/product"}],"version-history":[{"count":0,"href":"https:\/\/wpachem.com\/tr\/wp-json\/wp\/v2\/product\/3461\/revisions"}],"wp:featuredmedia":[{"embeddable":true,"href":"https:\/\/wpachem.com\/tr\/wp-json\/wp\/v2\/media\/2151"}],"wp:attachment":[{"href":"https:\/\/wpachem.com\/tr\/wp-json\/wp\/v2\/media?parent=3461"}],"wp:term":[{"taxonomy":"product_brand","embeddable":true,"href":"https:\/\/wpachem.com\/tr\/wp-json\/wp\/v2\/product_brand?post=3461"},{"taxonomy":"product_cat","embeddable":true,"href":"https:\/\/wpachem.com\/tr\/wp-json\/wp\/v2\/product_cat?post=3461"},{"taxonomy":"product_tag","embeddable":true,"href":"https:\/\/wpachem.com\/tr\/wp-json\/wp\/v2\/product_tag?post=3461"}],"curies":[{"name":"wp","href":"https:\/\/api.w.org\/{rel}","templated":true}]}}