{"id":3464,"date":"2023-03-21T06:25:08","date_gmt":"2023-03-21T06:25:08","guid":{"rendered":"http:\/\/site2.easyceotech.com\/?post_type=product&#038;p=3464"},"modified":"2024-03-12T07:51:21","modified_gmt":"2024-03-12T07:51:21","slug":"maltitol","status":"publish","type":"product","link":"https:\/\/wpachem.com\/tr\/urun\/maltitol\/","title":{"rendered":"Maltitol"},"content":{"rendered":"<p style=\"font-weight: 400;\"><b><strong style=\"font-style: inherit;\">Girii\u015f:<\/strong><\/b><\/p>\n<p><span style=\"font-weight: 400;\">Hidrojene maltoz olarak da bilinen maltitol, kimyasal ad\u0131 1,4-o-\u03b1-D-glukopiranosil-D-sorbitol, disakkaritlerden olu\u015fan bir \u03b1-1,4-ba\u011f\u0131 arac\u0131l\u0131\u011f\u0131yla bir glikoz molek\u00fcl\u00fc ile ba\u011flanm\u0131\u015f bir sorbitold\u00fcr. Molek\u00fcler form\u00fcl\u00fc C12H24O11&#039;dir ve ba\u011f\u0131l molek\u00fcler k\u00fctlesi 344.31&#039;dir. Maltitol, suda kolayca \u00e7\u00f6z\u00fcnen ancak metanol ve etanolde \u00e7\u00f6z\u00fcnmeyen renksiz \u015feffaf bir kristaldir.<\/span><\/p>\n<p style=\"font-weight: 400;\" data-spm-anchor-id=\"a2700.details.0.i26.f09a7f3csghGBu\">Maltitol, y\u00fcksek tatl\u0131l\u0131k, d\u00fc\u015f\u00fck kalori, iyi g\u00fcvenlik, yeterli hammadde, basit \u00fcretim s\u00fcreci ve di\u011fer tatland\u0131r\u0131c\u0131lar\u0131n sahip olmad\u0131\u011f\u0131 benzersiz \u00f6zelliklere sahip yeni bir tatland\u0131r\u0131c\u0131 t\u00fcr\u00fcd\u00fcr. \u015eeker aromal\u0131 g\u0131da i\u015flemede yayg\u0131n olarak kullan\u0131l\u0131r.<\/p>\n<p>&nbsp;<\/p>","protected":false},"excerpt":{"rendered":"<p>\u00dcr\u00fcn Ad\u0131:Maltitol<br \/>\nCAS Numaras\u0131:585-88-6<br \/>\nMF:C12H24O11<br \/>\nG\u00f6r\u00fcn\u00fcm: beyaz g\u00fc\u00e7<\/p>","protected":false},"featured_media":2131,"template":"","meta":{"_acf_changed":false,"_gspb_post_css":""},"product_brand":[],"product_cat":[55,56],"product_tag":[],"class_list":{"0":"post-3464","1":"product","2":"type-product","3":"status-publish","4":"has-post-thumbnail","6":"product_cat-food-additives","7":"product_cat-sweetener","9":"first","10":"instock","11":"shipping-taxable","12":"product-type-simple"},"acf":[],"_links":{"self":[{"href":"https:\/\/wpachem.com\/tr\/wp-json\/wp\/v2\/product\/3464","targetHints":{"allow":["GET"]}}],"collection":[{"href":"https:\/\/wpachem.com\/tr\/wp-json\/wp\/v2\/product"}],"about":[{"href":"https:\/\/wpachem.com\/tr\/wp-json\/wp\/v2\/types\/product"}],"version-history":[{"count":0,"href":"https:\/\/wpachem.com\/tr\/wp-json\/wp\/v2\/product\/3464\/revisions"}],"wp:featuredmedia":[{"embeddable":true,"href":"https:\/\/wpachem.com\/tr\/wp-json\/wp\/v2\/media\/2131"}],"wp:attachment":[{"href":"https:\/\/wpachem.com\/tr\/wp-json\/wp\/v2\/media?parent=3464"}],"wp:term":[{"taxonomy":"product_brand","embeddable":true,"href":"https:\/\/wpachem.com\/tr\/wp-json\/wp\/v2\/product_brand?post=3464"},{"taxonomy":"product_cat","embeddable":true,"href":"https:\/\/wpachem.com\/tr\/wp-json\/wp\/v2\/product_cat?post=3464"},{"taxonomy":"product_tag","embeddable":true,"href":"https:\/\/wpachem.com\/tr\/wp-json\/wp\/v2\/product_tag?post=3464"}],"curies":[{"name":"wp","href":"https:\/\/api.w.org\/{rel}","templated":true}]}}