{"id":3467,"date":"2023-03-21T06:30:02","date_gmt":"2023-03-21T06:30:02","guid":{"rendered":"http:\/\/site2.easyceotech.com\/?post_type=product&#038;p=3467"},"modified":"2024-03-12T07:51:18","modified_gmt":"2024-03-12T07:51:18","slug":"crystalline-fructose","status":"publish","type":"product","link":"https:\/\/wpachem.com\/tr\/urun\/crystalline-fructose\/","title":{"rendered":"Kristalin Fruktoz"},"content":{"rendered":"<p><strong><span data-spm-anchor-id=\"a2700.details.0.i18.5482671asdfT1l\">1.\u00dcr\u00fcn Ad\u0131:\u00a0\u00a0<\/span><\/strong>\u00a0Kristalin Fruktoz<\/p>\n<p><strong>2.CAS NUMARASI:\u00a0<\/strong>\u00a057-48-7<\/p>\n<p><strong>3.Safl\u0131k:\u00a0<\/strong>\u00a099.0%min<\/p>\n<p><strong>4.HS Kodu: 1702500000<\/strong><\/p>\n<p><strong><span data-spm-anchor-id=\"a2700.details.0.i17.5482671asdfT1l\">5.Uygulama:<\/span><\/strong><\/p>\n<p><strong>Kristalin fruktoz, kristalin glikozun izomerizasyon, kristalizasyon ve dehidratasyon i\u015flemlerinden ge\u00e7irilmesiyle elde edilir.<br \/>\nKristalin fruktoz, t\u00fcm \u015feker t\u00fcrleri aras\u0131nda en tatl\u0131 olan\u0131d\u0131r. Tatl\u0131l\u0131\u011f\u0131 kam\u0131\u015f \u015fekerinin 1,2 kat\u0131d\u0131r ve daha d\u00fc\u015f\u00fck s\u0131cakl\u0131kta 1,8 kat\u0131na \u00e7\u0131kar, b\u00f6ylece t\u00fcketim hacmini etkili bir \u015fekilde azalt\u0131r. Kristalin fruktoz, bir\u00e7ok d\u00fc\u015f\u00fck kalorili yiyecekte, asitli s\u00fctlerde bulunur.<br \/>\nKristalin fruktoz, emilim i\u00e7in ins\u00fcline ba\u011fl\u0131 olmad\u0131\u011f\u0131ndan, insan v\u00fccuduna al\u0131nd\u0131\u011f\u0131nda hemen enerji sa\u011flayabilir. Bu nedenle sporcular\u0131n dayan\u0131kl\u0131l\u0131\u011f\u0131n\u0131 art\u0131rmak i\u00e7in spor ve enerji i\u00e7ecekleri yapmak i\u00e7in uygundur.<br \/>\nKristalin fruktoz, s\u0131radan \u015fekerler aras\u0131nda en d\u00fc\u015f\u00fck glisemik indekse sahiptir. Glisemik \u0130ndeks, bir yemekten sonra kan glikoz seviyesindeki art\u0131\u015f h\u0131z\u0131n\u0131 izler. Glisemik \u0130ndeks de\u011feri ne kadar y\u00fcksekse, kan glikoz seviyesi o kadar h\u0131zl\u0131 y\u00fckselir. Glikozun Glisemik \u0130ndeksi 100, \u015feker kam\u0131\u015f\u0131 65, bal 55 iken fruktoz sadece 19&#039;dur. Sonu\u00e7 olarak fruktoz, diyabet hastalar\u0131 i\u00e7in daha iyi bir se\u00e7imdir.<br \/>\nKristal fruktoz kat\u0131 oldu\u011fundan ta\u015f\u0131nmas\u0131 ve depolanmas\u0131 kolayd\u0131r.<\/strong><\/p>","protected":false},"excerpt":{"rendered":"<p>\u00dcr\u00fcn Ad\u0131:Kristalin Fruktoz<br \/>\nCAS Numaras\u0131:57-48-7<br \/>\nMF:C6H12O6<br \/>\nG\u00f6r\u00fcn\u00fcm: beyaz toz<\/p>","protected":false},"featured_media":2149,"template":"","meta":{"_acf_changed":false,"_gspb_post_css":""},"product_brand":[],"product_cat":[55,56],"product_tag":[],"class_list":{"0":"post-3467","1":"product","2":"type-product","3":"status-publish","4":"has-post-thumbnail","6":"product_cat-food-additives","7":"product_cat-sweetener","9":"first","10":"instock","11":"shipping-taxable","12":"product-type-simple"},"acf":[],"_links":{"self":[{"href":"https:\/\/wpachem.com\/tr\/wp-json\/wp\/v2\/product\/3467","targetHints":{"allow":["GET"]}}],"collection":[{"href":"https:\/\/wpachem.com\/tr\/wp-json\/wp\/v2\/product"}],"about":[{"href":"https:\/\/wpachem.com\/tr\/wp-json\/wp\/v2\/types\/product"}],"version-history":[{"count":0,"href":"https:\/\/wpachem.com\/tr\/wp-json\/wp\/v2\/product\/3467\/revisions"}],"wp:featuredmedia":[{"embeddable":true,"href":"https:\/\/wpachem.com\/tr\/wp-json\/wp\/v2\/media\/2149"}],"wp:attachment":[{"href":"https:\/\/wpachem.com\/tr\/wp-json\/wp\/v2\/media?parent=3467"}],"wp:term":[{"taxonomy":"product_brand","embeddable":true,"href":"https:\/\/wpachem.com\/tr\/wp-json\/wp\/v2\/product_brand?post=3467"},{"taxonomy":"product_cat","embeddable":true,"href":"https:\/\/wpachem.com\/tr\/wp-json\/wp\/v2\/product_cat?post=3467"},{"taxonomy":"product_tag","embeddable":true,"href":"https:\/\/wpachem.com\/tr\/wp-json\/wp\/v2\/product_tag?post=3467"}],"curies":[{"name":"wp","href":"https:\/\/api.w.org\/{rel}","templated":true}]}}