{"id":3472,"date":"2023-03-21T06:50:45","date_gmt":"2023-03-21T06:50:45","guid":{"rendered":"http:\/\/site2.easyceotech.com\/?post_type=product&#038;p=3472"},"modified":"2024-03-12T07:51:14","modified_gmt":"2024-03-12T07:51:14","slug":"d-glucono-15-lactone","status":"publish","type":"product","link":"https:\/\/wpachem.com\/tr\/urun\/d-glucono-15-lactone\/","title":{"rendered":"D-(+)-Glukono-1,5-lakton"},"content":{"rendered":"<h3><span data-spm-anchor-id=\"a2700.details.0.i17.2e5e2367ROB7ZQ\">Fabrika tedarik Y\u00fcksek kaliteli D-(+)-Glucono-1,5-lactone CAS 90-80-2 sat\u0131l\u0131k<\/span><\/h3>\n<p style=\"font-style: inherit; font-weight: inherit;\">Uygulama: 1.Stabilizat\u00f6r ve p\u0131ht\u0131la\u015ft\u0131r\u0131c\u0131 olarak soya \u00fcr\u00fcnlerinde (tofu ve fasulye \u00e7i\u00e7e\u011fi), sosislerde (et sosisi), surimi \u00fcr\u00fcnlerinde ve \u00fcz\u00fcm suyunda kullan\u0131labilir, maksimum kullan\u0131m miktar\u0131 3,0 g\/kg&#039;d\u0131r;<\/p>\n<p>2. Koruyucu olarak bal\u0131k ve karideslerin korunmas\u0131nda kullan\u0131labilir. Maksimum kullan\u0131m miktar\u0131 0,1 g\/kg&#039;d\u0131r ve kal\u0131nt\u0131 miktar\u0131 0,01 mg\/kg&#039;d\u0131r.<\/p>\n<p>3. \u00dcretim ihtiya\u00e7lar\u0131na g\u00f6re uygun kullan\u0131mla, bile\u015fik kabartma tozunun haz\u0131rlanmas\u0131nda kabartma maddesi olarak da kullan\u0131labilir.<\/p>\n<p>4. Ek\u015fi madde, ba\u015flang\u0131\u00e7 k\u00fclt\u00fcr\u00fc, protein p\u0131ht\u0131la\u015ft\u0131r\u0131c\u0131, PH d\u00fc\u015f\u00fcr\u00fcc\u00fc madde, ton tutma maddesi, g\u0131da koruyucu vb. olarak yayg\u0131n olarak kullan\u0131l\u0131r<\/p>\n<p>&nbsp;<\/p>\n<p>&nbsp;<\/p>","protected":false},"excerpt":{"rendered":"<p>\u00dcr\u00fcn Ad\u0131: D-(+)-Glukono-1,5-lakton<br \/>\nCAS Numaras\u0131:90-80-2<br \/>\nMF:C6H10O6<br \/>\nG\u00f6r\u00fcn\u00fcm: beyaz g\u00fc\u00e7<\/p>","protected":false},"featured_media":2177,"template":"","meta":{"_acf_changed":false,"_gspb_post_css":""},"product_brand":[],"product_cat":[24],"product_tag":[],"class_list":{"0":"post-3472","1":"product","2":"type-product","3":"status-publish","4":"has-post-thumbnail","6":"product_cat-uncategorized","8":"first","9":"instock","10":"shipping-taxable","11":"product-type-simple"},"acf":[],"_links":{"self":[{"href":"https:\/\/wpachem.com\/tr\/wp-json\/wp\/v2\/product\/3472","targetHints":{"allow":["GET"]}}],"collection":[{"href":"https:\/\/wpachem.com\/tr\/wp-json\/wp\/v2\/product"}],"about":[{"href":"https:\/\/wpachem.com\/tr\/wp-json\/wp\/v2\/types\/product"}],"version-history":[{"count":0,"href":"https:\/\/wpachem.com\/tr\/wp-json\/wp\/v2\/product\/3472\/revisions"}],"wp:featuredmedia":[{"embeddable":true,"href":"https:\/\/wpachem.com\/tr\/wp-json\/wp\/v2\/media\/2177"}],"wp:attachment":[{"href":"https:\/\/wpachem.com\/tr\/wp-json\/wp\/v2\/media?parent=3472"}],"wp:term":[{"taxonomy":"product_brand","embeddable":true,"href":"https:\/\/wpachem.com\/tr\/wp-json\/wp\/v2\/product_brand?post=3472"},{"taxonomy":"product_cat","embeddable":true,"href":"https:\/\/wpachem.com\/tr\/wp-json\/wp\/v2\/product_cat?post=3472"},{"taxonomy":"product_tag","embeddable":true,"href":"https:\/\/wpachem.com\/tr\/wp-json\/wp\/v2\/product_tag?post=3472"}],"curies":[{"name":"wp","href":"https:\/\/api.w.org\/{rel}","templated":true}]}}