{"id":3475,"date":"2023-03-21T06:56:21","date_gmt":"2023-03-21T06:56:21","guid":{"rendered":"http:\/\/site2.easyceotech.com\/?post_type=product&#038;p=3475"},"modified":"2024-03-12T07:51:11","modified_gmt":"2024-03-12T07:51:11","slug":"sodium-gluconate","status":"publish","type":"product","link":"https:\/\/wpachem.com\/tr\/urun\/sodium-gluconate\/","title":{"rendered":"Sodyum Glukonat"},"content":{"rendered":"<div class=\"J_module\">\n<div class=\"detail-decorate-json-renderer-container\">\n<div class=\"magic-4\">\n<div class=\"magic-5\" data-spm-anchor-id=\"a2700.details.0.i15.6e7e22ecOYJ1t9\">\n<div class=\"magic-6\">\n<div class=\"magic-7\">\n<p><b class=\"magic-8\">\u00dcr\u00fcn Ad\u0131:<\/b><span class=\"magic-9\"> Sodyum glukonat<\/span><\/p>\n<div><span class=\"magic-10\" style=\"font-family: Arial;\"><b>CAS:<\/b> 527-07-1<\/span><\/div>\n<div><span class=\"magic-10\" style=\"font-family: Arial;\"><b>MW:<\/b>220.15<\/span><\/div>\n<div><span class=\"magic-10\" style=\"font-family: Arial;\"><b>\u00c7.M:<\/b>C6H13NaO7<\/span><\/div>\n<div><span class=\"magic-10\" style=\"font-family: Arial;\"><b>D\u0131\u015f g\u00f6r\u00fcn\u00fc\u015f:<\/b>Beyaz veya a\u00e7\u0131k sar\u0131 kristal toz<\/span><\/div>\n<div><span class=\"magic-10\" style=\"font-family: Arial;\"><b>Safl\u0131k:<\/b>98%<\/span><\/div>\n<\/div>\n<\/div>\n<\/div>\n<\/div>\n<\/div>\n<\/div>\n<div class=\"J_module\">\n<div id=\"ali-anchor-AliMagic-yn5sxv\" class=\"magic-0\" data-section=\"AliMagic-yn5sxv\" data-section-title=\"Specification\">\u015eartname<\/div>\n<\/div>\n<div class=\"J_module\">\n<div class=\"ife-detail-decorate-table\">\n<table class=\"has-title is-zebra hight-light-first-column all magic-11\">\n<tbody>\n<tr>\n<td colspan=\"1\" rowspan=\"1\">\n<div class=\"magic-12\"><span class=\"magic-10\" style=\"font-family: Arial;\"><b>\u00d6\u011feler<\/b><\/span><\/div>\n<\/td>\n<td colspan=\"1\" rowspan=\"1\">\n<div class=\"magic-13\"><span class=\"magic-10\" style=\"font-family: Arial;\"><b>\u015eartname (G\u0131da S\u0131n\u0131f\u0131)<\/b><\/span><\/div>\n<\/td>\n<td colspan=\"1\" rowspan=\"1\">\n<div class=\"magic-14\"><span class=\"magic-10\" style=\"font-family: Arial;\"><b>\u015eartname (end\u00fcstriyel s\u0131n\u0131f)<\/b><\/span><\/div>\n<\/td>\n<\/tr>\n<tr>\n<td colspan=\"1\" rowspan=\"1\">\n<div class=\"magic-12\"><span class=\"magic-10\" style=\"font-family: Arial;\"><b>Tan\u0131m<\/b><\/span><\/div>\n<\/td>\n<td colspan=\"1\" rowspan=\"1\">\n<div class=\"magic-13\"><span class=\"magic-10\" style=\"font-family: Arial;\">beyaz kristal tozu<\/span><\/div>\n<\/td>\n<td colspan=\"1\" rowspan=\"1\">\n<div class=\"magic-14\"><span class=\"magic-10\" style=\"font-family: Arial;\">beyaz veya sar\u0131 kristal toz\u00a0<\/span><\/div>\n<\/td>\n<\/tr>\n<tr>\n<td colspan=\"1\" rowspan=\"1\">\n<div class=\"magic-12\"><span class=\"magic-10\" style=\"font-family: Arial;\"><b>Tan\u0131lama<\/b><\/span><\/div>\n<\/td>\n<td colspan=\"1\" rowspan=\"1\">\n<div class=\"magic-13\"><span class=\"magic-10\" style=\"font-family: Arial;\">gereksinimleri kar\u015f\u0131lar<\/span><\/div>\n<\/td>\n<td colspan=\"1\" rowspan=\"1\">\n<div class=\"magic-14\"><span class=\"magic-10\" style=\"font-family: Arial;\">gereksinimleri kar\u015f\u0131lar<\/span><\/div>\n<\/td>\n<\/tr>\n<tr>\n<td colspan=\"1\" rowspan=\"1\">\n<div class=\"magic-12\"><span class=\"magic-10\" style=\"font-family: Arial;\"><b>Kuru %&#039;de kay\u0131p<\/b><\/span><\/div>\n<\/td>\n<td colspan=\"1\" rowspan=\"1\">\n<div class=\"magic-13\"><span class=\"magic-10\" style=\"font-family: Arial;\">0,40 maksimum<\/span><\/div>\n<\/td>\n<td colspan=\"1\" rowspan=\"1\">\n<div class=\"magic-14\"><span class=\"magic-10\" style=\"font-family: Arial;\">0,40 maksimum<\/span><\/div>\n<\/td>\n<\/tr>\n<tr>\n<td colspan=\"1\" rowspan=\"1\">\n<div class=\"magic-12\"><span class=\"magic-10\" style=\"font-family: Arial;\"><b>\u0130ndirgeyici maddeler, %<\/b><\/span><\/div>\n<\/td>\n<td colspan=\"1\" rowspan=\"1\">\n<div class=\"magic-13\"><span class=\"magic-10\" style=\"font-family: Arial;\">0,50 maksimum<\/span><\/div>\n<\/td>\n<td colspan=\"1\" rowspan=\"1\">\n<div class=\"magic-14\"><span class=\"magic-10\" style=\"font-family: Arial;\">0,50 maksimum<\/span><\/div>\n<\/td>\n<\/tr>\n<tr>\n<td colspan=\"1\" rowspan=\"1\">\n<div class=\"magic-12\"><span class=\"magic-10\" style=\"font-family: Arial;\"><b>PH<\/b><\/span><\/div>\n<\/td>\n<td colspan=\"1\" rowspan=\"1\">\n<div class=\"magic-13\"><span class=\"magic-10\" style=\"font-family: Arial;\">6.2 ~ 7.8<\/span><\/div>\n<\/td>\n<td colspan=\"1\" rowspan=\"1\">\n<div class=\"magic-14\"><span class=\"magic-10\" style=\"font-family: Arial;\">6.2 ~ 7.8<\/span><\/div>\n<\/td>\n<\/tr>\n<tr>\n<td colspan=\"1\" rowspan=\"1\">\n<div class=\"magic-12\"><span class=\"magic-10\" style=\"font-family: Arial;\"><b>S\u00fclfat, %<\/b><\/span><\/div>\n<\/td>\n<td colspan=\"1\" rowspan=\"1\">\n<div class=\"magic-13\"><span class=\"magic-10\" style=\"font-family: Arial;\">0,02 maksimum<\/span><\/div>\n<\/td>\n<td colspan=\"1\" rowspan=\"1\">\n<div class=\"magic-14\"><span class=\"magic-10\" style=\"font-family: Arial;\">0,05 maksimum<\/span><\/div>\n<\/td>\n<\/tr>\n<tr>\n<td colspan=\"1\" rowspan=\"1\">\n<div class=\"magic-12\"><span class=\"magic-10\" style=\"font-family: Arial;\"><b>Klor\u00fcr%<\/b><\/span><\/div>\n<\/td>\n<td colspan=\"1\" rowspan=\"1\">\n<div class=\"magic-13\"><span class=\"magic-10\" style=\"font-family: Arial;\">0,02 maksimum<\/span><\/div>\n<\/td>\n<td colspan=\"1\" rowspan=\"1\">\n<div class=\"magic-14\"><span class=\"magic-10\" style=\"font-family: Arial;\">0,05 maksimum<\/span><\/div>\n<\/td>\n<\/tr>\n<tr>\n<td colspan=\"1\" rowspan=\"1\">\n<div class=\"magic-12\"><span class=\"magic-10\" style=\"font-family: Arial;\"><b>Kur\u015fun ,ppm<\/b><\/span><\/div>\n<\/td>\n<td colspan=\"1\" rowspan=\"1\">\n<div class=\"magic-13\"><span class=\"magic-10\" style=\"font-family: Arial;\">1 en fazla<\/span><\/div>\n<\/td>\n<td colspan=\"1\" rowspan=\"1\">\n<div class=\"magic-14\"><span class=\"magic-10\" style=\"font-family: Arial;\">0.001maksimum<\/span><\/div>\n<\/td>\n<\/tr>\n<tr>\n<td colspan=\"1\" rowspan=\"1\">\n<div class=\"magic-12\"><span class=\"magic-10\" style=\"font-family: Arial;\"><b>Arsenik tuzu,ppm<\/b><\/span><\/div>\n<\/td>\n<td colspan=\"1\" rowspan=\"1\">\n<div class=\"magic-13\"><span class=\"magic-10\" style=\"font-family: Arial;\">En fazla 2<\/span><\/div>\n<\/td>\n<td colspan=\"1\" rowspan=\"1\">\n<div class=\"magic-14\"><\/div>\n<\/td>\n<\/tr>\n<tr>\n<td colspan=\"1\" rowspan=\"1\">\n<div class=\"magic-12\"><span class=\"magic-10\" style=\"font-family: Arial;\"><b>A\u011f\u0131r metaller,ppm<\/b><\/span><\/div>\n<\/td>\n<td colspan=\"1\" rowspan=\"1\">\n<div class=\"magic-13\"><span class=\"magic-10\" style=\"font-family: Arial;\">5maksimum<\/span><\/div>\n<\/td>\n<td colspan=\"1\" rowspan=\"1\">\n<div class=\"magic-14\"><span class=\"magic-10\" style=\"font-family: Arial;\">0.002maksimum<\/span><\/div>\n<\/td>\n<\/tr>\n<tr>\n<td colspan=\"1\" rowspan=\"1\">\n<div class=\"magic-12\"><span class=\"magic-10\" style=\"font-family: Arial;\"><b>Deneme<\/b><\/span><\/div>\n<\/td>\n<td colspan=\"1\" rowspan=\"1\">\n<div class=\"magic-13\"><span class=\"magic-10\" style=\"font-family: Arial;\">98.0-102.0 dk<\/span><\/div>\n<\/td>\n<td colspan=\"1\" rowspan=\"1\">\n<div class=\"magic-14\"><span class=\"magic-10\" style=\"font-family: Arial;\">\u226598.0 %<\/span><\/div>\n<\/td>\n<\/tr>\n<\/tbody>\n<\/table>\n<\/div>\n<\/div>\n<div class=\"J_module\">\n<div id=\"ali-anchor-AliMagic-kvmfrb\" class=\"magic-0\" data-section=\"AliMagic-kvmfrb\" data-section-title=\"Application\">Ba\u015fvuru<\/div>\n<\/div>\n<div class=\"J_module\">\n<div class=\"detail-decorate-json-renderer-container\">\n<div class=\"magic-4\">\n<div class=\"magic-5\">\n<div class=\"magic-6\">\n<div class=\"magic-7\" data-spm-anchor-id=\"a2700.details.0.i14.6e7e22ecOYJ1t9\">\n<p><span class=\"magic-10\" style=\"font-family: Arial;\">1. \u00c7elik y\u00fczey temizleyicileri, cam \u00f6zel temizlik maddesi olarak kullan\u0131l\u0131r. 2. \u00c7imento katk\u0131s\u0131 olarak kullan\u0131l\u0131r, belirli miktarda sodyum glukonat eklenmesi betonun plastisitesini ve mukavemetini art\u0131racakt\u0131r. 3. Petrokimya i\u015f \u00e7evrimi so\u011futma suyu sistemi, d\u00fc\u015f\u00fck bas\u0131n\u00e7l\u0131 kazan, motor so\u011futma suyu sistemi ar\u0131tma kimyasallar\u0131 gibi stabilizat\u00f6r.<\/span><\/p>\n<div><\/div>\n<div><span class=\"magic-10\" style=\"font-family: Arial;\">4.G\u0131da katk\u0131 maddeleri<\/span><\/div>\n<\/div>\n<\/div>\n<\/div>\n<\/div>\n<\/div>\n<\/div>\n<p>&nbsp;<\/p>","protected":false},"excerpt":{"rendered":"<p>\u00dcr\u00fcn Ad\u0131:Sodyum glukonat<br \/>\nCAS Numaras\u0131:527-07-1<br \/>\nMF:C6H13NaO7<br \/>\nG\u00f6r\u00fcn\u00fcm: beyaz g\u00fc\u00e7<\/p>","protected":false},"featured_media":2169,"template":"","meta":{"_acf_changed":false,"_gspb_post_css":""},"product_brand":[],"product_cat":[55,56],"product_tag":[],"class_list":{"0":"post-3475","1":"product","2":"type-product","3":"status-publish","4":"has-post-thumbnail","6":"product_cat-food-additives","7":"product_cat-sweetener","9":"first","10":"instock","11":"shipping-taxable","12":"product-type-simple"},"acf":[],"_links":{"self":[{"href":"https:\/\/wpachem.com\/tr\/wp-json\/wp\/v2\/product\/3475","targetHints":{"allow":["GET"]}}],"collection":[{"href":"https:\/\/wpachem.com\/tr\/wp-json\/wp\/v2\/product"}],"about":[{"href":"https:\/\/wpachem.com\/tr\/wp-json\/wp\/v2\/types\/product"}],"version-history":[{"count":0,"href":"https:\/\/wpachem.com\/tr\/wp-json\/wp\/v2\/product\/3475\/revisions"}],"wp:featuredmedia":[{"embeddable":true,"href":"https:\/\/wpachem.com\/tr\/wp-json\/wp\/v2\/media\/2169"}],"wp:attachment":[{"href":"https:\/\/wpachem.com\/tr\/wp-json\/wp\/v2\/media?parent=3475"}],"wp:term":[{"taxonomy":"product_brand","embeddable":true,"href":"https:\/\/wpachem.com\/tr\/wp-json\/wp\/v2\/product_brand?post=3475"},{"taxonomy":"product_cat","embeddable":true,"href":"https:\/\/wpachem.com\/tr\/wp-json\/wp\/v2\/product_cat?post=3475"},{"taxonomy":"product_tag","embeddable":true,"href":"https:\/\/wpachem.com\/tr\/wp-json\/wp\/v2\/product_tag?post=3475"}],"curies":[{"name":"wp","href":"https:\/\/api.w.org\/{rel}","templated":true}]}}