{"id":3478,"date":"2023-03-21T06:59:08","date_gmt":"2023-03-21T06:59:08","guid":{"rendered":"http:\/\/site2.easyceotech.com\/?post_type=product&#038;p=3478"},"modified":"2024-03-12T07:51:05","modified_gmt":"2024-03-12T07:51:05","slug":"polydextrose-2","status":"publish","type":"product","link":"https:\/\/wpachem.com\/tr\/urun\/polydextrose-2\/","title":{"rendered":"Polidekstroz"},"content":{"rendered":"<p>Polidekstroz m\u00fckemmel bir \u00e7\u00f6z\u00fcn\u00fcr un lifi \u00e7e\u015fidi olup, i\u00e7eri\u011findeki un lifi oran\u0131 %&#039;den fazlad\u0131r.<br \/>\nPolidekstroz, dekstrozdan, yakla\u015f\u0131k Sorbitol ve %1 sitrik asitten sentezlenen \u00e7ok ama\u00e7l\u0131 bir katk\u0131 maddesidir. E numaras\u0131 E1200&#039;d\u00fcr.<\/p>\n<p>Genellikle ticari keklerde, \u015fekerlemelerde, tatl\u0131 kar\u0131\u015f\u0131mlar\u0131nda, jelatinlerde, dondurulmu\u015f tatl\u0131larda, pudinglerde ve salata soslar\u0131nda \u015feker, ni\u015fasta ve ya\u011f yerine kullan\u0131l\u0131r. Polidekstroz, d\u00fc\u015f\u00fck karbonhidratl\u0131 ve diyabetik yemek tariflerinde s\u0131kl\u0131kla bir bile\u015fen olarak kullan\u0131l\u0131r.<\/p>\n<p>Polidekstroz nemlendirici, stabilizat\u00f6r ve koyula\u015ft\u0131r\u0131c\u0131 olarak kullan\u0131l\u0131r.<\/p>\n<p>Polidekstroz fonksiyonel tatland\u0131r\u0131c\u0131n\u0131n bir bile\u015fenidir.<\/p>\n<p>Polidekstroz Durumu:<\/p>\n<p>Beyaz veya beyaza yak\u0131n, kat\u0131 amorf toz, suda \u00e7\u00f6z\u00fcnen, \u00e7\u00f6z\u00fcn\u00fcrl\u00fck derecesi 70%. 10% su \u00e7\u00f6zeltisinin PH de\u011feri 2,5-7,0&#039;d\u0131r.<\/p>","protected":false},"excerpt":{"rendered":"<p>\u00dcr\u00fcn Ad\u0131:Polidekstroz<br \/>\nCAS Numaras\u0131:68424-04-4<br \/>\nMF:C12H22O11<br \/>\nG\u00f6r\u00fcn\u00fcm: beyaz g\u00fc\u00e7<\/p>","protected":false},"featured_media":2155,"template":"","meta":{"_acf_changed":false,"_gspb_post_css":""},"product_brand":[],"product_cat":[55,56],"product_tag":[],"class_list":{"0":"post-3478","1":"product","2":"type-product","3":"status-publish","4":"has-post-thumbnail","6":"product_cat-food-additives","7":"product_cat-sweetener","9":"first","10":"instock","11":"shipping-taxable","12":"product-type-simple"},"acf":[],"_links":{"self":[{"href":"https:\/\/wpachem.com\/tr\/wp-json\/wp\/v2\/product\/3478","targetHints":{"allow":["GET"]}}],"collection":[{"href":"https:\/\/wpachem.com\/tr\/wp-json\/wp\/v2\/product"}],"about":[{"href":"https:\/\/wpachem.com\/tr\/wp-json\/wp\/v2\/types\/product"}],"version-history":[{"count":0,"href":"https:\/\/wpachem.com\/tr\/wp-json\/wp\/v2\/product\/3478\/revisions"}],"wp:featuredmedia":[{"embeddable":true,"href":"https:\/\/wpachem.com\/tr\/wp-json\/wp\/v2\/media\/2155"}],"wp:attachment":[{"href":"https:\/\/wpachem.com\/tr\/wp-json\/wp\/v2\/media?parent=3478"}],"wp:term":[{"taxonomy":"product_brand","embeddable":true,"href":"https:\/\/wpachem.com\/tr\/wp-json\/wp\/v2\/product_brand?post=3478"},{"taxonomy":"product_cat","embeddable":true,"href":"https:\/\/wpachem.com\/tr\/wp-json\/wp\/v2\/product_cat?post=3478"},{"taxonomy":"product_tag","embeddable":true,"href":"https:\/\/wpachem.com\/tr\/wp-json\/wp\/v2\/product_tag?post=3478"}],"curies":[{"name":"wp","href":"https:\/\/api.w.org\/{rel}","templated":true}]}}