{"id":3481,"date":"2023-03-21T07:13:03","date_gmt":"2023-03-21T07:13:03","guid":{"rendered":"http:\/\/site2.easyceotech.com\/?post_type=product&#038;p=3481"},"modified":"2024-03-12T07:51:01","modified_gmt":"2024-03-12T07:51:01","slug":"dextrose-anhydrous","status":"publish","type":"product","link":"https:\/\/wpachem.com\/tr\/urun\/dextrose-anhydrous\/","title":{"rendered":"Dekstroz Susuz"},"content":{"rendered":"<p><strong data-spm-anchor-id=\"a2700.details.0.i23.49f52ab0I4GB6w\">Susuz Glikozun Tan\u0131m\u0131:<\/strong><\/p>\n<p>Glikoz, glikozun di\u011fer ad\u0131 dekstrozdur<br \/>\nGlukoz, su molek\u00fcl\u00fc ile kristalle\u015ftirilmi\u015f D-glukozdur. Glukoz, m\u0131s\u0131r ni\u015fastas\u0131n\u0131n enzimatik hidrolizi ile elde edilen bitkisel k\u00f6kenli bir glukozdur (Geneti\u011fi de\u011fi\u015ftirilmemi\u015f, GDO i\u00e7ermez). Bir t\u00fcr tatland\u0131r\u0131c\u0131 g\u00fc\u00e7 olan glukoz (10%m\/m \u00e7\u00f6zeltisinde) sakarozun 75%&#039;sine e\u015fde\u011ferdir.<\/p>\n<div>\n<div>\n<div>\n<div>\n<div>\n<div><strong>Susuz Glikozun Fonksiyonu:<\/strong><\/div>\n<div>End\u00fcstriyel olarak, Glikoz ni\u015fastan\u0131n hidrolizi ile \u00fcretilir. 1960&#039;larda, mikrobiyal enzimatik glikoz \u00fcretimi kullan\u0131ld\u0131. Bu, asit hidroliz s\u00fcrecine g\u00f6re \u00f6nemli avantajlara sahip b\u00fcy\u00fck bir yeniliktir. \u00dcretimde, hammaddelerin rafine edilmesine gerek yoktur ve asit ve bas\u0131nca dayan\u0131kl\u0131 ekipmana ihtiya\u00e7 yoktur ve \u015feker s\u0131v\u0131s\u0131n\u0131n ac\u0131 bir tad\u0131 yoktur ve y\u00fcksek \u015feker verimi vard\u0131r.<\/div>\n<\/div>\n<\/div>\n<\/div>\n<\/div>\n<\/div>\n<div>\n<div>\n<div>\n<div>\n<div>\n<div>\n<p><strong>Susuz Glikozun Uygulanmas\u0131:<\/strong><\/p>\n<div>Glikoz, t\u0131pta esas olarak enjeksiyonluk (glikoz enjeksiyonu) besin maddesi olarak kullan\u0131l\u0131r.Glikoz, t\u0131pta esas olarak enjeksiyonluk (glikoz enjeksiyonu) besin maddesi olarak kullan\u0131l\u0131r.<\/div>\n<div>anahtar kelimeler:Susuz Glikoz;Susuz Glikoz tozu;Susuz Glikoz fiyat\u0131;<\/div>\n<\/div>\n<\/div>\n<\/div>\n<\/div>\n<\/div>\n<\/div>\n<p>&nbsp;<\/p>","protected":false},"excerpt":{"rendered":"<p>\u00dcr\u00fcn Ad\u0131:Susuz Dekstroz<br \/>\nCAS Numaras\u0131:50-99-7<br \/>\nMF:C6H12O6<br \/>\nG\u00f6r\u00fcn\u00fcm: beyaz g\u00fc\u00e7<\/p>","protected":false},"featured_media":2153,"template":"","meta":{"_acf_changed":false,"_gspb_post_css":""},"product_brand":[],"product_cat":[55,56],"product_tag":[],"class_list":{"0":"post-3481","1":"product","2":"type-product","3":"status-publish","4":"has-post-thumbnail","6":"product_cat-food-additives","7":"product_cat-sweetener","9":"first","10":"instock","11":"shipping-taxable","12":"product-type-simple"},"acf":[],"_links":{"self":[{"href":"https:\/\/wpachem.com\/tr\/wp-json\/wp\/v2\/product\/3481","targetHints":{"allow":["GET"]}}],"collection":[{"href":"https:\/\/wpachem.com\/tr\/wp-json\/wp\/v2\/product"}],"about":[{"href":"https:\/\/wpachem.com\/tr\/wp-json\/wp\/v2\/types\/product"}],"version-history":[{"count":0,"href":"https:\/\/wpachem.com\/tr\/wp-json\/wp\/v2\/product\/3481\/revisions"}],"wp:featuredmedia":[{"embeddable":true,"href":"https:\/\/wpachem.com\/tr\/wp-json\/wp\/v2\/media\/2153"}],"wp:attachment":[{"href":"https:\/\/wpachem.com\/tr\/wp-json\/wp\/v2\/media?parent=3481"}],"wp:term":[{"taxonomy":"product_brand","embeddable":true,"href":"https:\/\/wpachem.com\/tr\/wp-json\/wp\/v2\/product_brand?post=3481"},{"taxonomy":"product_cat","embeddable":true,"href":"https:\/\/wpachem.com\/tr\/wp-json\/wp\/v2\/product_cat?post=3481"},{"taxonomy":"product_tag","embeddable":true,"href":"https:\/\/wpachem.com\/tr\/wp-json\/wp\/v2\/product_tag?post=3481"}],"curies":[{"name":"wp","href":"https:\/\/api.w.org\/{rel}","templated":true}]}}