{"id":3484,"date":"2023-03-21T07:17:12","date_gmt":"2023-03-21T07:17:12","guid":{"rendered":"http:\/\/site2.easyceotech.com\/?post_type=product&#038;p=3484"},"modified":"2024-03-12T07:50:29","modified_gmt":"2024-03-12T07:50:29","slug":"mannitol","status":"publish","type":"product","link":"https:\/\/wpachem.com\/tr\/urun\/mannitol\/","title":{"rendered":"Mannitol"},"content":{"rendered":"<p><strong>Girii\u015f:<\/strong><\/p>\n<div><strong>Beyaz i\u011fne benzeri kristaller. Erime noktas\u0131 166, ba\u011f\u0131l yo\u011funluk 1.52, 1.489 (20\u2103), kaynama noktas\u0131 290-295\u2103 (467kPa). \u00dcr\u00fcn\u00fcn 1 g&#039;\u0131 yakla\u015f\u0131k 5.5 ml suda (yakla\u015f\u0131k 18%, 25\u2103), 83 ml alkolde \u00e7\u00f6z\u00fcn\u00fcr, s\u0131cak suda daha fazla \u00e7\u00f6z\u00fcn\u00fcr, piridin ve anilinde \u00e7\u00f6z\u00fcn\u00fcr, eterde \u00e7\u00f6z\u00fcnmez. Sulu \u00e7\u00f6zelti asidiktir. Bu \u00fcr\u00fcn bir sorbitol izomerizat\u00f6r\u00fcd\u00fcr, sorbitol \u00e7ok higroskopiktir ve bu \u00fcr\u00fcn\u00fcn higroskopikli\u011fi yoktur. Mannitol, sakarozun tatl\u0131l\u0131\u011f\u0131na e\u015fde\u011fer tatl\u0131 bir tada sahiptir.<\/strong><\/div>\n<div><\/div>\n<div>\n<div><strong>Ba\u015fvuru:<\/strong><\/div>\n<div><strong>G\u0131da \u0130\u00e7in: G\u0131da em\u00fclgat\u00f6r\u00fc olarak da\u011f\u0131t\u0131c\u0131lar, hamur i\u015flerinde, \u015fekerlemelerde, i\u00e7eceklerde vb. yayg\u0131n olarak kullan\u0131labilir. \u00dcr\u00fcn \u015feker ve \u015feker alkol\u00fcnde en d\u00fc\u015f\u00fck su emilimine sahiptir ve gevrek tatl\u0131 bir tada sahiptir. Maltoz, sak\u0131z, pirin\u00e7 keki ve di\u011fer g\u0131dalar\u0131n yap\u0131\u015fmas\u0131n\u0131 \u00f6nlemek i\u00e7in ve genel kekler i\u00e7in yap\u0131\u015fmay\u0131 \u00f6nleyici toz olarak kullan\u0131l\u0131r. Ayr\u0131ca d\u00fc\u015f\u00fck kalorili ve d\u00fc\u015f\u00fck \u015fekerli bir tatland\u0131r\u0131c\u0131 olarak diyabet hastalar\u0131 ve v\u00fccut geli\u015ftirme g\u0131dalar\u0131nda kullan\u0131labilir.\u00a0<\/strong><\/div>\n<div><strong>Sanayide: Mannitol plastik end\u00fcstrisinde re\u00e7ine esterleri ve yapay gliserol re\u00e7ineleri vb. yapmak i\u00e7in kullan\u0131labilir.<\/strong><\/div>\n<\/div>\n<p>&nbsp;<\/p>","protected":false},"excerpt":{"rendered":"<p>\u00dcr\u00fcn Ad\u0131:Mannitol<br \/>\nCAS Numaras\u0131:87-78-5<br \/>\nMF:C6H14O6<br \/>\nG\u00f6r\u00fcn\u00fcm: beyaz g\u00fc\u00e7<\/p>","protected":false},"featured_media":2177,"template":"","meta":{"_acf_changed":false,"_gspb_post_css":""},"product_brand":[],"product_cat":[55,56],"product_tag":[],"class_list":{"0":"post-3484","1":"product","2":"type-product","3":"status-publish","4":"has-post-thumbnail","6":"product_cat-food-additives","7":"product_cat-sweetener","9":"first","10":"instock","11":"shipping-taxable","12":"product-type-simple"},"acf":[],"_links":{"self":[{"href":"https:\/\/wpachem.com\/tr\/wp-json\/wp\/v2\/product\/3484","targetHints":{"allow":["GET"]}}],"collection":[{"href":"https:\/\/wpachem.com\/tr\/wp-json\/wp\/v2\/product"}],"about":[{"href":"https:\/\/wpachem.com\/tr\/wp-json\/wp\/v2\/types\/product"}],"version-history":[{"count":0,"href":"https:\/\/wpachem.com\/tr\/wp-json\/wp\/v2\/product\/3484\/revisions"}],"wp:featuredmedia":[{"embeddable":true,"href":"https:\/\/wpachem.com\/tr\/wp-json\/wp\/v2\/media\/2177"}],"wp:attachment":[{"href":"https:\/\/wpachem.com\/tr\/wp-json\/wp\/v2\/media?parent=3484"}],"wp:term":[{"taxonomy":"product_brand","embeddable":true,"href":"https:\/\/wpachem.com\/tr\/wp-json\/wp\/v2\/product_brand?post=3484"},{"taxonomy":"product_cat","embeddable":true,"href":"https:\/\/wpachem.com\/tr\/wp-json\/wp\/v2\/product_cat?post=3484"},{"taxonomy":"product_tag","embeddable":true,"href":"https:\/\/wpachem.com\/tr\/wp-json\/wp\/v2\/product_tag?post=3484"}],"curies":[{"name":"wp","href":"https:\/\/api.w.org\/{rel}","templated":true}]}}