{"id":3487,"date":"2023-03-21T07:19:11","date_gmt":"2023-03-21T07:19:11","guid":{"rendered":"http:\/\/site2.easyceotech.com\/?post_type=product&#038;p=3487"},"modified":"2024-03-12T07:48:48","modified_gmt":"2024-03-12T07:48:48","slug":"trehalose-dihydrate","status":"publish","type":"product","link":"https:\/\/wpachem.com\/tr\/urun\/trehalose-dihydrate\/","title":{"rendered":"Trehaloz Dihidrat"},"content":{"rendered":"<p>Tan\u0131m:<br \/>\nTrehaloz, iki glikoz molek\u00fcl\u00fcnden olu\u015fan indirgenmeyen bir \u015fekerdir ve d\u00fcnyadaki en kararl\u0131 \u015fekerlerden biridir.<br \/>\nBitki h\u00fccrelerinin susuz kalmas\u0131 \u00fczerine yap\u0131lan ara\u015ft\u0131rmalarda bilim insanlar\u0131, trehalozun h\u00fccre zar\u0131, protein ve di\u011fer<br \/>\nkurutuldu\u011funda molek\u00fcllerin hasar g\u00f6rmesini \u00f6nler ve kurutulmu\u015f bitkilerin tekrar sulanmas\u0131ndan sonra do\u011fal biyolojik karakterini korur.<\/p>\n<p>\u00d6zellikler<br \/>\n1.D\u00fc\u015f\u00fck karyojeniklik<br \/>\nTrehaloz hem in vivo hem de in vitro karyojenik sistemde tam olarak test edilmi\u015ftir, bu nedenle karyojenik etkiyi \u00f6nemli \u00f6l\u00e7\u00fcde azaltm\u0131\u015ft\u0131r.<br \/>\npotansiyel.<br \/>\n2. Hafif tatl\u0131l\u0131k<br \/>\nTrehalose sakaroz kadar tatl\u0131d\u0131r sadece 45%. Temiz bir tat profiline sahiptir<\/p>\n<p>3. D\u00fc\u015f\u00fck \u00e7\u00f6z\u00fcn\u00fcrl\u00fck ve m\u00fckemmel kristal<br \/>\nTrehalozun suda \u00e7\u00f6z\u00fcn\u00fcrl\u00fc\u011f\u00fc maltoz kadar y\u00fcksekken kristalli\u011fi m\u00fckemmeldir, bu nedenle d\u00fc\u015f\u00fck \u00fcretimi kolayd\u0131r<br \/>\nhigroskopik \u015fekerleme, kaplama, yumu\u015fak \u015fekerleme vb.<\/p>\n<p>4. Y\u00fcksek Cam Ge\u00e7i\u015f S\u0131cakl\u0131\u011f\u0131<br \/>\nTrehalozun cam ge\u00e7i\u015f s\u0131cakl\u0131\u011f\u0131 120\u2103&#039;dir, bu da trehalozu bir protein koruyucu olarak ideal hale getirir ve ideal olarak uygundur.<br \/>\nSpreyle kurutulmu\u015f aromalar i\u00e7in ta\u015f\u0131y\u0131c\u0131.<\/p>","protected":false},"excerpt":{"rendered":"<p>\u00dcr\u00fcn Ad\u0131:Trehaloz Dihidrat<br \/>\nCAS Numaras\u0131: 6138-23-4<br \/>\nMF:C12H22O11\u00b72H2O<br \/>\nG\u00f6r\u00fcn\u00fcm: beyaz g\u00fc\u00e7<\/p>","protected":false},"featured_media":2161,"template":"","meta":{"_acf_changed":false,"_gspb_post_css":""},"product_brand":[],"product_cat":[55,56],"product_tag":[],"class_list":{"0":"post-3487","1":"product","2":"type-product","3":"status-publish","4":"has-post-thumbnail","6":"product_cat-food-additives","7":"product_cat-sweetener","9":"first","10":"instock","11":"shipping-taxable","12":"product-type-simple"},"acf":[],"_links":{"self":[{"href":"https:\/\/wpachem.com\/tr\/wp-json\/wp\/v2\/product\/3487","targetHints":{"allow":["GET"]}}],"collection":[{"href":"https:\/\/wpachem.com\/tr\/wp-json\/wp\/v2\/product"}],"about":[{"href":"https:\/\/wpachem.com\/tr\/wp-json\/wp\/v2\/types\/product"}],"version-history":[{"count":0,"href":"https:\/\/wpachem.com\/tr\/wp-json\/wp\/v2\/product\/3487\/revisions"}],"wp:featuredmedia":[{"embeddable":true,"href":"https:\/\/wpachem.com\/tr\/wp-json\/wp\/v2\/media\/2161"}],"wp:attachment":[{"href":"https:\/\/wpachem.com\/tr\/wp-json\/wp\/v2\/media?parent=3487"}],"wp:term":[{"taxonomy":"product_brand","embeddable":true,"href":"https:\/\/wpachem.com\/tr\/wp-json\/wp\/v2\/product_brand?post=3487"},{"taxonomy":"product_cat","embeddable":true,"href":"https:\/\/wpachem.com\/tr\/wp-json\/wp\/v2\/product_cat?post=3487"},{"taxonomy":"product_tag","embeddable":true,"href":"https:\/\/wpachem.com\/tr\/wp-json\/wp\/v2\/product_tag?post=3487"}],"curies":[{"name":"wp","href":"https:\/\/api.w.org\/{rel}","templated":true}]}}