{"id":3494,"date":"2023-03-21T07:31:12","date_gmt":"2023-03-21T07:31:12","guid":{"rendered":"http:\/\/site2.easyceotech.com\/?post_type=product&#038;p=3494"},"modified":"2024-03-12T07:48:41","modified_gmt":"2024-03-12T07:48:41","slug":"isomalt","status":"publish","type":"product","link":"https:\/\/wpachem.com\/tr\/urun\/isomalt\/","title":{"rendered":"\u0130zomalt"},"content":{"rendered":"<div class=\"text-title\"><span data-spm-anchor-id=\"a2700.details.0.i33.6d2e6224NlNbdj\">\u00dcr\u00fcn uygulamas\u0131<\/span><\/div>\n<div class=\"text-content\">\n<div>Ayn\u0131 zamanda benzersiz sindirim ve emilim \u00f6zelli\u011fine sahip \u00f6zel bir tatland\u0131r\u0131c\u0131d\u0131r. \u015eekerleme, i\u00e7ecek ve \u00e7e\u015fitli yiyecekler i\u00e7in \u00e7ok uygundur. Son \u00e7al\u0131\u015fmalar izomalt\u00fclozun prebiyotik aktivitesini g\u00f6stermi\u015ftir.<\/div>\n<div><span data-spm-anchor-id=\"a2700.details.0.i32.6d2e6224NlNbdj\">Sert \u015fekerler, d\u00fc\u015f\u00fck s\u0131cakl\u0131kta kaynat\u0131lm\u0131\u015f \u015fekerler, s\u0131k\u0131\u015ft\u0131r\u0131lm\u0131\u015f tabletler, \u00e7ikolata, sak\u0131z, re\u00e7eller, j\u00f6leler, m\u0131s\u0131r kahvalt\u0131l\u0131k \u00fcr\u00fcnleri, unlu mamuller, krema, dondurma vb.<\/span><\/div>\n<\/div>\n<div>\n<div class=\"text-title\"><span class=\"magic-18\"><span data-spm-anchor-id=\"a2700.details.0.i31.6d2e6224NlNbdj\">\u00dcr\u00fcn A\u00e7\u0131klamas\u0131<\/span><\/span><\/div>\n<div class=\"text-content\">Beyaz kristal, kokusuz, tatl\u0131, sakarozun tatl\u0131l\u0131\u011f\u0131 yakla\u015f\u0131k 42%, saf tatl\u0131 tad\u0131, temelde sakarozla ayn\u0131, k\u00f6t\u00fc bir tat b\u0131rakmaz, erime noktas\u0131 122 ~ 124 \u2103, \u00f6zg\u00fcl rotasyon [ \u03b1\u3015 20D97.2 \u00b0, asit dayan\u0131kl\u0131, \u0131s\u0131ya dayan\u0131kl\u0131, hidrolize edilmesi kolay de\u011fil (20% \u00e7\u00f6zeltisi pH2.0&#039;da 60 dakika boyunca 100 \u2103&#039;de \u0131s\u0131t\u0131ld\u0131\u011f\u0131nda ayr\u0131\u015fmaz ve sakaroz ayn\u0131 ko\u015fullar alt\u0131nda tamamen hidrolize edilebilir) Termal kararl\u0131l\u0131k Sakkarozdan daha d\u00fc\u015f\u00fckt\u00fcr, indirgeme y\u00f6ntemine sahiptir ve suda kolayca \u00e7\u00f6z\u00fcn\u00fcr. Sudaki \u00e7\u00f6z\u00fcn\u00fcrl\u00fc\u011f\u00fc sakarozdan daha d\u00fc\u015f\u00fckt\u00fcr, 20 \u2103&#039;de 38.4%, 40 \u2103&#039;de 78.2% ve 60 \u2103&#039;de 133.7%. Sulu \u00e7\u00f6zeltisinin viskozitesi ayn\u0131 konsantrasyondaki sakarozun viskozitesinden biraz daha d\u00fc\u015f\u00fckt\u00fcr. Bu \u00fcr\u00fcn ba\u011f\u0131rsakta enzimatik olarak hidrolize edilebilir ve v\u00fccut taraf\u0131ndan emilebilir. Kan \u015fekeri de\u011feri \u00fczerinde \u00e7ok az etkisi vard\u0131r ve \u00e7\u00fcr\u00fck olu\u015fturmaz. Kullan\u0131m: tatland\u0131r\u0131c\u0131, prebiyotik<\/div>\n<\/div>\n<p>&nbsp;<\/p>","protected":false},"excerpt":{"rendered":"<p>\u00dcr\u00fcn Ad\u0131: \u0130zomalt<br \/>\nCAS Numaras\u0131: 64519-82-0<br \/>\nMF:C12H24O11<br \/>\nG\u00f6r\u00fcn\u00fcm: beyaz g\u00fc\u00e7<\/p>","protected":false},"featured_media":2134,"template":"","meta":{"_acf_changed":false,"_gspb_post_css":""},"product_brand":[],"product_cat":[55,56],"product_tag":[],"class_list":{"0":"post-3494","1":"product","2":"type-product","3":"status-publish","4":"has-post-thumbnail","6":"product_cat-food-additives","7":"product_cat-sweetener","9":"first","10":"instock","11":"shipping-taxable","12":"product-type-simple"},"acf":[],"_links":{"self":[{"href":"https:\/\/wpachem.com\/tr\/wp-json\/wp\/v2\/product\/3494","targetHints":{"allow":["GET"]}}],"collection":[{"href":"https:\/\/wpachem.com\/tr\/wp-json\/wp\/v2\/product"}],"about":[{"href":"https:\/\/wpachem.com\/tr\/wp-json\/wp\/v2\/types\/product"}],"version-history":[{"count":0,"href":"https:\/\/wpachem.com\/tr\/wp-json\/wp\/v2\/product\/3494\/revisions"}],"wp:featuredmedia":[{"embeddable":true,"href":"https:\/\/wpachem.com\/tr\/wp-json\/wp\/v2\/media\/2134"}],"wp:attachment":[{"href":"https:\/\/wpachem.com\/tr\/wp-json\/wp\/v2\/media?parent=3494"}],"wp:term":[{"taxonomy":"product_brand","embeddable":true,"href":"https:\/\/wpachem.com\/tr\/wp-json\/wp\/v2\/product_brand?post=3494"},{"taxonomy":"product_cat","embeddable":true,"href":"https:\/\/wpachem.com\/tr\/wp-json\/wp\/v2\/product_cat?post=3494"},{"taxonomy":"product_tag","embeddable":true,"href":"https:\/\/wpachem.com\/tr\/wp-json\/wp\/v2\/product_tag?post=3494"}],"curies":[{"name":"wp","href":"https:\/\/api.w.org\/{rel}","templated":true}]}}