{"id":3497,"date":"2023-03-21T07:33:17","date_gmt":"2023-03-21T07:33:17","guid":{"rendered":"http:\/\/site2.easyceotech.com\/?post_type=product&#038;p=3497"},"modified":"2024-03-12T07:48:37","modified_gmt":"2024-03-12T07:48:37","slug":"neotame","status":"publish","type":"product","link":"https:\/\/wpachem.com\/tr\/urun\/neotame\/","title":{"rendered":"Neotam"},"content":{"rendered":"<p><span data-spm-anchor-id=\"a2700.details.0.i37.f6e47f3cRVLiTi\">Neotam, amino asitler, aspartik asit ve fenilalanin&#039;den olu\u015fan dipeptitin bir t\u00fcrevi olan kalorisiz bir tatland\u0131r\u0131c\u0131d\u0131r. Neotam\u0131n bile\u015fenleri, benzersiz bir tatl\u0131 bile\u015fen olu\u015fturmak i\u00e7in bir araya getirilir.<\/span><br \/>\nNeotam piyasadaki di\u011fer kalorisiz tatland\u0131r\u0131c\u0131lardan daha tatl\u0131d\u0131r ve aspartamdan yakla\u015f\u0131k 30-40 kat, \u015fekerden ise 8.000-12.000 kat daha tatl\u0131d\u0131r.<\/p>\n<p>&nbsp;<\/p>\n<p><strong>Uygulamas\u0131\u00a0<\/strong><strong>neotam\u00a0<\/strong><\/p>\n<p data-spm-anchor-id=\"a2700.details.0.i39.f6e47f3cRVLiTi\">1. Gazl\u0131 ve gazs\u0131z i\u00e7ecekler;<br \/>\n2. Re\u00e7eller, j\u00f6leler, s\u00fct \u00fcr\u00fcnleri, \u015furuplar, \u015fekerlemeler<br \/>\n3. F\u0131r\u0131n \u00fcr\u00fcnleri, tatl\u0131lar<br \/>\n4. Dondurma, kek, meyve suyu, \u015farap, meyve konservesi vb.<\/p>\n<p>&nbsp;<\/p>","protected":false},"excerpt":{"rendered":"<p>\u00dcr\u00fcn Ad\u0131:Neotame<br \/>\nCAS Numaras\u0131:165450-17-9<br \/>\nMF:C20H30N2O5<br \/>\nG\u00f6r\u00fcn\u00fcm: beyaz g\u00fc\u00e7<\/p>","protected":false},"featured_media":2180,"template":"","meta":{"_acf_changed":false,"_gspb_post_css":""},"product_brand":[],"product_cat":[55,56],"product_tag":[],"class_list":{"0":"post-3497","1":"product","2":"type-product","3":"status-publish","4":"has-post-thumbnail","6":"product_cat-food-additives","7":"product_cat-sweetener","9":"first","10":"instock","11":"shipping-taxable","12":"product-type-simple"},"acf":[],"_links":{"self":[{"href":"https:\/\/wpachem.com\/tr\/wp-json\/wp\/v2\/product\/3497","targetHints":{"allow":["GET"]}}],"collection":[{"href":"https:\/\/wpachem.com\/tr\/wp-json\/wp\/v2\/product"}],"about":[{"href":"https:\/\/wpachem.com\/tr\/wp-json\/wp\/v2\/types\/product"}],"version-history":[{"count":0,"href":"https:\/\/wpachem.com\/tr\/wp-json\/wp\/v2\/product\/3497\/revisions"}],"wp:featuredmedia":[{"embeddable":true,"href":"https:\/\/wpachem.com\/tr\/wp-json\/wp\/v2\/media\/2180"}],"wp:attachment":[{"href":"https:\/\/wpachem.com\/tr\/wp-json\/wp\/v2\/media?parent=3497"}],"wp:term":[{"taxonomy":"product_brand","embeddable":true,"href":"https:\/\/wpachem.com\/tr\/wp-json\/wp\/v2\/product_brand?post=3497"},{"taxonomy":"product_cat","embeddable":true,"href":"https:\/\/wpachem.com\/tr\/wp-json\/wp\/v2\/product_cat?post=3497"},{"taxonomy":"product_tag","embeddable":true,"href":"https:\/\/wpachem.com\/tr\/wp-json\/wp\/v2\/product_tag?post=3497"}],"curies":[{"name":"wp","href":"https:\/\/api.w.org\/{rel}","templated":true}]}}