{"id":3500,"date":"2023-03-21T07:35:26","date_gmt":"2023-03-21T07:35:26","guid":{"rendered":"http:\/\/site2.easyceotech.com\/?post_type=product&#038;p=3500"},"modified":"2024-03-12T07:48:35","modified_gmt":"2024-03-12T07:48:35","slug":"stevia","status":"publish","type":"product","link":"https:\/\/wpachem.com\/tr\/urun\/stevia\/","title":{"rendered":"Stevia"},"content":{"rendered":"<p>\u015eekeri ve kalorisi yoktur, tad\u0131 g\u00fczeldir ve kendine has bir kokusu yoktur. Geni\u015f geli\u015fme potansiyeli olan yeni bir \u015feker kayna\u011f\u0131d\u0131r. Do\u011fal d\u00fc\u015f\u00fck kalorifik de\u011feri vard\u0131r ve sakaroza \u00e7ok yak\u0131nd\u0131r. \u015eeker kam\u0131\u015f\u0131 ve pancar \u015fekerinin yan\u0131 s\u0131ra, geli\u015fme de\u011feri ve sa\u011fl\u0131k te\u015fviki olan \u00fc\u00e7\u00fcnc\u00fc t\u00fcr do\u011fal tatland\u0131r\u0131c\u0131d\u0131r ve d\u00fcnyada \u201cd\u00fcnyan\u0131n \u00fc\u00e7\u00fcnc\u00fc \u015feker kayna\u011f\u0131\u201d olarak bilinir.<\/p>\n<p>&nbsp;<\/p>\n<p>Ba\u015fvuru<\/p>\n<div class=\"magic-6\">Stevioside g\u0131da end\u00fcstrisinde g\u0131da tatland\u0131r\u0131c\u0131 ve koruyucu olarak yayg\u0131n olarak kullan\u0131l\u0131r. Y\u00fcksek tatl\u0131l\u0131k, d\u00fc\u015f\u00fck kalorili, d\u00fc\u015f\u00fck tuzlu ve \u00e7\u00fcr\u00fck \u00f6nleyici g\u0131da \u00fcretmek i\u00e7in kullan\u0131l\u0131r.<\/div>\n<div class=\"magic-6\"><\/div>\n<div class=\"magic-6\">GB2760-1996&#039;ya g\u00f6re steviosid \u015fekerlemelerde, keklerde, i\u00e7eceklerde, kat\u0131 i\u00e7eceklerde, k\u0131zarm\u0131\u015f at\u0131\u015ft\u0131rmal\u0131klarda, \u015fekerlenmi\u015f meyvelerde kullan\u0131labilir.<\/div>\n<div class=\"magic-6\">korunan meyveler, \u00e7e\u015fniler, yumu\u015fak dondurma ve t\u0131bbi aksesuarlar. Kullan\u0131lan steviosid miktar\u0131 \u00fcretim ihtiya\u00e7lar\u0131na g\u00f6re uygun olmal\u0131d\u0131r.<\/div>\n<div class=\"magic-6\"><\/div>\n<div class=\"magic-6\">G\u0131da tatland\u0131r\u0131c\u0131 olarak kullan\u0131l\u0131r, \u00f6zellikle hipertansiyon, diyabet, obezite, kalp hastal\u0131\u011f\u0131, di\u015f \u00e7\u00fcr\u00fc\u011f\u00fc vb. i\u00e7in uygundur<\/div>\n<p>&nbsp;<\/p>","protected":false},"excerpt":{"rendered":"<p>\u00dcr\u00fcn Ad\u0131:Stevia<br \/>\nCAS Numaras\u0131:<br \/>\nMF:C38H60O18<br \/>\nG\u00f6r\u00fcn\u00fcm: beyaz g\u00fc\u00e7<\/p>","protected":false},"featured_media":2161,"template":"","meta":{"_acf_changed":false,"_gspb_post_css":""},"product_brand":[],"product_cat":[24],"product_tag":[],"class_list":{"0":"post-3500","1":"product","2":"type-product","3":"status-publish","4":"has-post-thumbnail","6":"product_cat-uncategorized","8":"first","9":"instock","10":"shipping-taxable","11":"product-type-simple"},"acf":[],"_links":{"self":[{"href":"https:\/\/wpachem.com\/tr\/wp-json\/wp\/v2\/product\/3500","targetHints":{"allow":["GET"]}}],"collection":[{"href":"https:\/\/wpachem.com\/tr\/wp-json\/wp\/v2\/product"}],"about":[{"href":"https:\/\/wpachem.com\/tr\/wp-json\/wp\/v2\/types\/product"}],"version-history":[{"count":0,"href":"https:\/\/wpachem.com\/tr\/wp-json\/wp\/v2\/product\/3500\/revisions"}],"wp:featuredmedia":[{"embeddable":true,"href":"https:\/\/wpachem.com\/tr\/wp-json\/wp\/v2\/media\/2161"}],"wp:attachment":[{"href":"https:\/\/wpachem.com\/tr\/wp-json\/wp\/v2\/media?parent=3500"}],"wp:term":[{"taxonomy":"product_brand","embeddable":true,"href":"https:\/\/wpachem.com\/tr\/wp-json\/wp\/v2\/product_brand?post=3500"},{"taxonomy":"product_cat","embeddable":true,"href":"https:\/\/wpachem.com\/tr\/wp-json\/wp\/v2\/product_cat?post=3500"},{"taxonomy":"product_tag","embeddable":true,"href":"https:\/\/wpachem.com\/tr\/wp-json\/wp\/v2\/product_tag?post=3500"}],"curies":[{"name":"wp","href":"https:\/\/api.w.org\/{rel}","templated":true}]}}