{"id":3503,"date":"2023-03-21T07:48:22","date_gmt":"2023-03-21T07:48:22","guid":{"rendered":"http:\/\/site2.easyceotech.com\/?post_type=product&#038;p=3503"},"modified":"2024-03-12T07:48:29","modified_gmt":"2024-03-12T07:48:29","slug":"ascorbic-acid-vitamin-c","status":"publish","type":"product","link":"https:\/\/wpachem.com\/tr\/urun\/ascorbic-acid-vitamin-c\/","title":{"rendered":"Askorbik Asit\/C Vitamini"},"content":{"rendered":"<p><strong><span data-spm-anchor-id=\"a2700.details.0.i23.4db3381coUncIN\">C Vitamini Tozu Nedir?<\/span><\/strong><\/p>\n<p>C vitamini, turun\u00e7gillerde ve di\u011fer meyve ve sebzelerde bulunan suda \u00e7\u00f6z\u00fcnen bir vitamindir ve ayn\u0131 zamanda bir besin takviyesi olarak da sat\u0131l\u0131r. C vitamini, doku onar\u0131m\u0131nda, kolajen olu\u015fumunda ve belirli n\u00f6rotransmitterlerin enzimatik \u00fcretiminde rol oynayan temel bir besindir. Birka\u00e7 enzimin \u00e7al\u0131\u015fmas\u0131 i\u00e7in gereklidir ve ba\u011f\u0131\u015f\u0131kl\u0131k sistemi i\u015flevi i\u00e7in \u00f6nemlidir. Ayr\u0131ca bir antioksidan g\u00f6revi g\u00f6r\u00fcr.<\/p>\n<p>&nbsp;<\/p>\n<p>Anahtar kelimeler:C Vitamini Tozu,C Vitamini Askorbik Asit,G\u0131da S\u0131n\u0131f\u0131 C Vitamini Askorbik Asit Tozu<\/p>\n<p><strong>C Vitamini Tozu Nerelerde Kullan\u0131l\u0131r?<\/strong><br \/>\n1, G\u0131da, meyve, i\u00e7ecek muhafazas\u0131, \u00f6zellikle k\u00f6t\u00fc kokunun gecikmesini sa\u011flayabilir.<br \/>\n2. Nitrit ile et \u00fcr\u00fcnlerinde amonyum nitrit olu\u015fumunu engeller.<br \/>\n3. Hamur kalitesini art\u0131rarak f\u0131r\u0131nlanm\u0131\u015f \u00fcr\u00fcnlerin geni\u015flemesini en \u00fcst d\u00fczeye \u00e7\u0131kar\u0131n.<br \/>\n4. \u0130\u00e7eceklerin, meyve ve sebzelerin i\u015flenmesi s\u0131ras\u0131nda kaybolan C vitaminini geri kazan\u0131n.<br \/>\n5, Besin katk\u0131 maddesi olarak.<br \/>\n6. Yem katk\u0131 maddeleri.<\/p>","protected":false},"excerpt":{"rendered":"<p>\u00dcr\u00fcn Ad\u0131:<a class=\"blue\"><span style=\"color: #ff0000;\">Askorbik asit<\/span><\/a><br \/>\nCAS Numaras\u0131:50-81-7<br \/>\nMF:C6H8O6<br \/>\nG\u00f6r\u00fcn\u00fcm: beyaz g\u00fc\u00e7<\/p>","protected":false},"featured_media":2181,"template":"","meta":{"_acf_changed":false,"_gspb_post_css":""},"product_brand":[],"product_cat":[55],"product_tag":[],"class_list":{"0":"post-3503","1":"product","2":"type-product","3":"status-publish","4":"has-post-thumbnail","6":"product_cat-food-additives","8":"first","9":"instock","10":"shipping-taxable","11":"product-type-simple"},"acf":[],"_links":{"self":[{"href":"https:\/\/wpachem.com\/tr\/wp-json\/wp\/v2\/product\/3503","targetHints":{"allow":["GET"]}}],"collection":[{"href":"https:\/\/wpachem.com\/tr\/wp-json\/wp\/v2\/product"}],"about":[{"href":"https:\/\/wpachem.com\/tr\/wp-json\/wp\/v2\/types\/product"}],"version-history":[{"count":0,"href":"https:\/\/wpachem.com\/tr\/wp-json\/wp\/v2\/product\/3503\/revisions"}],"wp:featuredmedia":[{"embeddable":true,"href":"https:\/\/wpachem.com\/tr\/wp-json\/wp\/v2\/media\/2181"}],"wp:attachment":[{"href":"https:\/\/wpachem.com\/tr\/wp-json\/wp\/v2\/media?parent=3503"}],"wp:term":[{"taxonomy":"product_brand","embeddable":true,"href":"https:\/\/wpachem.com\/tr\/wp-json\/wp\/v2\/product_brand?post=3503"},{"taxonomy":"product_cat","embeddable":true,"href":"https:\/\/wpachem.com\/tr\/wp-json\/wp\/v2\/product_cat?post=3503"},{"taxonomy":"product_tag","embeddable":true,"href":"https:\/\/wpachem.com\/tr\/wp-json\/wp\/v2\/product_tag?post=3503"}],"curies":[{"name":"wp","href":"https:\/\/api.w.org\/{rel}","templated":true}]}}