{"id":3506,"date":"2023-03-21T07:52:49","date_gmt":"2023-03-21T07:52:49","guid":{"rendered":"http:\/\/site2.easyceotech.com\/?post_type=product&#038;p=3506"},"modified":"2024-03-12T07:48:25","modified_gmt":"2024-03-12T07:48:25","slug":"calcium-ascorbate","status":"publish","type":"product","link":"https:\/\/wpachem.com\/tr\/urun\/calcium-ascorbate\/","title":{"rendered":"Kalsiyum Askorbat"},"content":{"rendered":"<p><strong><span data-spm-anchor-id=\"a2700.details.0.i23.2d1a4d48kpugMw\">Kalsiyum Askorbat\u0131n Tan\u0131m\u0131:<\/span><\/strong><\/p>\n<p>Kalsiyum askorbat kokusuz beyaz ila soluk sar\u0131 kristal tozdur. Uzun s\u00fcreli saklamada rengi soluk sar\u0131ya d\u00f6nebilir. Kalsiyum askorbat suda kolayca \u00e7\u00f6z\u00fcn\u00fcr, etanolde zor \u00e7\u00f6z\u00fcn\u00fcr ve kloroform ve etoksi etan i\u00e7inde \u00e7\u00f6z\u00fcnmez.<\/p>\n<div>\n<div>\n<div>\n<div>\n<div>\n<div><strong>Kalsiyum Askorbat\u0131n Fonksiyonu:<\/strong><\/div>\n<div>1.Yiyecek, meyve ve i\u00e7ecekleri taze tutun ve k\u00f6t\u00fc koku olu\u015fmas\u0131n\u0131 \u00f6nleyin.<br \/>\n2.Et \u00fcr\u00fcnlerinde nitr\u00f6z asitten nitr\u00f6z amin olu\u015fumunu \u00f6nleyin.<br \/>\n3.Hamur kalitesini art\u0131r\u0131r ve pi\u015firilen g\u0131dan\u0131n maksimum oranda geni\u015flemesini sa\u011flar.<br \/>\n4.\u0130\u00e7ecek, meyve ve sebzelerin i\u015fleme s\u00fcre\u00e7leri s\u0131ras\u0131nda olu\u015fan C vitamini kay\u0131plar\u0131n\u0131 telafi eder.<br \/>\n5.Katk\u0131 maddelerinde besin elementi olarak kullan\u0131l\u0131r,Yem katk\u0131 maddeleri.<\/div>\n<\/div>\n<\/div>\n<\/div>\n<\/div>\n<\/div>\n<div>\n<div>\n<div>\n<div>\n<div>\n<div><strong>Kalsiyum Askorbat\u0131n Uygulamas\u0131:<\/strong><\/div>\n<div>\n<div>Askorbat kalsiyum, diyetlerinden yeterli miktarda C vitamini alamayan ki\u015filerde d\u00fc\u015f\u00fck C vitamini seviyelerini \u00f6nlemek veya tedavi etmek i\u00e7in kullan\u0131lan bir C vitamini t\u00fcr\u00fcd\u00fcr. Bu \u00fcr\u00fcn ayr\u0131ca kalsiyum i\u00e7erir. Normal beslenen \u00e7o\u011fu ki\u015finin ekstra C vitaminine ihtiyac\u0131 yoktur. D\u00fc\u015f\u00fck C vitamini seviyeleri iskorb\u00fct ad\u0131 verilen bir rahats\u0131zl\u0131\u011fa neden olabilir. \u0130skorb\u00fct, d\u00f6k\u00fcnt\u00fc, kas g\u00fc\u00e7s\u00fczl\u00fc\u011f\u00fc, eklem a\u011fr\u0131s\u0131, yorgunluk veya di\u015f kayb\u0131 gibi semptomlara neden olabilir.<br \/>\nC vitamini v\u00fccutta \u00f6nemli bir rol oynar. Cilt, k\u0131k\u0131rdak, di\u015f, kemik ve kan damarlar\u0131n\u0131n sa\u011fl\u0131\u011f\u0131n\u0131 korumak i\u00e7in gereklidir. Ayr\u0131ca v\u00fccudunuzun h\u00fccrelerini hasardan korumak i\u00e7in kullan\u0131l\u0131r. Bir antioksidan olarak bilinir.<br \/>\nBal\u0131k ve et gibi taze g\u0131dalarda protein bozulmas\u0131 g\u0131dan\u0131n tazeli\u011fini ve lezzetini etkileyece\u011finden, ta\u015f\u0131ma ve depolama s\u0131ras\u0131nda protein bozulmas\u0131n\u0131 \u00f6nlemek gerekir.<br \/>\n<span data-spm-anchor-id=\"a2700.details.0.i24.2d1a4d48kpugMw\">Vc-Ca i\u00e7eren koruyucu, bal\u0131k ve et gibi taze g\u0131dalarda bulunan proteinlerin bozulmas\u0131n\u0131 \u00f6nleyebilir ve bozulma \u00f6nleyici ve tazeli\u011fi \u00f6nleyici etkileri, g\u0131daya yayma veya p\u00fcsk\u00fcrtme gibi temas y\u00f6ntemleriyle k\u0131s\u0131tlanmaz. Veya g\u0131day\u0131 kimyasal sol\u00fcsyona dald\u0131r\u0131n veya ayn\u0131 anda buz gibi so\u011futucuyu sol\u00fcsyona koyun, bu kullan\u0131m\u0131 \u00e7ok kolayd\u0131r.<\/span><\/div>\n<div>Anahtar kelimeler:G\u0131da Kalsiyum Askorbat;Kalsiyum Askorbat tozu;Kalsiyum Askorbat;CAS 5743-27-1;<\/div>\n<\/div>\n<\/div>\n<\/div>\n<\/div>\n<\/div>\n<\/div>\n<p>&nbsp;<\/p>","protected":false},"excerpt":{"rendered":"<p>\u00dcr\u00fcn Ad\u0131:Kalsiyum diakorbat<br \/>\nCAS Numaras\u0131:5743-27-1<br \/>\nMF:C12H14CaO12<br \/>\nG\u00f6r\u00fcn\u00fcm: beyaz g\u00fc\u00e7<\/p>","protected":false},"featured_media":2160,"template":"","meta":{"_acf_changed":false,"_gspb_post_css":""},"product_brand":[],"product_cat":[55,56],"product_tag":[],"class_list":{"0":"post-3506","1":"product","2":"type-product","3":"status-publish","4":"has-post-thumbnail","6":"product_cat-food-additives","7":"product_cat-sweetener","9":"first","10":"instock","11":"shipping-taxable","12":"product-type-simple"},"acf":[],"_links":{"self":[{"href":"https:\/\/wpachem.com\/tr\/wp-json\/wp\/v2\/product\/3506","targetHints":{"allow":["GET"]}}],"collection":[{"href":"https:\/\/wpachem.com\/tr\/wp-json\/wp\/v2\/product"}],"about":[{"href":"https:\/\/wpachem.com\/tr\/wp-json\/wp\/v2\/types\/product"}],"version-history":[{"count":0,"href":"https:\/\/wpachem.com\/tr\/wp-json\/wp\/v2\/product\/3506\/revisions"}],"wp:featuredmedia":[{"embeddable":true,"href":"https:\/\/wpachem.com\/tr\/wp-json\/wp\/v2\/media\/2160"}],"wp:attachment":[{"href":"https:\/\/wpachem.com\/tr\/wp-json\/wp\/v2\/media?parent=3506"}],"wp:term":[{"taxonomy":"product_brand","embeddable":true,"href":"https:\/\/wpachem.com\/tr\/wp-json\/wp\/v2\/product_brand?post=3506"},{"taxonomy":"product_cat","embeddable":true,"href":"https:\/\/wpachem.com\/tr\/wp-json\/wp\/v2\/product_cat?post=3506"},{"taxonomy":"product_tag","embeddable":true,"href":"https:\/\/wpachem.com\/tr\/wp-json\/wp\/v2\/product_tag?post=3506"}],"curies":[{"name":"wp","href":"https:\/\/api.w.org\/{rel}","templated":true}]}}