{"id":3509,"date":"2023-03-21T07:55:20","date_gmt":"2023-03-21T07:55:20","guid":{"rendered":"http:\/\/site2.easyceotech.com\/?post_type=product&#038;p=3509"},"modified":"2024-03-12T07:48:21","modified_gmt":"2024-03-12T07:48:21","slug":"sodium-ascorbate","status":"publish","type":"product","link":"https:\/\/wpachem.com\/tr\/urun\/sodium-ascorbate\/","title":{"rendered":"Sodyum Askorbat"},"content":{"rendered":"<p><strong><span data-spm-anchor-id=\"a2700.details.0.i24.65865dbbSV7DvS\">Sodyum Askorbat\u0131n Tan\u0131m\u0131:<\/span><\/strong><\/p>\n<p>Sodyum askorbat, beyaz ila hafif sar\u0131 kristal kat\u0131d\u0131r, kokusuz ve hafif tuzludur. Bu \u00fcr\u00fcn\u00fcn 1 g&#039;\u0131 2 mL suda \u00e7\u00f6z\u00fclebilir. Ayr\u0131\u015fma s\u0131cakl\u0131\u011f\u0131 218\u2103&#039;dir. Kuru halde nispeten kararl\u0131d\u0131r. I\u015f\u0131\u011fa maruz kald\u0131\u011f\u0131nda rengi koyula\u015f\u0131r. Nem emiliminden sonra, yava\u015f\u00e7a oksitlenir ve sulu \u00e7\u00f6zeltide ayr\u0131\u015f\u0131r. Suda askorbik asitten (62 g\/100 mL) daha fazla \u00e7\u00f6z\u00fcn\u00fcr ve 10% sulu \u00e7\u00f6zeltisinin pH&#039;\u0131 yakla\u015f\u0131k 7,5&#039;tir. Vitamin g\u00fc\u00e7lendiriciler, antioksidanlar kullan\u0131n.<\/p>\n<div>\n<div>\n<div>\n<div>\n<div>\n<div><strong>Sodyum Askorbat\u0131n Uygulamas\u0131:<\/strong><br \/>\nSodyum askorbat g\u0131da, i\u00e7ecek, su \u00fcr\u00fcnleri yeti\u015ftiricili\u011fi ve yem katk\u0131 maddeleri gibi \u00e7e\u015fitli alanlarda yayg\u0131n olarak kullan\u0131lmaktad\u0131r.<\/p>\n<div>Anahtar kelimeler: L-Askorbik Asit Sodyum Tuzu VC Sodyum C Vitamini Sodyum Askorbat Tozu CAS 134-03-2<\/div>\n<\/div>\n<\/div>\n<\/div>\n<\/div>\n<\/div>\n<\/div>\n<p>&nbsp;<\/p>","protected":false},"excerpt":{"rendered":"<p>\u00dcr\u00fcn Ad\u0131:Sodyum Askorbat<br \/>\nCAS Numaras\u0131: 134-03-2<br \/>\nMF:C6H7NaO6<br \/>\nG\u00f6r\u00fcn\u00fcm: beyaz g\u00fc\u00e7<\/p>","protected":false},"featured_media":2172,"template":"","meta":{"_acf_changed":false,"_gspb_post_css":""},"product_brand":[],"product_cat":[55],"product_tag":[],"class_list":{"0":"post-3509","1":"product","2":"type-product","3":"status-publish","4":"has-post-thumbnail","6":"product_cat-food-additives","8":"first","9":"instock","10":"shipping-taxable","11":"product-type-simple"},"acf":[],"_links":{"self":[{"href":"https:\/\/wpachem.com\/tr\/wp-json\/wp\/v2\/product\/3509","targetHints":{"allow":["GET"]}}],"collection":[{"href":"https:\/\/wpachem.com\/tr\/wp-json\/wp\/v2\/product"}],"about":[{"href":"https:\/\/wpachem.com\/tr\/wp-json\/wp\/v2\/types\/product"}],"version-history":[{"count":0,"href":"https:\/\/wpachem.com\/tr\/wp-json\/wp\/v2\/product\/3509\/revisions"}],"wp:featuredmedia":[{"embeddable":true,"href":"https:\/\/wpachem.com\/tr\/wp-json\/wp\/v2\/media\/2172"}],"wp:attachment":[{"href":"https:\/\/wpachem.com\/tr\/wp-json\/wp\/v2\/media?parent=3509"}],"wp:term":[{"taxonomy":"product_brand","embeddable":true,"href":"https:\/\/wpachem.com\/tr\/wp-json\/wp\/v2\/product_brand?post=3509"},{"taxonomy":"product_cat","embeddable":true,"href":"https:\/\/wpachem.com\/tr\/wp-json\/wp\/v2\/product_cat?post=3509"},{"taxonomy":"product_tag","embeddable":true,"href":"https:\/\/wpachem.com\/tr\/wp-json\/wp\/v2\/product_tag?post=3509"}],"curies":[{"name":"wp","href":"https:\/\/api.w.org\/{rel}","templated":true}]}}