{"id":3512,"date":"2023-03-21T07:57:25","date_gmt":"2023-03-21T07:57:25","guid":{"rendered":"http:\/\/site2.easyceotech.com\/?post_type=product&#038;p=3512"},"modified":"2024-03-12T07:48:18","modified_gmt":"2024-03-12T07:48:18","slug":"erythorbic-acid","status":"publish","type":"product","link":"https:\/\/wpachem.com\/tr\/urun\/erythorbic-acid\/","title":{"rendered":"Eritorbik asit"},"content":{"rendered":"<p><span data-spm-anchor-id=\"a2700.details.0.i19.1e735334Lwef7Q\">Antioksidan olarak kullan\u0131lan Eritorbik Asit<\/span>. Eritorbik, oksijenin g\u0131da \u00fczerindeki etkilerini engelleyerek koruyucu g\u00f6revi g\u00f6ren ve sa\u011fl\u0131\u011fa faydal\u0131 olabilen g\u0131da bile\u015fenleri ve g\u0131da katk\u0131 maddeleridir. Sadece orijinal g\u0131da rengini ve do\u011fal lezzetini korumakla kalmaz, ayn\u0131 zamanda herhangi bir yan etki olmaks\u0131z\u0131n g\u0131dan\u0131n raf \u00f6mr\u00fcn\u00fc de art\u0131r\u0131r.<\/p>\n<p>Kullan\u0131m:<br \/>\nEritorbik Asit, g\u0131da end\u00fcstrisinde \u00f6nemli bir antioksidand\u0131r. G\u0131dalar\u0131n rengini ve do\u011fal lezzetini koruyabilir ve uzun s\u00fcre dayanabilir.<br \/>\nherhangi bir toksisite veya yan etki olmadan depolanmas\u0131. Et i\u015fleme, meyve, sebze, konserve re\u00e7el vb. alanlarda kullan\u0131labilir.<br \/>\nAyr\u0131ca bira, \u00fcz\u00fcm \u015faraplar\u0131, me\u015frubat, meyve \u00e7ay\u0131, meyve suyu vb. i\u00e7eceklerde de kullan\u0131l\u0131r.<\/p>\n<p>Ba\u015fvuru:<br \/>\nEritorbik Asit antioksidan olarak kullan\u0131labilir. Antioksidanlar, g\u0131da bile\u015fenleri ve g\u0131da katk\u0131 maddeleridir ve koruyucu olarak etki ederler.<br \/>\noksijenin etkilerini engelleyerek sa\u011fl\u0131\u011fa faydal\u0131d\u0131r. G\u0131da end\u00fcstrisinde \u00f6nemli bir antioksidan olan Eritorbik Asit, sadece orijinal g\u0131da rengini ve do\u011fal lezzetini korumakla kalmaz, ayn\u0131 zamanda herhangi bir yan etki olmaks\u0131z\u0131n g\u0131dan\u0131n raf \u00f6mr\u00fcn\u00fc de uzat\u0131r.<\/p>","protected":false},"excerpt":{"rendered":"<p>\u00dcr\u00fcn Ad\u0131:Eritorbik Asit<br \/>\nCAS Numaras\u0131:89-65-6<br \/>\nMF:C6H8O6<br \/>\nG\u00f6r\u00fcn\u00fcm: beyaz g\u00fc\u00e7<\/p>","protected":false},"featured_media":2182,"template":"","meta":{"_acf_changed":false,"_gspb_post_css":""},"product_brand":[],"product_cat":[55],"product_tag":[],"class_list":{"0":"post-3512","1":"product","2":"type-product","3":"status-publish","4":"has-post-thumbnail","6":"product_cat-food-additives","8":"first","9":"instock","10":"shipping-taxable","11":"product-type-simple"},"acf":[],"_links":{"self":[{"href":"https:\/\/wpachem.com\/tr\/wp-json\/wp\/v2\/product\/3512","targetHints":{"allow":["GET"]}}],"collection":[{"href":"https:\/\/wpachem.com\/tr\/wp-json\/wp\/v2\/product"}],"about":[{"href":"https:\/\/wpachem.com\/tr\/wp-json\/wp\/v2\/types\/product"}],"version-history":[{"count":0,"href":"https:\/\/wpachem.com\/tr\/wp-json\/wp\/v2\/product\/3512\/revisions"}],"wp:featuredmedia":[{"embeddable":true,"href":"https:\/\/wpachem.com\/tr\/wp-json\/wp\/v2\/media\/2182"}],"wp:attachment":[{"href":"https:\/\/wpachem.com\/tr\/wp-json\/wp\/v2\/media?parent=3512"}],"wp:term":[{"taxonomy":"product_brand","embeddable":true,"href":"https:\/\/wpachem.com\/tr\/wp-json\/wp\/v2\/product_brand?post=3512"},{"taxonomy":"product_cat","embeddable":true,"href":"https:\/\/wpachem.com\/tr\/wp-json\/wp\/v2\/product_cat?post=3512"},{"taxonomy":"product_tag","embeddable":true,"href":"https:\/\/wpachem.com\/tr\/wp-json\/wp\/v2\/product_tag?post=3512"}],"curies":[{"name":"wp","href":"https:\/\/api.w.org\/{rel}","templated":true}]}}