{"id":3515,"date":"2023-03-21T07:59:45","date_gmt":"2023-03-21T07:59:45","guid":{"rendered":"http:\/\/site2.easyceotech.com\/?post_type=product&#038;p=3515"},"modified":"2024-03-12T07:45:39","modified_gmt":"2024-03-12T07:45:39","slug":"sodium-erythorbate","status":"publish","type":"product","link":"https:\/\/wpachem.com\/tr\/urun\/sodium-erythorbate\/","title":{"rendered":"Sodyum Eritorbat"},"content":{"rendered":"<p><strong data-spm-anchor-id=\"a2700.details.0.i18.4e7268143HJ21S\">Tan\u0131m:<\/strong>\u00a0Sodyum eritorbat beyaz veya sar\u0131 beyaz kristal toz veya gran\u00fcld\u00fcr, kokusuzdur, az tuzu vard\u0131r, erime noktas\u0131 200&#039;\u00fcn \u00fczerindedir, havaya kuru maruz kald\u0131\u011f\u0131nda olduk\u00e7a kararl\u0131d\u0131r, ancak su \u00e7\u00f6zeltisinde, hava, metal, \u0131s\u0131 ve \u0131\u015f\u0131k oldu\u011funda oksidasyon meydana gelir. Suda kolayca \u00e7\u00f6z\u00fcn\u00fcr; normal s\u0131cakl\u0131kta 16g\/100ml, etanolde zor \u00e7\u00f6z\u00fcn\u00fcr, 2% su \u00e7\u00f6zeltisinin PH de\u011feri 5,5-8,0&#039;d\u0131r.<\/p>\n<p>G\u0131da katk\u0131 maddeleri i\u00e7in GB8273-87, FCC spesifikasyonlar\u0131na uygundur<\/p>\n<p>&nbsp;<\/p>\n<p><strong data-spm-anchor-id=\"a2700.details.0.i19.4e7268143HJ21S\">Kullan\u0131mlar<\/strong>: Sodyum Eritorbat esas olarak g\u0131da end\u00fcstrisinde kullan\u0131l\u0131r, antioksidan, koruyucu ve renklendirici madde olarak kullan\u0131l\u0131r, et yemi, bal\u0131k yemi, bira, meyve suyu, \u015furup kristali, meyve ve sebze kutusu, kek, s\u00fct \u00fcr\u00fcnleri, \u015fekerleme, \u015feri, tur\u015fu ve ya\u011f vb.&#039;de yayg\u0131n olarak kullan\u0131l\u0131r. Et g\u0131dalar\u0131na dozaj 0,5~1,0g\/kg&#039;d\u0131r. Dondurulmu\u015f bal\u0131\u011fa, dondurmadan \u00f6nce bal\u0131k 0,1%-0,8% su sol\u00fcsyonunda inf\u00fcze edilmelidir. \u015eurup gibi i\u00e7eceklerdeki dozaj 0.01%~0.03%&#039;dir, elma ve be\u015famel konservesi: 0.15g\/kg (tek ba\u015f\u0131na veya VC ile birlikte dozaj), \u00f6\u011fle yeme\u011fi eti, pi\u015fmi\u015f et tozu, pi\u015fmi\u015f \u00f6n bacak domuz eti, pi\u015fmi\u015f jambon, dozaj 0.5g\/kg&#039;d\u0131r (tek ba\u015f\u0131na veya VC ile birlikte dozaj ve di\u011fer sodyum tuzu, VC olarak say\u0131l\u0131r), \u015feftali, elma re\u00e7eli i\u00e7in: 2g\/kg, meyve konservesi i\u00e7in 0.75-1.5g\/l, do\u011fal \u015furup i\u00e7in 0.08-0.11g\/l, bira i\u00e7in 0.03g\/l&#039;dir (FAO\/WHO(1977).<\/p>","protected":false},"excerpt":{"rendered":"<p>\u00dcr\u00fcn Ad\u0131:Sodyum Eritorbat<br \/>\nCAS Numaras\u0131: 6381-77-7<br \/>\nMF:C6H9NaO6<br \/>\nG\u00f6r\u00fcn\u00fcm: beyaz g\u00fc\u00e7<\/p>","protected":false},"featured_media":2153,"template":"","meta":{"_acf_changed":false,"_gspb_post_css":""},"product_brand":[],"product_cat":[55],"product_tag":[],"class_list":{"0":"post-3515","1":"product","2":"type-product","3":"status-publish","4":"has-post-thumbnail","6":"product_cat-food-additives","8":"first","9":"instock","10":"shipping-taxable","11":"product-type-simple"},"acf":[],"_links":{"self":[{"href":"https:\/\/wpachem.com\/tr\/wp-json\/wp\/v2\/product\/3515","targetHints":{"allow":["GET"]}}],"collection":[{"href":"https:\/\/wpachem.com\/tr\/wp-json\/wp\/v2\/product"}],"about":[{"href":"https:\/\/wpachem.com\/tr\/wp-json\/wp\/v2\/types\/product"}],"version-history":[{"count":0,"href":"https:\/\/wpachem.com\/tr\/wp-json\/wp\/v2\/product\/3515\/revisions"}],"wp:featuredmedia":[{"embeddable":true,"href":"https:\/\/wpachem.com\/tr\/wp-json\/wp\/v2\/media\/2153"}],"wp:attachment":[{"href":"https:\/\/wpachem.com\/tr\/wp-json\/wp\/v2\/media?parent=3515"}],"wp:term":[{"taxonomy":"product_brand","embeddable":true,"href":"https:\/\/wpachem.com\/tr\/wp-json\/wp\/v2\/product_brand?post=3515"},{"taxonomy":"product_cat","embeddable":true,"href":"https:\/\/wpachem.com\/tr\/wp-json\/wp\/v2\/product_cat?post=3515"},{"taxonomy":"product_tag","embeddable":true,"href":"https:\/\/wpachem.com\/tr\/wp-json\/wp\/v2\/product_tag?post=3515"}],"curies":[{"name":"wp","href":"https:\/\/api.w.org\/{rel}","templated":true}]}}