{"id":3518,"date":"2023-03-21T08:01:49","date_gmt":"2023-03-21T08:01:49","guid":{"rendered":"http:\/\/site2.easyceotech.com\/?post_type=product&#038;p=3518"},"modified":"2024-03-12T07:46:24","modified_gmt":"2024-03-12T07:46:24","slug":"tert-butylhydroquinone","status":"publish","type":"product","link":"https:\/\/wpachem.com\/tr\/urun\/tert-butylhydroquinone\/","title":{"rendered":"Tert-b\u00fctilhidrokinon"},"content":{"rendered":"<p>TBHQ Esas olarak polivinil klor\u00fcr i\u00e7in inhibit\u00f6r olarak kullan\u0131l\u0131r. G\u0131da end\u00fcstrisinde bitkisel ya\u011f ve kat\u0131 ya\u011f, kavrulmu\u015f g\u0131da, k\u0131zarm\u0131\u015f g\u0131da ve et \u00fcr\u00fcnleri i\u00e7in antioksidasyon olarak kullan\u0131l\u0131r. Ayr\u0131ca b\u00f6cek ilac\u0131 i\u00e7in stabilizat\u00f6r ve boya ve ila\u00e7 i\u00e7in ara madde olarak kullan\u0131l\u0131r.<\/p>\n<p>Tersiyer B\u00fctil Hidrokinon (TBHQ), \u00e7e\u015fitli bitkisel ya\u011flar\u0131, kat\u0131 ya\u011flar\u0131 ve g\u0131dalar\u0131 oksidatif bozulmaya kar\u015f\u0131 stabilize etmek, b\u00f6ylece bu \u00fcr\u00fcnlerde bozulma geli\u015fimini geciktirmek ve depolama \u00f6m\u00fcrlerini uzatmak i\u00e7in kullan\u0131lan sentetik g\u0131da s\u0131n\u0131f\u0131 antioksidand\u0131r.<\/p>\n<p>TBHQ, doymam\u0131\u015f bitkisel ya\u011flar ve bir\u00e7ok yenilebilir hayvansal ya\u011f i\u00e7in olduk\u00e7a etkili bir koruyucudur. Demir varl\u0131\u011f\u0131nda bile renk bozulmas\u0131na neden olmaz ve eklendi\u011fi malzemenin lezzetini veya kokusunu de\u011fi\u015ftirmez. Butillenmi\u015f hidroksianisole (BHA) gibi di\u011fer koruyucularla birle\u015ftirilebilir. G\u0131da katk\u0131 maddesi olarak, koruyucu olarak kullan\u0131ld\u0131\u011f\u0131 E numaras\u0131 E319&#039;dur. \u00c7ok \u00e7e\u015fitli g\u0131dalara eklenir, dondurulmu\u015f bal\u0131k ve bal\u0131k \u00fcr\u00fcnleri i\u00e7in izin verilen en y\u00fcksek s\u0131n\u0131r (1000 mg\/kg) vard\u0131r. Birincil avantaj\u0131 depolama \u00f6mr\u00fcn\u00fc uzatmas\u0131d\u0131r.<\/p>","protected":false},"excerpt":{"rendered":"<p>\u00dcr\u00fcn Ad\u0131:tert-Butilhidrokinon<br \/>\nCAS No:1948-33-0<br \/>\nMF:C10H14O2<br \/>\nG\u00f6r\u00fcn\u00fcm: beyaz g\u00fc\u00e7<\/p>","protected":false},"featured_media":2180,"template":"","meta":{"_acf_changed":false,"_gspb_post_css":""},"product_brand":[],"product_cat":[55],"product_tag":[],"class_list":{"0":"post-3518","1":"product","2":"type-product","3":"status-publish","4":"has-post-thumbnail","6":"product_cat-food-additives","8":"first","9":"instock","10":"shipping-taxable","11":"product-type-simple"},"acf":[],"_links":{"self":[{"href":"https:\/\/wpachem.com\/tr\/wp-json\/wp\/v2\/product\/3518","targetHints":{"allow":["GET"]}}],"collection":[{"href":"https:\/\/wpachem.com\/tr\/wp-json\/wp\/v2\/product"}],"about":[{"href":"https:\/\/wpachem.com\/tr\/wp-json\/wp\/v2\/types\/product"}],"version-history":[{"count":0,"href":"https:\/\/wpachem.com\/tr\/wp-json\/wp\/v2\/product\/3518\/revisions"}],"wp:featuredmedia":[{"embeddable":true,"href":"https:\/\/wpachem.com\/tr\/wp-json\/wp\/v2\/media\/2180"}],"wp:attachment":[{"href":"https:\/\/wpachem.com\/tr\/wp-json\/wp\/v2\/media?parent=3518"}],"wp:term":[{"taxonomy":"product_brand","embeddable":true,"href":"https:\/\/wpachem.com\/tr\/wp-json\/wp\/v2\/product_brand?post=3518"},{"taxonomy":"product_cat","embeddable":true,"href":"https:\/\/wpachem.com\/tr\/wp-json\/wp\/v2\/product_cat?post=3518"},{"taxonomy":"product_tag","embeddable":true,"href":"https:\/\/wpachem.com\/tr\/wp-json\/wp\/v2\/product_tag?post=3518"}],"curies":[{"name":"wp","href":"https:\/\/api.w.org\/{rel}","templated":true}]}}