{"id":3524,"date":"2023-03-22T03:01:29","date_gmt":"2023-03-22T03:01:29","guid":{"rendered":"http:\/\/site2.easyceotech.com\/?post_type=product&#038;p=3524"},"modified":"2024-03-12T07:46:20","modified_gmt":"2024-03-12T07:46:20","slug":"vitamin-a","status":"publish","type":"product","link":"https:\/\/wpachem.com\/tr\/urun\/vitamin-a\/","title":{"rendered":"A vitamini"},"content":{"rendered":"<p>A vitamini, hayvansal g\u0131dalarda serbest aldehitler veya esterler formunda bulunan ve ya\u011f, protein, s\u00fct ve karaci\u011ferde bol miktarda bulunan ya\u011fda \u00e7\u00f6z\u00fcnen bir vitamindir. A vitamini bitkilerde bulunmaz, ancak A vitamininin \u00f6nc\u00fcs\u00fc (provitaChemicalbookminA), hayvanlar taraf\u0131ndan emildi\u011finde A vitaminine d\u00f6n\u00fc\u015ft\u00fcr\u00fclebilen havu\u00e7 ve domates gibi sebzelerde bulunur. A vitamini b\u00fcy\u00fcme, geli\u015fme, \u00fcreme ve h\u00fccre zarlar\u0131n\u0131n stabilitesi i\u00e7in gereklidir ve g\u00f6rmede \u00f6nemli bir rol oynar.<\/p>","protected":false},"excerpt":{"rendered":"<p>\u00dcr\u00fcn Ad\u0131:A Vitamini<br \/>\nCAS Numaras\u0131: 68-26-8<br \/>\nMF:C20H30O<br \/>\nG\u00f6r\u00fcn\u00fcm:sar\u0131 g\u00fc\u00e7<\/p>","protected":false},"featured_media":2096,"template":"","meta":{"_acf_changed":false,"_gspb_post_css":""},"product_brand":[],"product_cat":[24],"product_tag":[],"class_list":{"0":"post-3524","1":"product","2":"type-product","3":"status-publish","4":"has-post-thumbnail","6":"product_cat-uncategorized","8":"first","9":"instock","10":"shipping-taxable","11":"product-type-simple"},"acf":[],"_links":{"self":[{"href":"https:\/\/wpachem.com\/tr\/wp-json\/wp\/v2\/product\/3524","targetHints":{"allow":["GET"]}}],"collection":[{"href":"https:\/\/wpachem.com\/tr\/wp-json\/wp\/v2\/product"}],"about":[{"href":"https:\/\/wpachem.com\/tr\/wp-json\/wp\/v2\/types\/product"}],"version-history":[{"count":0,"href":"https:\/\/wpachem.com\/tr\/wp-json\/wp\/v2\/product\/3524\/revisions"}],"wp:featuredmedia":[{"embeddable":true,"href":"https:\/\/wpachem.com\/tr\/wp-json\/wp\/v2\/media\/2096"}],"wp:attachment":[{"href":"https:\/\/wpachem.com\/tr\/wp-json\/wp\/v2\/media?parent=3524"}],"wp:term":[{"taxonomy":"product_brand","embeddable":true,"href":"https:\/\/wpachem.com\/tr\/wp-json\/wp\/v2\/product_brand?post=3524"},{"taxonomy":"product_cat","embeddable":true,"href":"https:\/\/wpachem.com\/tr\/wp-json\/wp\/v2\/product_cat?post=3524"},{"taxonomy":"product_tag","embeddable":true,"href":"https:\/\/wpachem.com\/tr\/wp-json\/wp\/v2\/product_tag?post=3524"}],"curies":[{"name":"wp","href":"https:\/\/api.w.org\/{rel}","templated":true}]}}