{"id":3527,"date":"2023-03-22T03:17:45","date_gmt":"2023-03-22T03:17:45","guid":{"rendered":"http:\/\/site2.easyceotech.com\/?post_type=product&#038;p=3527"},"modified":"2024-03-12T07:46:18","modified_gmt":"2024-03-12T07:46:18","slug":"vitamin-d3","status":"publish","type":"product","link":"https:\/\/wpachem.com\/tr\/urun\/vitamin-d3\/","title":{"rendered":"D3 vitamini"},"content":{"rendered":"<p><span class=\"magic-10\">D3 vitamini, kolekalsiferol olarak da bilinir, bir D vitamini t\u00fcr\u00fcd\u00fcr. Kolesterol dehidrojenasyonundan sonra olu\u015fan 7-dehidrokolesterol, kolekalsiferol olu\u015fturmak i\u00e7in ultraviyole \u0131\u015f\u0131kla \u0131\u015f\u0131nlanabilir, bu da kolekalsiferol\u00fcn orijinal D vitamininin 7-Dehidrokolesterol oldu\u011fu anlam\u0131na gelir<\/span><\/p>\n<p>&nbsp;<\/p>\n<div><b class=\"magic-19\" data-spm-anchor-id=\"a2700.details.0.i26.46524ebf9hkhNH\">\u0130\u015flev :<\/b><\/div>\n<div>1. D3 vitamini ya\u011fda \u00e7\u00f6z\u00fcn\u00fcr. 2. D3 vitamini eksikli\u011finin ciddi etkilere neden olabilece\u011fi vitaminlerden biridir. Beslenmelerinde yeterli D3 vitamini almayan \u00e7ocuklarda kemik ve di\u015flerde malformasyona neden olan ra\u015fitizm hastal\u0131\u011f\u0131 geli\u015fme riski daha y\u00fcksektir. D3 vitamini seviyesi d\u00fc\u015f\u00fck yeti\u015fkinlerde osteomalazi (ra\u015fitizme benzer) geli\u015fme ve kemikleri zay\u0131flatan bir hastal\u0131k olan osteoporoz g\u00f6r\u00fclme olas\u0131l\u0131\u011f\u0131 daha y\u00fcksektir. 3. D3 vitamini ayr\u0131ca sinir sistemini d\u00fczenleyerek uykusuzlu\u011fun tedavisine yard\u0131mc\u0131 olur. Yatmadan \u00f6nce bir bardak \u0131l\u0131k s\u00fct ger\u00e7ekten de derin bir uyku \u00e7ekmenize yard\u0131mc\u0131 olabilir!<\/div>\n<p>&nbsp;<\/p>","protected":false},"excerpt":{"rendered":"<p>\u00dcr\u00fcn Ad\u0131:D3 Vitamini<br \/>\nCAS Numaras\u0131:67-97-0<br \/>\nMF:C27H44O<br \/>\nG\u00f6r\u00fcn\u00fcm: beyaz g\u00fc\u00e7<\/p>","protected":false},"featured_media":2217,"template":"","meta":{"_acf_changed":false,"_gspb_post_css":""},"product_brand":[],"product_cat":[55],"product_tag":[],"class_list":{"0":"post-3527","1":"product","2":"type-product","3":"status-publish","4":"has-post-thumbnail","6":"product_cat-food-additives","8":"first","9":"instock","10":"shipping-taxable","11":"product-type-simple"},"acf":[],"_links":{"self":[{"href":"https:\/\/wpachem.com\/tr\/wp-json\/wp\/v2\/product\/3527","targetHints":{"allow":["GET"]}}],"collection":[{"href":"https:\/\/wpachem.com\/tr\/wp-json\/wp\/v2\/product"}],"about":[{"href":"https:\/\/wpachem.com\/tr\/wp-json\/wp\/v2\/types\/product"}],"version-history":[{"count":0,"href":"https:\/\/wpachem.com\/tr\/wp-json\/wp\/v2\/product\/3527\/revisions"}],"wp:featuredmedia":[{"embeddable":true,"href":"https:\/\/wpachem.com\/tr\/wp-json\/wp\/v2\/media\/2217"}],"wp:attachment":[{"href":"https:\/\/wpachem.com\/tr\/wp-json\/wp\/v2\/media?parent=3527"}],"wp:term":[{"taxonomy":"product_brand","embeddable":true,"href":"https:\/\/wpachem.com\/tr\/wp-json\/wp\/v2\/product_brand?post=3527"},{"taxonomy":"product_cat","embeddable":true,"href":"https:\/\/wpachem.com\/tr\/wp-json\/wp\/v2\/product_cat?post=3527"},{"taxonomy":"product_tag","embeddable":true,"href":"https:\/\/wpachem.com\/tr\/wp-json\/wp\/v2\/product_tag?post=3527"}],"curies":[{"name":"wp","href":"https:\/\/api.w.org\/{rel}","templated":true}]}}