{"id":3530,"date":"2023-03-22T03:22:45","date_gmt":"2023-03-22T03:22:45","guid":{"rendered":"http:\/\/site2.easyceotech.com\/?post_type=product&#038;p=3530"},"modified":"2024-03-12T07:46:12","modified_gmt":"2024-03-12T07:46:12","slug":"vitamin-e","status":"publish","type":"product","link":"https:\/\/wpachem.com\/tr\/urun\/vitamin-e\/","title":{"rendered":"E vitamini"},"content":{"rendered":"<p><span class=\"magic-6\"><b>Yem s\u0131n\u0131f\u0131 E vitamininin etkisi \u00f6zellikle \u015fu \u015fekilde g\u00f6sterilmektedir:<br \/>\n<\/b><\/span>1. H\u00fccrenin neden oldu\u011fu lipidlerin peroksidasyonunu ve bir dizi hasar ve kayb\u0131 \u00f6nlemek i\u00e7in biyolojik antioksidan etkisi<br \/>\nzar;<br \/>\n2. E vitamini v\u00fccudun ba\u011f\u0131\u015f\u0131kl\u0131\u011f\u0131n\u0131 ve hastal\u0131klara kar\u015f\u0131 direncini art\u0131rabilir;<br \/>\n3. E vitamini, h\u00fccresel DNA sentezinin d\u00fczenlenmesinde rol oynayan sitokrom red\u00fcktaz\u0131n bir kofakt\u00f6r\u00fcd\u00fcr;<br \/>\n4. Kadmiyum, c\u0131va, arsenik ve g\u00fcm\u00fc\u015f gibi a\u011f\u0131r metallerin toksisitesini azaltabilir;<br \/>\n5. E vitamini ayr\u0131ca fosforilasyon reaksiyonunda, C vitamini ve pantotenik asit sentezinde, k\u00fck\u00fcrt i\u00e7eren aminoasitlerin ve B12 vitamininin metabolizmas\u0131nda da rol oynar.<br \/>\n<b><span class=\"magic-6\">Kullan\u0131m ve dozaj: Kar\u0131\u015f\u0131m malzemesi:<br \/>\n<\/span><\/b> Tavuk etine 1000 kg yeme 50%VE10-20 gr ilave edildi.<br \/>\nDomuzlara 1000 kg yeme 50%VE6- -10 gr takviyesi yap\u0131ld\u0131.<\/p>","protected":false},"excerpt":{"rendered":"<p>\u00dcr\u00fcn Ad\u0131: E Vitamini<br \/>\nCAS No:2074-53-5<br \/>\nMF:C29H50O2<br \/>\nG\u00f6r\u00fcn\u00fcm: beyaz g\u00fc\u00e7<\/p>","protected":false},"featured_media":2169,"template":"","meta":{"_acf_changed":false,"_gspb_post_css":""},"product_brand":[],"product_cat":[55],"product_tag":[],"class_list":{"0":"post-3530","1":"product","2":"type-product","3":"status-publish","4":"has-post-thumbnail","6":"product_cat-food-additives","8":"first","9":"instock","10":"shipping-taxable","11":"product-type-simple"},"acf":[],"_links":{"self":[{"href":"https:\/\/wpachem.com\/tr\/wp-json\/wp\/v2\/product\/3530","targetHints":{"allow":["GET"]}}],"collection":[{"href":"https:\/\/wpachem.com\/tr\/wp-json\/wp\/v2\/product"}],"about":[{"href":"https:\/\/wpachem.com\/tr\/wp-json\/wp\/v2\/types\/product"}],"version-history":[{"count":0,"href":"https:\/\/wpachem.com\/tr\/wp-json\/wp\/v2\/product\/3530\/revisions"}],"wp:featuredmedia":[{"embeddable":true,"href":"https:\/\/wpachem.com\/tr\/wp-json\/wp\/v2\/media\/2169"}],"wp:attachment":[{"href":"https:\/\/wpachem.com\/tr\/wp-json\/wp\/v2\/media?parent=3530"}],"wp:term":[{"taxonomy":"product_brand","embeddable":true,"href":"https:\/\/wpachem.com\/tr\/wp-json\/wp\/v2\/product_brand?post=3530"},{"taxonomy":"product_cat","embeddable":true,"href":"https:\/\/wpachem.com\/tr\/wp-json\/wp\/v2\/product_cat?post=3530"},{"taxonomy":"product_tag","embeddable":true,"href":"https:\/\/wpachem.com\/tr\/wp-json\/wp\/v2\/product_tag?post=3530"}],"curies":[{"name":"wp","href":"https:\/\/api.w.org\/{rel}","templated":true}]}}