{"id":3539,"date":"2023-03-22T03:38:45","date_gmt":"2023-03-22T03:38:45","guid":{"rendered":"http:\/\/site2.easyceotech.com\/?post_type=product&#038;p=3539"},"modified":"2024-03-12T07:45:57","modified_gmt":"2024-03-12T07:45:57","slug":"riboflavin","status":"publish","type":"product","link":"https:\/\/wpachem.com\/tr\/urun\/riboflavin\/","title":{"rendered":"Riboflavin"},"content":{"rendered":"<div class=\"J_module\">\n<div class=\"detail-decorate-json-renderer-container\">\n<div class=\"magic-3\">\n<div class=\"magic-4\">\n<div class=\"magic-5\">\n<div class=\"magic-6\"><span class=\"magic-7\"><b data-spm-anchor-id=\"a2700.details.0.i14.37197bd2FFUvDS\">Ba\u015fvuru:<\/b><\/span><\/div>\n<\/div>\n<\/div>\n<\/div>\n<\/div>\n<\/div>\n<div class=\"J_module\">\n<div class=\"detail-decorate-json-renderer-container\">\n<div class=\"magic-3\">\n<div class=\"magic-4\">\n<div class=\"magic-5\">\n<div class=\"magic-6\">B2 vitamini, riboflavin olarak da bilinir, v\u00fccudun kendisi taraf\u0131ndan sentezlenemeyen ve g\u0131da ile sa\u011flanmas\u0131 gereken suda \u00e7\u00f6z\u00fcnen bir vitamindir. \u0130nsan v\u00fccudunun normal fizyolojik i\u015flevlerini ve metabolizmas\u0131n\u0131 s\u00fcrd\u00fcrmek i\u00e7in gereklidir. B2 vitamini, h\u00fccrelerin normal b\u00fcy\u00fcmesinde rol oynar, yara iyile\u015fmesini destekler, t\u0131rnaklar\u0131 ve sa\u00e7lar\u0131 g\u00fc\u00e7lendirir ve koenzimin \u00f6nemli bir bile\u015fenidir. Karbonhidratlar, protein ve ya\u011f\u0131n \u00fc\u00e7 ana besininin sentezi ve metabolizmas\u0131nda, ayr\u0131ca k\u0131rm\u0131z\u0131 kan h\u00fccrelerinin bile\u015fiminde ve demirin ta\u015f\u0131nmas\u0131nda rol oynar, bu da demir eksikli\u011fi anemisini \u00f6nlemeye yard\u0131mc\u0131 olur ve ayr\u0131ca belirli bir antihipertansif etkiye sahiptir<\/div>\n<\/div>\n<\/div>\n<\/div>\n<\/div>\n<\/div>\n<p>&nbsp;<\/p>","protected":false},"excerpt":{"rendered":"<p>\u00dcr\u00fcn Ad\u0131:<a class=\"blue\">Riboflavin<\/a><br \/>\nCAS Numaras\u0131:83-88-5<br \/>\nMF:C17H20N4O6<br \/>\nG\u00f6r\u00fcn\u00fcm:Turuncu Sar\u0131 toz<\/p>","protected":false},"featured_media":2190,"template":"","meta":{"_acf_changed":false,"_gspb_post_css":""},"product_brand":[],"product_cat":[55],"product_tag":[],"class_list":{"0":"post-3539","1":"product","2":"type-product","3":"status-publish","4":"has-post-thumbnail","6":"product_cat-food-additives","8":"first","9":"instock","10":"shipping-taxable","11":"product-type-simple"},"acf":[],"_links":{"self":[{"href":"https:\/\/wpachem.com\/tr\/wp-json\/wp\/v2\/product\/3539","targetHints":{"allow":["GET"]}}],"collection":[{"href":"https:\/\/wpachem.com\/tr\/wp-json\/wp\/v2\/product"}],"about":[{"href":"https:\/\/wpachem.com\/tr\/wp-json\/wp\/v2\/types\/product"}],"version-history":[{"count":0,"href":"https:\/\/wpachem.com\/tr\/wp-json\/wp\/v2\/product\/3539\/revisions"}],"wp:featuredmedia":[{"embeddable":true,"href":"https:\/\/wpachem.com\/tr\/wp-json\/wp\/v2\/media\/2190"}],"wp:attachment":[{"href":"https:\/\/wpachem.com\/tr\/wp-json\/wp\/v2\/media?parent=3539"}],"wp:term":[{"taxonomy":"product_brand","embeddable":true,"href":"https:\/\/wpachem.com\/tr\/wp-json\/wp\/v2\/product_brand?post=3539"},{"taxonomy":"product_cat","embeddable":true,"href":"https:\/\/wpachem.com\/tr\/wp-json\/wp\/v2\/product_cat?post=3539"},{"taxonomy":"product_tag","embeddable":true,"href":"https:\/\/wpachem.com\/tr\/wp-json\/wp\/v2\/product_tag?post=3539"}],"curies":[{"name":"wp","href":"https:\/\/api.w.org\/{rel}","templated":true}]}}