{"id":3542,"date":"2023-03-22T03:40:50","date_gmt":"2023-03-22T03:40:50","guid":{"rendered":"http:\/\/site2.easyceotech.com\/?post_type=product&#038;p=3542"},"modified":"2024-03-12T07:45:54","modified_gmt":"2024-03-12T07:45:54","slug":"vitamin-b3","status":"publish","type":"product","link":"https:\/\/wpachem.com\/tr\/urun\/vitamin-b3\/","title":{"rendered":"B3 vitamini"},"content":{"rendered":"<p><span data-spm-anchor-id=\"a2700.details.0.i23.232437faN4LoRe\">B3 vitamini <\/span>Nikotinamid tozu oral yoldan kolayca emilir ve v\u00fccutta yayg\u0131n olarak da\u011f\u0131labilir, fazla metabolitler veya prototip idrardan h\u0131zla at\u0131l\u0131r. Nikotinamid, koenzim I ve koenzim II&#039;nin bir par\u00e7as\u0131d\u0131r, biyolojik oksidasyon solunum zincirinde hidrojen iletimi rol\u00fcn\u00fc oynar, biyolojik oksidasyon s\u00fcre\u00e7lerini ve doku metabolizmas\u0131n\u0131 destekleyebilir, normal dokuyu (\u00f6zellikle cilt, sindirim sistemi ve sinir sistemi) korur, b\u00fct\u00fcnl\u00fc\u011f\u00fcn \u00f6nemli bir rol\u00fc vard\u0131r.<\/p>\n<p>&nbsp;<\/p>\n<div class=\"J_module\">\n<div id=\"ali-anchor-AliMagic-h5f3ws\" class=\"magic-0\" data-section=\"AliMagic-h5f3ws\" data-section-title=\"Function &amp; Application\">Fonksiyon ve Uygulama<\/div>\n<\/div>\n<div class=\"J_module\">\n<div class=\"detail-decorate-json-renderer-container\">\n<div class=\"magic-1\">\n<div class=\"magic-2\">\n<div class=\"magic-3\">\n<div class=\"magic-4\">\n<div data-spm-anchor-id=\"a2700.details.0.i24.232437faN4LoRe\">1. Metabolizmay\u0131 h\u0131zland\u0131r\u0131r ve melanin i\u00e7eren keratinositlerin eksfoliasyonunu destekler.<br \/>\n2. \u00dcretilen melanin \u00fczerine etki ederek y\u00fczey h\u00fccrelerine ge\u00e7i\u015fini azalt\u0131r.<br \/>\n3. Epidermis tabakas\u0131n\u0131n protein sentezini te\u015fvik eder ve cilt dokusunu iyile\u015ftirir.<\/div>\n<\/div>\n<\/div>\n<\/div>\n<\/div>\n<\/div>\n<\/div>\n<p>&nbsp;<\/p>","protected":false},"excerpt":{"rendered":"<p>\u00dcr\u00fcn Ad\u0131:Vitamin B3\/Nikotinamid<br \/>\nCAS Numaras\u0131:98-92-0<br \/>\nMF:C6H6N2O<br \/>\nG\u00f6r\u00fcn\u00fcm: beyaz g\u00fc\u00e7<\/p>","protected":false},"featured_media":2169,"template":"","meta":{"_acf_changed":false,"_gspb_post_css":""},"product_brand":[],"product_cat":[55],"product_tag":[],"class_list":{"0":"post-3542","1":"product","2":"type-product","3":"status-publish","4":"has-post-thumbnail","6":"product_cat-food-additives","8":"first","9":"instock","10":"shipping-taxable","11":"product-type-simple"},"acf":[],"_links":{"self":[{"href":"https:\/\/wpachem.com\/tr\/wp-json\/wp\/v2\/product\/3542","targetHints":{"allow":["GET"]}}],"collection":[{"href":"https:\/\/wpachem.com\/tr\/wp-json\/wp\/v2\/product"}],"about":[{"href":"https:\/\/wpachem.com\/tr\/wp-json\/wp\/v2\/types\/product"}],"version-history":[{"count":0,"href":"https:\/\/wpachem.com\/tr\/wp-json\/wp\/v2\/product\/3542\/revisions"}],"wp:featuredmedia":[{"embeddable":true,"href":"https:\/\/wpachem.com\/tr\/wp-json\/wp\/v2\/media\/2169"}],"wp:attachment":[{"href":"https:\/\/wpachem.com\/tr\/wp-json\/wp\/v2\/media?parent=3542"}],"wp:term":[{"taxonomy":"product_brand","embeddable":true,"href":"https:\/\/wpachem.com\/tr\/wp-json\/wp\/v2\/product_brand?post=3542"},{"taxonomy":"product_cat","embeddable":true,"href":"https:\/\/wpachem.com\/tr\/wp-json\/wp\/v2\/product_cat?post=3542"},{"taxonomy":"product_tag","embeddable":true,"href":"https:\/\/wpachem.com\/tr\/wp-json\/wp\/v2\/product_tag?post=3542"}],"curies":[{"name":"wp","href":"https:\/\/api.w.org\/{rel}","templated":true}]}}