{"id":3545,"date":"2023-03-22T03:45:15","date_gmt":"2023-03-22T03:45:15","guid":{"rendered":"http:\/\/site2.easyceotech.com\/?post_type=product&#038;p=3545"},"modified":"2024-03-12T07:45:49","modified_gmt":"2024-03-12T07:45:49","slug":"vitamin-b5","status":"publish","type":"product","link":"https:\/\/wpachem.com\/tr\/urun\/vitamin-b5\/","title":{"rendered":"B5 vitamini"},"content":{"rendered":"<p><strong>Vitamin B5 Toz Kalsiyum Pantotenat Pantotenik Asit Vb5 Toz CAS 137-08-6\u00a0\u00a0<\/strong><\/p>\n<table border=\"1\">\n<tbody>\n<tr>\n<td>\u00dcr\u00fcn Ad\u0131<\/td>\n<td>Vitamin B5 Kalsiyum Pantotenat<\/td>\n<\/tr>\n<tr>\n<td>CAS Numaras\u0131<\/td>\n<td>137-08-6<\/td>\n<\/tr>\n<tr>\n<td>D\u0131\u015f g\u00f6r\u00fcn\u00fc\u015f<\/td>\n<td>Beyaz \u0130nce Toz<\/td>\n<\/tr>\n<tr>\n<td>Di\u011fer \u0130sim<\/td>\n<td>Vitamin B5 Pantotenik Asit, D-Kalsiyum pantotenat<\/td>\n<\/tr>\n<tr>\n<td>\u00d6zellik\/Safl\u0131k<\/td>\n<td>99%<\/td>\n<\/tr>\n<tr>\n<td>Ba\u015fvuru<\/td>\n<td>Sa\u011fl\u0131k, G\u0131da Katk\u0131 Maddeleri, Kozmetikler, Yem Katk\u0131 Maddeleri<\/td>\n<\/tr>\n<tr>\n<td>Depolamak<\/td>\n<td>Serin ve kuru yerde saklay\u0131n\u0131z, g\u00fc\u00e7l\u00fc \u0131\u015f\u0131k\/\u0131s\u0131dan uzak tutunuz.<\/td>\n<\/tr>\n<tr>\n<td>Raf \u00f6mr\u00fc<\/td>\n<td>2 y\u0131l<\/td>\n<\/tr>\n<\/tbody>\n<\/table>\n<p><strong>B5 Vitamini Kalsiyum Pantotenat Nedir?<\/strong><\/p>\n<p>Vitamin B5 Kalsiyum Pantotenat, Vitamin B5&#039;in kalsiyum tuzudur. Pantotenat, Vitamin B2 kompleksini olu\u015fturan CoA&#039;n\u0131n (Koenzim A) bir bile\u015fenidir. D-pantotenik asit, bu bile\u015fenin ba\u015fka bir ad\u0131d\u0131r. Basit\u00e7e s\u00f6ylemek gerekirse, D-pantotenik asit, Vitamin B5&#039;in sentezlenmi\u015f (ancak g\u00fcvenli) bir versiyonudur.<\/p>\n<p><strong>Kimyasal ad\u0131:<\/strong><\/p>\n<p>kalsiyum;3-[[(2R)-2,4-dihidroksi-3,3-dimetilb\u00fctanoil]amino]propanoat<\/p>\n<p>Molek\u00fcler form\u00fcl: C18H32CaN2O10 Molek\u00fcler a\u011f\u0131rl\u0131k: 476.5<\/p>\n<p>&nbsp;<\/p>\n<p><strong>B5 Vitamini Kalsiyum Pantotenat Nerelerde Kullan\u0131l\u0131r?<\/strong><\/p>\n<p data-spm-anchor-id=\"a2700.details.0.i25.13e7c97bD8Csk4\">Yem katk\u0131 maddesi, g\u0131da katk\u0131 maddesi, toplu ila\u00e7, kimyasal ve kozmetik hammaddesi olarak kullan\u0131labilir.<\/p>\n<p>&nbsp;<\/p>","protected":false},"excerpt":{"rendered":"<p>\u00dcr\u00fcn Ad\u0131:B5 Vitamini<br \/>\nCAS Numaras\u0131: 137-08-6<br \/>\nMF:C9H17NO5.1\/2Ca<br \/>\nG\u00f6r\u00fcn\u00fcm: beyaz g\u00fc\u00e7<\/p>","protected":false},"featured_media":2159,"template":"","meta":{"_acf_changed":false,"_gspb_post_css":""},"product_brand":[],"product_cat":[55],"product_tag":[],"class_list":{"0":"post-3545","1":"product","2":"type-product","3":"status-publish","4":"has-post-thumbnail","6":"product_cat-food-additives","8":"first","9":"instock","10":"shipping-taxable","11":"product-type-simple"},"acf":[],"_links":{"self":[{"href":"https:\/\/wpachem.com\/tr\/wp-json\/wp\/v2\/product\/3545","targetHints":{"allow":["GET"]}}],"collection":[{"href":"https:\/\/wpachem.com\/tr\/wp-json\/wp\/v2\/product"}],"about":[{"href":"https:\/\/wpachem.com\/tr\/wp-json\/wp\/v2\/types\/product"}],"version-history":[{"count":0,"href":"https:\/\/wpachem.com\/tr\/wp-json\/wp\/v2\/product\/3545\/revisions"}],"wp:featuredmedia":[{"embeddable":true,"href":"https:\/\/wpachem.com\/tr\/wp-json\/wp\/v2\/media\/2159"}],"wp:attachment":[{"href":"https:\/\/wpachem.com\/tr\/wp-json\/wp\/v2\/media?parent=3545"}],"wp:term":[{"taxonomy":"product_brand","embeddable":true,"href":"https:\/\/wpachem.com\/tr\/wp-json\/wp\/v2\/product_brand?post=3545"},{"taxonomy":"product_cat","embeddable":true,"href":"https:\/\/wpachem.com\/tr\/wp-json\/wp\/v2\/product_cat?post=3545"},{"taxonomy":"product_tag","embeddable":true,"href":"https:\/\/wpachem.com\/tr\/wp-json\/wp\/v2\/product_tag?post=3545"}],"curies":[{"name":"wp","href":"https:\/\/api.w.org\/{rel}","templated":true}]}}