{"id":3551,"date":"2023-03-22T05:19:01","date_gmt":"2023-03-22T05:19:01","guid":{"rendered":"http:\/\/site2.easyceotech.com\/?post_type=product&#038;p=3551"},"modified":"2024-03-12T07:41:24","modified_gmt":"2024-03-12T07:41:24","slug":"folic-acid","status":"publish","type":"product","link":"https:\/\/wpachem.com\/tr\/urun\/folic-acid\/","title":{"rendered":"Folik asit"},"content":{"rendered":"<p><strong><span data-spm-anchor-id=\"a2700.details.0.i24.18b96646o4LjtW\">Fabrika Tedarik Folik Asit Vitamin B9 Tozu VB9 G\u0131da S\u0131n\u0131f\u0131 99% Folat CAS 59-30-3<\/span><\/strong><\/p>\n<table border=\"1\">\n<tbody>\n<tr>\n<td>\u00dcr\u00fcn Ad\u0131<\/td>\n<td>Folik Asit B9 Vitamini<\/td>\n<\/tr>\n<tr>\n<td>CAS Numaras\u0131<\/td>\n<td>59-30-3<\/td>\n<\/tr>\n<tr>\n<td>D\u0131\u015f g\u00f6r\u00fcn\u00fc\u015f<\/td>\n<td>Sar\u0131 Kristal Tozu<\/td>\n<\/tr>\n<tr>\n<td>Di\u011fer \u0130sim<\/td>\n<td>VB9 Vitamin B9, Folik Asit Vitamin B9, Folat<\/td>\n<\/tr>\n<tr>\n<td>\u00d6zellik\/Safl\u0131k<\/td>\n<td>99%<\/td>\n<\/tr>\n<tr>\n<td>Ba\u015fvuru<\/td>\n<td>Sa\u011fl\u0131k, T\u0131p, G\u0131da Katk\u0131 Maddeleri<\/td>\n<\/tr>\n<tr>\n<td>Depolamak<\/td>\n<td>Serin ve kuru yerde saklay\u0131n\u0131z, g\u00fc\u00e7l\u00fc \u0131\u015f\u0131k\/\u0131s\u0131dan uzak tutunuz.<\/td>\n<\/tr>\n<tr>\n<td>Raf \u00f6mr\u00fc<\/td>\n<td>2 y\u0131l<\/td>\n<\/tr>\n<\/tbody>\n<\/table>\n<p><strong>Folik Asit B9 Vitamini Nedir?<\/strong><\/p>\n<p>Folik Asit B9 Vitamini, kokusuz ve tats\u0131z sar\u0131 kristal tozdur. Su, etanol, aseton, triklorometan veya dietil eterde \u00e7\u00f6z\u00fcnmez ve bir hidroksit baz veya karbonatta \u00e7\u00f6z\u00fcn\u00fcr.<\/p>\n<p><strong>Kimyasal ad\u0131:<\/strong><\/p>\n<p>N-[4-[(2-amino-4-okso-1,4-dihidro-6-pteridin) metilamino] benzoil]-L- glutamik asit<\/p>\n<p>Molek\u00fcler form\u00fcl: C19H19N7O6 Molek\u00fcler a\u011f\u0131rl\u0131k: 441.40<\/p>\n<p><strong>Yap\u0131sal form\u00fcl:<img decoding=\"async\" src=\"https:\/\/s.alicdn.com\/@sc04\/kf\/H6195858a50ab4c77b3cb4ee760fff1d7F\/239322147\/H6195858a50ab4c77b3cb4ee760fff1d7F.jpg?quality=close\" alt=\"Fabrika Tedarik Folik Asit Vitamin B9 Tozu VB9 G\u0131da S\u0131n\u0131f\u0131 99% Folat CAS 59-30-3\" width=\"400\" height=\"108\" data-src=\"\/\/s.alicdn.com\/@sc04\/kf\/H6195858a50ab4c77b3cb4ee760fff1d7F\/239322147\/H6195858a50ab4c77b3cb4ee760fff1d7F.jpg?quality=close\" data-alt=\"Factory Supply Folic Acid Vitamin B9 Powder VB9 Food Grade 99% Folate CAS 59-30-3\" \/><\/strong><\/p>\n<p>Anahtar kelimeler: Folik Asit B9 Vitamini, B9 Vitamini Tozu, VB9 B9 Vitamini, Folat<\/p>\n<p><strong>Folik Asit B9 Vitamini Nerelerde Kullan\u0131l\u0131r?<\/strong><\/p>\n<p>Yem katk\u0131 maddesi, g\u0131da katk\u0131 maddesi ve toplu ila\u00e7 kimyasal\u0131 olarak kullan\u0131labilir.<\/p>","protected":false},"excerpt":{"rendered":"<p>\u00dcr\u00fcn Ad\u0131:Folik Asit<br \/>\nCAS Numaras\u0131:59-30-3<br \/>\nMF:C19H19N7O6<br \/>\nG\u00f6r\u00fcn\u00fcm:Turuncu-sar\u0131 toz<\/p>","protected":false},"featured_media":2187,"template":"","meta":{"_acf_changed":false,"_gspb_post_css":""},"product_brand":[],"product_cat":[55],"product_tag":[],"class_list":{"0":"post-3551","1":"product","2":"type-product","3":"status-publish","4":"has-post-thumbnail","6":"product_cat-food-additives","8":"first","9":"instock","10":"shipping-taxable","11":"product-type-simple"},"acf":[],"_links":{"self":[{"href":"https:\/\/wpachem.com\/tr\/wp-json\/wp\/v2\/product\/3551","targetHints":{"allow":["GET"]}}],"collection":[{"href":"https:\/\/wpachem.com\/tr\/wp-json\/wp\/v2\/product"}],"about":[{"href":"https:\/\/wpachem.com\/tr\/wp-json\/wp\/v2\/types\/product"}],"version-history":[{"count":0,"href":"https:\/\/wpachem.com\/tr\/wp-json\/wp\/v2\/product\/3551\/revisions"}],"wp:featuredmedia":[{"embeddable":true,"href":"https:\/\/wpachem.com\/tr\/wp-json\/wp\/v2\/media\/2187"}],"wp:attachment":[{"href":"https:\/\/wpachem.com\/tr\/wp-json\/wp\/v2\/media?parent=3551"}],"wp:term":[{"taxonomy":"product_brand","embeddable":true,"href":"https:\/\/wpachem.com\/tr\/wp-json\/wp\/v2\/product_brand?post=3551"},{"taxonomy":"product_cat","embeddable":true,"href":"https:\/\/wpachem.com\/tr\/wp-json\/wp\/v2\/product_cat?post=3551"},{"taxonomy":"product_tag","embeddable":true,"href":"https:\/\/wpachem.com\/tr\/wp-json\/wp\/v2\/product_tag?post=3551"}],"curies":[{"name":"wp","href":"https:\/\/api.w.org\/{rel}","templated":true}]}}