{"id":3555,"date":"2023-03-22T05:21:33","date_gmt":"2023-03-22T05:21:33","guid":{"rendered":"http:\/\/site2.easyceotech.com\/?post_type=product&#038;p=3555"},"modified":"2024-03-12T07:41:19","modified_gmt":"2024-03-12T07:41:19","slug":"vitamin-b12","status":"publish","type":"product","link":"https:\/\/wpachem.com\/tr\/urun\/vitamin-b12\/","title":{"rendered":"B12 vitamini"},"content":{"rendered":"<p><b><span class=\"magic-11\" data-spm-anchor-id=\"a2700.details.0.i25.23d025afXTy2Gg\">Kobalamin olarak da bilinen B12 vitamini, kobalt 3 i\u00e7eren bir polisiklik bile\u015fiktir. D\u00f6rt indirgenmi\u015f pirol halkas\u0131, metal elementler i\u00e7eren tek vitamin olan bir golum halkas\u0131 (porfirine benzer) olu\u015fturmak i\u00e7in birbirine ba\u011flan\u0131r. B12 vitamini, k\u0131rm\u0131z\u0131 kristal tozdur, kokusuz ve tats\u0131zd\u0131r, su ve etanolde az \u00e7\u00f6z\u00fcn\u00fcr. pH 4,5 ~ 5,0 zay\u0131f asit ko\u015fullar\u0131nda en kararl\u0131d\u0131r. G\u00fc\u00e7l\u00fc asit (pH&lt;2) veya alkali \u00e7\u00f6zeltide ayr\u0131\u015f\u0131r ve \u0131s\u0131t\u0131ld\u0131\u011f\u0131nda bir dereceye kadar yok edilebilir. Y\u00fcksek bitkiler ve hayvanlar, B12 vitaminini sentezleyemez.\u00a0<\/span><\/b><\/p>","protected":false},"excerpt":{"rendered":"<p>\u00dcr\u00fcn Ad\u0131:B12 Vitamini<br \/>\nCAS Numaras\u0131:68-19-9<br \/>\nMF:C63H88CoN14O14P<br \/>\nG\u00f6r\u00fcn\u00fcm:k\u0131rm\u0131z\u0131 ince toz<\/p>","protected":false},"featured_media":2222,"template":"","meta":{"_acf_changed":false,"_gspb_post_css":""},"product_brand":[],"product_cat":[55],"product_tag":[],"class_list":{"0":"post-3555","1":"product","2":"type-product","3":"status-publish","4":"has-post-thumbnail","6":"product_cat-food-additives","8":"first","9":"instock","10":"shipping-taxable","11":"product-type-simple"},"acf":[],"_links":{"self":[{"href":"https:\/\/wpachem.com\/tr\/wp-json\/wp\/v2\/product\/3555","targetHints":{"allow":["GET"]}}],"collection":[{"href":"https:\/\/wpachem.com\/tr\/wp-json\/wp\/v2\/product"}],"about":[{"href":"https:\/\/wpachem.com\/tr\/wp-json\/wp\/v2\/types\/product"}],"version-history":[{"count":0,"href":"https:\/\/wpachem.com\/tr\/wp-json\/wp\/v2\/product\/3555\/revisions"}],"wp:featuredmedia":[{"embeddable":true,"href":"https:\/\/wpachem.com\/tr\/wp-json\/wp\/v2\/media\/2222"}],"wp:attachment":[{"href":"https:\/\/wpachem.com\/tr\/wp-json\/wp\/v2\/media?parent=3555"}],"wp:term":[{"taxonomy":"product_brand","embeddable":true,"href":"https:\/\/wpachem.com\/tr\/wp-json\/wp\/v2\/product_brand?post=3555"},{"taxonomy":"product_cat","embeddable":true,"href":"https:\/\/wpachem.com\/tr\/wp-json\/wp\/v2\/product_cat?post=3555"},{"taxonomy":"product_tag","embeddable":true,"href":"https:\/\/wpachem.com\/tr\/wp-json\/wp\/v2\/product_tag?post=3555"}],"curies":[{"name":"wp","href":"https:\/\/api.w.org\/{rel}","templated":true}]}}